{"id":84,"date":"2025-05-28T21:24:06","date_gmt":"2025-05-28T19:24:06","guid":{"rendered":"https:\/\/www.unioviedo.es\/cijiet.teatrales\/?page_id=84"},"modified":"2025-11-01T20:47:09","modified_gmt":"2025-11-01T19:47:09","slug":"lugar-de-celebracion","status":"publish","type":"page","link":"https:\/\/www.unioviedo.es\/cijiet.teatrales\/index.php\/lugar-de-celebracion\/","title":{"rendered":"Lugar de celebraci\u00f3n"},"content":{"rendered":"\n<p><a href=\"https:\/\/www.unioviedo.es\/cijiet.teatrales\/index.php\/the-conference-venue\/\" data-type=\"page\" data-id=\"82\">EN<\/a>   ES<\/p>\n\n\n\n<p>El congreso se celebrar\u00e1 en la Facultad de Filosof\u00eda y Letras de la Universidad de Oviedo. Haz click <a href=\"https:\/\/maps.app.goo.gl\/WUHtGXVRQfBLMC548\">aqu\u00ed<\/a> para obtener la localizaci\u00f3n exacta y aqu\u00ed para conocer m\u00e1s sobre la <a href=\"https:\/\/www.uniovi.es\/en\/\" data-type=\"link\" data-id=\"https:\/\/www.uniovi.es\/en\/\">Universidad<\/a>.<\/p>\n\n\n\n<div data-wp-interactive=\"core\/file\" class=\"wp-block-file\"><object data-wp-bind--hidden=\"!state.hasPdfPreview\" hidden class=\"wp-block-file__embed\" data=\"https:\/\/www.unioviedo.es\/cijiet.teatrales\/wp-content\/uploads\/2025\/11\/PLANOS_DEPARTAMENTAL-1.pdf\" type=\"application\/pdf\" style=\"width:100%;height:600px\" aria-label=\"Incrustado de PLANOS_DEPARTAMENTAL.\"><\/object><a id=\"wp-block-file--media-6fdc6fff-b364-4c12-9a37-6c464702cf13\" href=\"https:\/\/www.unioviedo.es\/cijiet.teatrales\/wp-content\/uploads\/2025\/11\/PLANOS_DEPARTAMENTAL-1.pdf\">PLANOS_DEPARTAMENTAL<\/a><a href=\"https:\/\/www.unioviedo.es\/cijiet.teatrales\/wp-content\/uploads\/2025\/11\/PLANOS_DEPARTAMENTAL-1.pdf\" class=\"wp-block-file__button wp-element-button\" download aria-describedby=\"wp-block-file--media-6fdc6fff-b364-4c12-9a37-6c464702cf13\">Descarga<\/a><\/div>\n","protected":false},"excerpt":{"rendered":"<p>EN ES El congreso se celebrar\u00e1 en la Facultad de Filosof\u00eda y Letras de la Universidad de Oviedo. Haz click aqu\u00ed para obtener la localizaci\u00f3n exacta y aqu\u00ed para conocer m\u00e1s sobre la Universidad.<\/p>\n","protected":false},"author":1,"featured_media":0,"parent":0,"menu_order":0,"comment_status":"closed","ping_status":"closed","template":"","meta":{"footnotes":""},"class_list":["post-84","page","type-page","status-publish","hentry"],"_links":{"self":[{"href":"https:\/\/www.unioviedo.es\/cijiet.teatrales\/index.php\/wp-json\/wp\/v2\/pages\/84","targetHints":{"allow":["GET"]}}],"collection":[{"href":"https:\/\/www.unioviedo.es\/cijiet.teatrales\/index.php\/wp-json\/wp\/v2\/pages"}],"about":[{"href":"https:\/\/www.unioviedo.es\/cijiet.teatrales\/index.php\/wp-json\/wp\/v2\/types\/page"}],"author":[{"embeddable":true,"href":"https:\/\/www.unioviedo.es\/cijiet.teatrales\/index.php\/wp-json\/wp\/v2\/users\/1"}],"replies":[{"embeddable":true,"href":"https:\/\/www.unioviedo.es\/cijiet.teatrales\/index.php\/wp-json\/wp\/v2\/comments?post=84"}],"version-history":[{"count":3,"href":"https:\/\/www.unioviedo.es\/cijiet.teatrales\/index.php\/wp-json\/wp\/v2\/pages\/84\/revisions"}],"predecessor-version":[{"id":352,"href":"https:\/\/www.unioviedo.es\/cijiet.teatrales\/index.php\/wp-json\/wp\/v2\/pages\/84\/revisions\/352"}],"wp:attachment":[{"href":"https:\/\/www.unioviedo.es\/cijiet.teatrales\/index.php\/wp-json\/wp\/v2\/media?parent=84"}],"curies":[{"name":"wp","href":"https:\/\/api.w.org\/{rel}","templated":true}]}}