{"id":114,"date":"2019-03-03T12:25:45","date_gmt":"2019-03-03T11:25:45","guid":{"rendered":"https:\/\/www.unioviedo.es\/clubdebate\/?page_id=114"},"modified":"2025-11-12T09:14:02","modified_gmt":"2025-11-12T08:14:02","slug":"actividades-internas","status":"publish","type":"page","link":"https:\/\/www.unioviedo.es\/clubdebate\/index.php\/actividades-internas\/","title":{"rendered":"Actividades internas"},"content":{"rendered":"\n<p>Continuamos esta semana con las actividades usuales con una formaci\u00f3n de <strong>Principios<\/strong> con su debate posterior.<\/p>\n\n\n\n<p>Dos turnos<\/p>\n\n\n\n<ul class=\"wp-block-list\">\n<li>El <strong>viernes 14<\/strong> de 16:30 a 20:00 y tendr\u00e1 lugar en la Facultad de Formaci\u00f3n del Profesorado y Educaci\u00f3n, edificio norte, aula N-23 ( C. Aniceto Sela, 1, 33005 Oviedo, Asturias)<\/li>\n\n\n\n<li>El <strong>s\u00e1bado 15<\/strong> de 16:30 a 20:00 en el Consejo de la Juventud del Principado de Asturias (CMPA)  (Patio interior, C. Fuertes Acevedo, 10, 33006 Oviedo, Asturias)<\/li>\n<\/ul>\n\n\n\n<p><\/p>\n\n\n\n<p>\u00a1Os\u00a0esperamos!<\/p>\n\n\n\n<p><\/p>\n\n\n\n<p><\/p>\n","protected":false},"excerpt":{"rendered":"<p>Continuamos esta semana con las actividades usuales con una formaci\u00f3n de Principios con su debate posterior. Dos turnos \u00a1Os\u00a0esperamos!<\/p>\n","protected":false},"author":1,"featured_media":0,"parent":0,"menu_order":0,"comment_status":"closed","ping_status":"closed","template":"","meta":{"footnotes":""},"class_list":["post-114","page","type-page","status-publish","hentry"],"_links":{"self":[{"href":"https:\/\/www.unioviedo.es\/clubdebate\/index.php\/wp-json\/wp\/v2\/pages\/114","targetHints":{"allow":["GET"]}}],"collection":[{"href":"https:\/\/www.unioviedo.es\/clubdebate\/index.php\/wp-json\/wp\/v2\/pages"}],"about":[{"href":"https:\/\/www.unioviedo.es\/clubdebate\/index.php\/wp-json\/wp\/v2\/types\/page"}],"author":[{"embeddable":true,"href":"https:\/\/www.unioviedo.es\/clubdebate\/index.php\/wp-json\/wp\/v2\/users\/1"}],"replies":[{"embeddable":true,"href":"https:\/\/www.unioviedo.es\/clubdebate\/index.php\/wp-json\/wp\/v2\/comments?post=114"}],"version-history":[{"count":4,"href":"https:\/\/www.unioviedo.es\/clubdebate\/index.php\/wp-json\/wp\/v2\/pages\/114\/revisions"}],"predecessor-version":[{"id":193,"href":"https:\/\/www.unioviedo.es\/clubdebate\/index.php\/wp-json\/wp\/v2\/pages\/114\/revisions\/193"}],"wp:attachment":[{"href":"https:\/\/www.unioviedo.es\/clubdebate\/index.php\/wp-json\/wp\/v2\/media?parent=114"}],"curies":[{"name":"wp","href":"https:\/\/api.w.org\/{rel}","templated":true}]}}