{"id":128,"date":"2019-03-03T12:46:14","date_gmt":"2019-03-03T11:46:14","guid":{"rendered":"https:\/\/www.unioviedo.es\/clubdebate\/?page_id=128"},"modified":"2019-03-03T12:57:50","modified_gmt":"2019-03-03T11:57:50","slug":"i-torneo-uniovi-cda","status":"publish","type":"page","link":"https:\/\/www.unioviedo.es\/clubdebate\/index.php\/i-torneo-uniovi-cda\/","title":{"rendered":"I Torneo Uniovi-CDA"},"content":{"rendered":"\n<p><strong>Cartel<\/strong><\/p>\n\n\n\n<p><strong>\u00bfQu\u00e9 formato tiene? <\/strong><\/p>\n\n\n\n<p>Tras el \u00e9xito de nuestro torneo <a href=\"https:\/\/www.unioviedo.es\/clubdebate\/index.php\/i-torneo-mini-interno-de-cda\/\">torneo interno<\/a> del semestre pasado hemos decidido realizar un segundo interno, esta vez algo m\u00e1s grande. Aunque la mayor\u00eda de equipos ser\u00e1n locales tambi\u00e9n hemos invitado a asociaciones cercanas, y a la asociaci\u00f3n de nuestro jefe de adjudicaci\u00f3n, para hacerlo un torneo m\u00e1s enriquecedor para todos<\/p>\n\n\n\n<p><strong>\u00bfCu\u00e1ndo ser\u00e1? <\/strong><\/p>\n\n\n\n<p>Desde el viernes 29 de marzo a las 16:00 hasta el domingo 31\nde marzo a las 15:00<\/p>\n\n\n\n<p><strong>\u00bfD\u00f3nde ser\u00e1? <\/strong><\/p>\n\n\n\n<p>En Oviedo, Asturias, en el campus de El Mil\u00e1n<\/p>\n\n\n\n<p><strong>\u00bfHabr\u00e1 rondas que punt\u00faen el viernes? <\/strong><\/p>\n\n\n\n<p>No, pero hemos organizado muchas actividades interesantes.\nAdem\u00e1s de la posibilidad de debatir, ofreceremos un tour por Oviedo para\nconocer un poco m\u00e1s la ciudad. Posteriormente culminaremos la jornada&nbsp; con una fant\u00e1stica cena + barra libre (10\u20ac)<\/p>\n\n\n\n<p><strong>\u00bfCu\u00e1nto costar\u00e1?<\/strong><\/p>\n\n\n\n<p>19\u20ac por debatiente y 9\u20ac por juez<\/p>\n\n\n\n<p><strong>\u00bfQu\u00e9 incluye?<\/strong><\/p>\n\n\n\n<p>-Comida del s\u00e1bado<\/p>\n\n\n\n<p>-Cena del s\u00e1bado<\/p>\n\n\n\n<p>-Premios valorados en m\u00e1s de 100\u20ac<\/p>\n\n\n\n<p>-Todos los materiales necesarios para el torneo<\/p>\n\n\n\n<p>Estos precios y prestaciones han sido posibles gracias a nuestros maravillosos patrocinadores.<\/p>\n\n\n\n<p>Pero adem\u00e1s de todas estas prestaciones, ofrecemos los siguientes <strong>descuentos<\/strong> para los participantes que se desplazan hasta Asturias:<\/p>\n\n\n\n<p>-15% de descuento en <strong>ALSA<\/strong> con el c\u00f3digo TDDCDA19<\/p>\n\n\n\n<p>-Precio de 44\u20ac\/noche por la habitaci\u00f3n doble el <strong>Aparthotel Campus<\/strong>, con cocina en la habitaci\u00f3n y a 100 metros del luz del torneo. Para tener este precio hay que informar de que se participa en el Torneo de Debate Uniovi-CDA en el momento de la reserva.<\/p>\n","protected":false},"excerpt":{"rendered":"<p>Cartel \u00bfQu\u00e9 formato tiene? Tras el \u00e9xito de nuestro torneo torneo interno del semestre pasado hemos decidido realizar un segundo interno, esta vez algo m\u00e1s grande. Aunque la mayor\u00eda de equipos ser\u00e1n locales tambi\u00e9n hemos invitado a asociaciones cercanas, y a la asociaci\u00f3n de nuestro jefe de adjudicaci\u00f3n, para hacerlo un torneo m\u00e1s enriquecedor para &hellip; <\/p>\n<p class=\"link-more\"><a href=\"https:\/\/www.unioviedo.es\/clubdebate\/index.php\/i-torneo-uniovi-cda\/\" class=\"more-link\">Continuar leyendo<span class=\"screen-reader-text\"> \u00abI Torneo Uniovi-CDA\u00bb<\/span><\/a><\/p>\n","protected":false},"author":1,"featured_media":0,"parent":0,"menu_order":0,"comment_status":"closed","ping_status":"closed","template":"","meta":{"footnotes":""},"class_list":["post-128","page","type-page","status-publish","hentry"],"_links":{"self":[{"href":"https:\/\/www.unioviedo.es\/clubdebate\/index.php\/wp-json\/wp\/v2\/pages\/128","targetHints":{"allow":["GET"]}}],"collection":[{"href":"https:\/\/www.unioviedo.es\/clubdebate\/index.php\/wp-json\/wp\/v2\/pages"}],"about":[{"href":"https:\/\/www.unioviedo.es\/clubdebate\/index.php\/wp-json\/wp\/v2\/types\/page"}],"author":[{"embeddable":true,"href":"https:\/\/www.unioviedo.es\/clubdebate\/index.php\/wp-json\/wp\/v2\/users\/1"}],"replies":[{"embeddable":true,"href":"https:\/\/www.unioviedo.es\/clubdebate\/index.php\/wp-json\/wp\/v2\/comments?post=128"}],"version-history":[{"count":4,"href":"https:\/\/www.unioviedo.es\/clubdebate\/index.php\/wp-json\/wp\/v2\/pages\/128\/revisions"}],"predecessor-version":[{"id":140,"href":"https:\/\/www.unioviedo.es\/clubdebate\/index.php\/wp-json\/wp\/v2\/pages\/128\/revisions\/140"}],"wp:attachment":[{"href":"https:\/\/www.unioviedo.es\/clubdebate\/index.php\/wp-json\/wp\/v2\/media?parent=128"}],"curies":[{"name":"wp","href":"https:\/\/api.w.org\/{rel}","templated":true}]}}