{"id":125,"date":"2022-09-06T15:30:12","date_gmt":"2022-09-06T15:30:12","guid":{"rendered":"http:\/\/www.unioviedo.es\/compnum\/?page_id=125"},"modified":"2024-09-18T16:50:34","modified_gmt":"2024-09-18T16:50:34","slug":"inicio-2","status":"publish","type":"page","link":"https:\/\/www.unioviedo.es\/compnum\/","title":{"rendered":"Inicio"},"content":{"rendered":"\t\t<div data-elementor-type=\"wp-page\" data-elementor-id=\"125\" class=\"elementor elementor-125\">\n\t\t\t\t\t\t\t\t\t<section class=\"elementor-section elementor-top-section elementor-element elementor-element-7f538645 elementor-section-boxed elementor-section-height-default elementor-section-height-default\" data-id=\"7f538645\" data-element_type=\"section\">\n\t\t\t\t\t\t<div class=\"elementor-container elementor-column-gap-default\">\n\t\t\t\t\t<div class=\"elementor-column elementor-col-100 elementor-top-column elementor-element elementor-element-3d06b5fa\" data-id=\"3d06b5fa\" data-element_type=\"column\">\n\t\t\t<div class=\"elementor-widget-wrap elementor-element-populated\">\n\t\t\t\t\t\t\t\t<div class=\"elementor-element elementor-element-128f3209 elementor-widget elementor-widget-text-editor\" data-id=\"128f3209\" data-element_type=\"widget\" data-widget_type=\"text-editor.default\">\n\t\t\t\t<div class=\"elementor-widget-container\">\n\t\t\t<style>\/*! elementor - v3.7.4 - 31-08-2022 *\/\n.elementor-widget-text-editor.elementor-drop-cap-view-stacked .elementor-drop-cap{background-color:#818a91;color:#fff}.elementor-widget-text-editor.elementor-drop-cap-view-framed .elementor-drop-cap{color:#818a91;border:3px solid;background-color:transparent}.elementor-widget-text-editor:not(.elementor-drop-cap-view-default) .elementor-drop-cap{margin-top:8px}.elementor-widget-text-editor:not(.elementor-drop-cap-view-default) .elementor-drop-cap-letter{width:1em;height:1em}.elementor-widget-text-editor .elementor-drop-cap{float:left;text-align:center;line-height:1;font-size:50px}.elementor-widget-text-editor .elementor-drop-cap-letter{display:inline-block}<\/style>\t\t\t\t<p><!-- wp:spacer --><\/p>\n<h2 class=\"has-text-align-center\" style=\"font-variant-ligatures: normal; font-variant-caps: normal; font-family: Roboto, sans-serif; font-style: normal; text-align: left;\">Contents<\/h2>\n<p class=\"has-text-align-center\" style=\"font-variant-ligatures: normal; font-variant-caps: normal; font-family: Roboto, sans-serif; font-style: normal; text-align: left;\"><strong><a href=\"https:\/\/www.unioviedo.es\/compnum\/index.php\/unit-1-finite-arithmetic-and-error-analysis\/\">Unit 1.<\/a><\/strong> Finite arithmetic and error analysis<br \/><strong><a href=\"https:\/\/www.unioviedo.es\/compnum\/index.php\/unit-2-zeros-of-nonlinear-equations\/\">Unit 2.<\/a><\/strong> Zeros of nonlinear equations<br \/><strong><a href=\"https:\/\/www.unioviedo.es\/compnum\/index.php\/unit-3-function-approximation\/\">Unit 3.<\/a> <\/strong>Function approximation<br \/><strong><a href=\"https:\/\/www.unioviedo.es\/compnum\/index.php\/unit-4-numerical-differentiation-and-integration\/\">Unit 4.<\/a><\/strong> Numerical differentiation and integration<br \/><strong><a href=\"https:\/\/www.unioviedo.es\/compnum\/index.php\/unit-5-systems-of-linear-equations\/\">Unit 5.<\/a><\/strong> Systems of linear equations<br \/><strong><a href=\"https:\/\/www.unioviedo.es\/compnum\/index.php\/unit-6-optimization\/\">Unit 6.<\/a><\/strong> Optimization<\/p>\n<p><strong><a href=\"https:\/\/www.unioviedo.es\/compnum\/index.php\/labs\/\">LABS<\/a><\/strong><\/p>\n<p><!-- \/wp:spacer --><!-- wp:heading {\"textAlign\":\"center\"} --><\/p>\n<h2 class=\"has-text-align-center\" style=\"text-align: left;\">Contenidos<\/h2>\n<p><!-- \/wp:heading --><!-- wp:paragraph {\"align\":\"center\"} --><\/p>\n<p class=\"has-text-align-center\" style=\"text-align: left;\"><strong><a href=\"https:\/\/www.unioviedo.es\/compnum\/index.php\/tema-1-aritmetica-finita-y-analisis-de-error\/\">Tema 1.<\/a> <\/strong>Aritm\u00e9tica finita y an\u00e1lisis de error<br \/><strong><a href=\"https:\/\/www.unioviedo.es\/compnum\/index.php\/tema-2-raices-de-ecuaciones-no-lineales\/\">Tema 2.<\/a> <\/strong>Ra\u00edces de ecuaciones no lineales<br \/><a href=\"https:\/\/www.unioviedo.es\/compnum\/index.php\/tema-3-aproximacion-de-funciones\/\"><strong>Tema 3. <\/strong><\/a>Aproximaci\u00f3n de funciones<br \/><strong><a href=\"https:\/\/www.unioviedo.es\/compnum\/index.php\/tema-4-derivacion-e-integracion-numerica\/\">Tema 4.<\/a><\/strong> Derivaci\u00f3n e integraci\u00f3n num\u00e9rica<br \/><strong><a href=\"https:\/\/www.unioviedo.es\/compnum\/index.php\/tema-5-sistemas-de-ecuaciones-lineales\/\">Tema 5.<\/a><\/strong> Sistemas de ecuaciones lineales<br \/><strong><a href=\"https:\/\/www.unioviedo.es\/compnum\/index.php\/tema-6-optimizacion\/\">Tema 6.<\/a> <\/strong>Optimizaci\u00f3n<\/p>\n<p class=\"has-text-align-center\" style=\"text-align: left;\"><strong><a href=\"https:\/\/www.unioviedo.es\/compnum\/index.php\/laboratorios\/\">PR\u00c1CTICAS<\/a><\/strong><\/p>\n<p><!-- \/wp:paragraph --><!-- wp:spacer --><\/p>\n<div aria-hidden=\"true\">\u00a0<\/div>\n<p><!-- \/wp:paragraph --><\/p>\t\t\t\t\t\t<\/div>\n\t\t\t\t<\/div>\n\t\t\t\t\t<\/div>\n\t\t<\/div>\n\t\t\t\t\t\t\t<\/div>\n\t\t<\/section>\n\t\t\t\t\t\t\t<\/div>\n\t\t","protected":false},"excerpt":{"rendered":"<p>Contenidos Tema 1. Aritm\u00e9tica finita y an\u00e1lisis de errorTema 2. Ra\u00edces de ecuaciones no linealesTema 3. Aproximaci\u00f3n de funcionesTema 4. Derivaci\u00f3n e integraci\u00f3n num\u00e9ricaTema 5. Sistemas de ecuaciones linealesTema 6. Optimizaci\u00f3n PR\u00c1CTICAS<\/p>\n","protected":false},"author":2,"featured_media":0,"parent":0,"menu_order":0,"comment_status":"closed","ping_status":"closed","template":"templates\/builder-fullwidth-gb.php","meta":{"footnotes":""},"class_list":["post-125","page","type-page","status-publish","hentry","entry"],"_links":{"self":[{"href":"https:\/\/www.unioviedo.es\/compnum\/index.php\/wp-json\/wp\/v2\/pages\/125","targetHints":{"allow":["GET"]}}],"collection":[{"href":"https:\/\/www.unioviedo.es\/compnum\/index.php\/wp-json\/wp\/v2\/pages"}],"about":[{"href":"https:\/\/www.unioviedo.es\/compnum\/index.php\/wp-json\/wp\/v2\/types\/page"}],"author":[{"embeddable":true,"href":"https:\/\/www.unioviedo.es\/compnum\/index.php\/wp-json\/wp\/v2\/users\/2"}],"replies":[{"embeddable":true,"href":"https:\/\/www.unioviedo.es\/compnum\/index.php\/wp-json\/wp\/v2\/comments?post=125"}],"version-history":[{"count":163,"href":"https:\/\/www.unioviedo.es\/compnum\/index.php\/wp-json\/wp\/v2\/pages\/125\/revisions"}],"predecessor-version":[{"id":612,"href":"https:\/\/www.unioviedo.es\/compnum\/index.php\/wp-json\/wp\/v2\/pages\/125\/revisions\/612"}],"wp:attachment":[{"href":"https:\/\/www.unioviedo.es\/compnum\/index.php\/wp-json\/wp\/v2\/media?parent=125"}],"curies":[{"name":"wp","href":"https:\/\/api.w.org\/{rel}","templated":true}]}}