{"id":37,"date":"2022-09-06T15:37:54","date_gmt":"2022-09-06T15:37:54","guid":{"rendered":"https:\/\/www.unioviedo.es\/compnum\/?page_id=37"},"modified":"2022-09-09T10:37:49","modified_gmt":"2022-09-09T10:37:49","slug":"tema-3-aproximacion-de-funciones","status":"publish","type":"page","link":"https:\/\/www.unioviedo.es\/compnum\/index.php\/tema-3-aproximacion-de-funciones\/","title":{"rendered":"Tema 3. Aproximaci\u00f3n de funciones"},"content":{"rendered":"\n<p>1.&nbsp;Polinomios de interpolaci\u00f3n de Lagrange<\/p>\n\n\n\n<p><strong><a href=\"https:\/\/www.unioviedo.es\/compnum\/Ejercicios_html\/T3_Ej01.html\">Ejercicio 3.1.1:<\/a><\/strong>\u00a0Polinomios fundamentales de Lagrange<a href=\"https:\/\/web.microsoftstream.com\/video\/2b70b407-5498-40ea-95ab-0bc4f9ad1d31\"><br><\/a><strong><a href=\"https:\/\/www.unioviedo.es\/compnum\/Ejercicios_html\/T3_Ej03.html\">Ejercicio 3.1.2:<\/a><\/strong>\u00a0Diferencias divididas. Forma de Newton<\/p>\n\n\n\n<hr class=\"wp-block-separator alignwide has-alpha-channel-opacity\"\/>\n\n\n\n<p>2.&nbsp;Interpolaci\u00f3n polin\u00f3mica a trozos<\/p>\n\n\n\n<p><strong><a href=\"https:\/\/www.unioviedo.es\/compnum\/Ejercicios_html\/T3_Ej05.html\">Ejercicio 3.2.1:<\/a><\/strong>\u00a0Interpolaci\u00f3n lineal a trozos<br><strong><a href=\"https:\/\/www.unioviedo.es\/compnum\/Ejercicios_html\/T3_Ej09.html\">Ejercicio 3.2.2:<\/a><\/strong>\u00a0Interpolaci\u00f3n con splines c\u00fabicos<\/p>\n\n\n\n<hr class=\"wp-block-separator alignwide has-alpha-channel-opacity\"\/>\n\n\n\n<p>3.&nbsp;&nbsp;Recta de regresi\u00f3n por m\u00ednimos cuadrados<\/p>\n\n\n\n<p><strong><a href=\"https:\/\/www.unioviedo.es\/compnum\/Ejercicios_html\/T3_Ej10.html\">Ejercicio 3.3.1<\/a><\/strong><\/p>\n\n\n\n<hr class=\"wp-block-separator alignwide has-alpha-channel-opacity\"\/>\n\n\n\n<p>4. Ajuste de funciones previa linearizaci\u00f3n<\/p>\n\n\n\n<p><strong><a href=\"https:\/\/www.unioviedo.es\/compnum\/Ejercicios_html\/T3_Ej11.html\">Ejercicio 3.4.1:<\/a>\u00a0<\/strong>Funci\u00f3n exponencial<br><strong><a href=\"https:\/\/www.unioviedo.es\/compnum\/Ejercicios_html\/T3_Ej12.html\">Ejercicio 3.4.2:<\/a>\u00a0<\/strong>Funci\u00f3n potencial<br><strong><a href=\"https:\/\/www.unioviedo.es\/compnum\/Ejercicios_html\/T3_Ej13.html\">Ejercicio 3.4.3:<\/a><\/strong>\u00a0Funci\u00f3n hiperb\u00f3lica<br><strong><a href=\"https:\/\/www.unioviedo.es\/compnum\/Ejercicios_html\/T3_Ej14.html\">Ejercicio 3.4.4:<\/a>\u00a0<\/strong>Funci\u00f3n log\u00edstica<\/p>\n\n\n\n<hr class=\"wp-block-separator alignwide has-alpha-channel-opacity\"\/>\n\n\n\n<p>5.&nbsp;Ajuste con una funci\u00f3n polinomial<\/p>\n\n\n\n<p><strong><a href=\"https:\/\/www.unioviedo.es\/compnum\/Ejercicios_html\/T3_Ej16.html\">Ejercicio 3.5.1:<\/a>&nbsp;<\/strong>Caso continuo. Polinomios ortogonales<br><strong><a href=\"https:\/\/www.unioviedo.es\/compnum\/Ejercicios_html\/T3_Ej17.html\">Ejercicio 3.5.2:<\/a>&nbsp;<\/strong>Caso discreto<\/p>\n","protected":false},"excerpt":{"rendered":"<p>1.&nbsp;Polinomios de interpolaci\u00f3n de Lagrange Ejercicio 3.1.1:\u00a0Polinomios fundamentales de LagrangeEjercicio 3.1.2:\u00a0Diferencias divididas. Forma de Newton 2.&nbsp;Interpolaci\u00f3n polin\u00f3mica a trozos Ejercicio 3.2.1:\u00a0Interpolaci\u00f3n lineal a trozosEjercicio 3.2.2:\u00a0Interpolaci\u00f3n con splines c\u00fabicos 3.&nbsp;&nbsp;Recta de regresi\u00f3n por m\u00ednimos cuadrados Ejercicio 3.3.1 4. Ajuste de funciones previa linearizaci\u00f3n Ejercicio 3.4.1:\u00a0Funci\u00f3n exponencialEjercicio 3.4.2:\u00a0Funci\u00f3n potencialEjercicio 3.4.3:\u00a0Funci\u00f3n hiperb\u00f3licaEjercicio 3.4.4:\u00a0Funci\u00f3n log\u00edstica 5.&nbsp;Ajuste con una funci\u00f3n [&hellip;]<\/p>\n","protected":false},"author":2,"featured_media":0,"parent":0,"menu_order":0,"comment_status":"closed","ping_status":"closed","template":"","meta":{"footnotes":""},"class_list":["post-37","page","type-page","status-publish","hentry","entry"],"_links":{"self":[{"href":"https:\/\/www.unioviedo.es\/compnum\/index.php\/wp-json\/wp\/v2\/pages\/37","targetHints":{"allow":["GET"]}}],"collection":[{"href":"https:\/\/www.unioviedo.es\/compnum\/index.php\/wp-json\/wp\/v2\/pages"}],"about":[{"href":"https:\/\/www.unioviedo.es\/compnum\/index.php\/wp-json\/wp\/v2\/types\/page"}],"author":[{"embeddable":true,"href":"https:\/\/www.unioviedo.es\/compnum\/index.php\/wp-json\/wp\/v2\/users\/2"}],"replies":[{"embeddable":true,"href":"https:\/\/www.unioviedo.es\/compnum\/index.php\/wp-json\/wp\/v2\/comments?post=37"}],"version-history":[{"count":5,"href":"https:\/\/www.unioviedo.es\/compnum\/index.php\/wp-json\/wp\/v2\/pages\/37\/revisions"}],"predecessor-version":[{"id":335,"href":"https:\/\/www.unioviedo.es\/compnum\/index.php\/wp-json\/wp\/v2\/pages\/37\/revisions\/335"}],"wp:attachment":[{"href":"https:\/\/www.unioviedo.es\/compnum\/index.php\/wp-json\/wp\/v2\/media?parent=37"}],"curies":[{"name":"wp","href":"https:\/\/api.w.org\/{rel}","templated":true}]}}