{"id":40,"date":"2022-09-09T10:42:46","date_gmt":"2022-09-09T10:42:46","guid":{"rendered":"https:\/\/www.unioviedo.es\/compnum\/?page_id=40"},"modified":"2024-01-12T20:29:48","modified_gmt":"2024-01-12T20:29:48","slug":"tema-4-derivacion-e-integracion-numerica","status":"publish","type":"page","link":"https:\/\/www.unioviedo.es\/compnum\/index.php\/tema-4-derivacion-e-integracion-numerica\/","title":{"rendered":"Tema 4. Derivaci\u00f3n e integraci\u00f3n num\u00e9rica"},"content":{"rendered":"\t\t<div data-elementor-type=\"wp-page\" data-elementor-id=\"40\" class=\"elementor elementor-40\">\n\t\t\t\t\t\t\t\t\t<section class=\"elementor-section elementor-top-section elementor-element elementor-element-49b25904 elementor-section-boxed elementor-section-height-default elementor-section-height-default\" data-id=\"49b25904\" data-element_type=\"section\">\n\t\t\t\t\t\t<div class=\"elementor-container elementor-column-gap-default\">\n\t\t\t\t\t<div class=\"elementor-column elementor-col-100 elementor-top-column elementor-element elementor-element-5d6e6dda\" data-id=\"5d6e6dda\" data-element_type=\"column\">\n\t\t\t<div class=\"elementor-widget-wrap elementor-element-populated\">\n\t\t\t\t\t\t\t\t<div class=\"elementor-element elementor-element-2cf4ca02 elementor-widget elementor-widget-text-editor\" data-id=\"2cf4ca02\" data-element_type=\"widget\" data-widget_type=\"text-editor.default\">\n\t\t\t\t<div class=\"elementor-widget-container\">\n\t\t\t<style>\/*! elementor - v3.7.4 - 31-08-2022 *\/\n.elementor-widget-text-editor.elementor-drop-cap-view-stacked .elementor-drop-cap{background-color:#818a91;color:#fff}.elementor-widget-text-editor.elementor-drop-cap-view-framed .elementor-drop-cap{color:#818a91;border:3px solid;background-color:transparent}.elementor-widget-text-editor:not(.elementor-drop-cap-view-default) .elementor-drop-cap{margin-top:8px}.elementor-widget-text-editor:not(.elementor-drop-cap-view-default) .elementor-drop-cap-letter{width:1em;height:1em}.elementor-widget-text-editor .elementor-drop-cap{float:left;text-align:center;line-height:1;font-size:50px}.elementor-widget-text-editor .elementor-drop-cap-letter{display:inline-block}<\/style>\t\t\t\t<!-- wp:paragraph -->\n<p>1. F\u00f3rmulas en diferencias finitas<\/p>\n<!-- \/wp:paragraph --><!-- wp:paragraph -->\n<p><strong><a href=\"https:\/\/www.unioviedo.es\/compnum\/Ejercicios_html\/T4_Ej01.html\">Ejercicio 4.1.1:<\/a><\/strong>\u00a0F\u00f3rmulas progresiva, regresiva y centrada<\/p>\n<!-- \/wp:paragraph --><!-- wp:separator {\"align\":\"wide\"} --><hr class=\"wp-block-separator alignwide has-alpha-channel-opacity\" \/><!-- \/wp:separator --><!-- wp:paragraph -->\n<p>2. F\u00f3rmulas interpolatorias de derivaci\u00f3n num\u00e9rica<\/p>\n<!-- \/wp:paragraph --><!-- wp:paragraph -->\n<p><strong><a href=\"https:\/\/www.unioviedo.es\/compnum\/Ejercicios_html\/T4_Ej02.html\">Ejercicio 4.2.1:<\/a><\/strong>\u00a0F\u00f3rmulas de orden dos<\/p>\n<!-- \/wp:paragraph --><!-- wp:separator {\"align\":\"wide\"} --><hr class=\"wp-block-separator alignwide has-alpha-channel-opacity\" \/><!-- \/wp:separator --><!-- wp:paragraph -->\n<p>3.\u00a0 Derivaci\u00f3n num\u00e9rica de funciones de dos variables<\/p>\n<!-- \/wp:paragraph --><!-- wp:paragraph -->\n<p><strong><a href=\"https:\/\/www.unioviedo.es\/compnum\/Ejercicios_html\/T4_Ej04.html\">Ejercicio 4.3.1:<\/a><\/strong> Gradiente y matriz hessiana<\/p>\n<!-- \/wp:paragraph --><!-- wp:separator {\"align\":\"wide\"} --><hr class=\"wp-block-separator alignwide has-alpha-channel-opacity\" \/><!-- \/wp:separator --><!-- wp:paragraph -->\n<p>4. F\u00f3rmulas de cuadratura<br \/>\u00a0 \u00a0 F\u00f3rmulas de Newton-Cotes<\/p>\n<!-- \/wp:paragraph --><!-- wp:paragraph -->\n<p><strong><a href=\"https:\/\/www.unioviedo.es\/compnum\/Ejercicios_html\/T4_Ej06.html\">Ejercicio 4.4.1:<\/a><\/strong>\u00a0F\u00f3rmulas del trapecio y el punto medio<br \/><strong><a href=\"https:\/\/www.unioviedo.es\/compnum\/Ejercicios_html\/T4_Ej07.html\">Ejercicio 4.4.2:<\/a><\/strong>\u00a0Aplicaci\u00f3n de f\u00f3rmulas simples<br \/><strong><a href=\"https:\/\/www.unioviedo.es\/compnum\/Ejercicios_html\/T4_Ej09.html\">Ejercicio 4.4.3:<\/a><\/strong>\u00a0Aplicaci\u00f3n de f\u00f3rmulas compuestas<br \/><strong><a href=\"https:\/\/www.unioviedo.es\/compnum\/Ejercicios_html\/T4_Ej13.html\">Ejercicio 4.4.4:<\/a><\/strong>\u00a0Error de la regla del trapecio<br \/><strong><a href=\"https:\/\/www.unioviedo.es\/compnum\/Ejercicios_html\/T4_Ej14.html\">Ejercicio 4.4.5:<\/a><\/strong> Error de la regla del trapecio<\/p>\n<!-- \/wp:paragraph --><!-- wp:separator {\"align\":\"wide\"} --><hr class=\"wp-block-separator alignwide has-alpha-channel-opacity\" \/><!-- \/wp:separator --><!-- wp:paragraph -->\n<p>5. F\u00f3rmulas de cuadratura gaussianas<\/p>\n<!-- \/wp:paragraph --><!-- wp:paragraph -->\n<p><strong><a href=\"https:\/\/www.unioviedo.es\/compnum\/Ejercicios_html\/T4_Ej18.html\">Ejercicio 4.5.1<\/a><\/strong><\/p>\n<!-- \/wp:paragraph -->\t\t\t\t\t\t<\/div>\n\t\t\t\t<\/div>\n\t\t\t\t\t<\/div>\n\t\t<\/div>\n\t\t\t\t\t\t\t<\/div>\n\t\t<\/section>\n\t\t\t\t\t\t\t<\/div>\n\t\t","protected":false},"excerpt":{"rendered":"<p>1. F\u00f3rmulas en diferencias finitas Ejercicio 4.1.1:\u00a0F\u00f3rmulas progresiva, regresiva y centrada 2. F\u00f3rmulas interpolatorias de derivaci\u00f3n num\u00e9rica Ejercicio 4.2.1:\u00a0F\u00f3rmulas de orden dos 3.\u00a0 Derivaci\u00f3n num\u00e9rica de funciones de dos variables Ejercicio 4.3.1: Gradiente y matriz hessiana 4. F\u00f3rmulas de cuadratura\u00a0 \u00a0 F\u00f3rmulas de Newton-Cotes Ejercicio 4.4.1:\u00a0F\u00f3rmulas del trapecio y el punto medioEjercicio 4.4.2:\u00a0Aplicaci\u00f3n de f\u00f3rmulas [&hellip;]<\/p>\n","protected":false},"author":2,"featured_media":0,"parent":0,"menu_order":0,"comment_status":"closed","ping_status":"closed","template":"","meta":{"footnotes":""},"class_list":["post-40","page","type-page","status-publish","hentry","entry"],"_links":{"self":[{"href":"https:\/\/www.unioviedo.es\/compnum\/index.php\/wp-json\/wp\/v2\/pages\/40","targetHints":{"allow":["GET"]}}],"collection":[{"href":"https:\/\/www.unioviedo.es\/compnum\/index.php\/wp-json\/wp\/v2\/pages"}],"about":[{"href":"https:\/\/www.unioviedo.es\/compnum\/index.php\/wp-json\/wp\/v2\/types\/page"}],"author":[{"embeddable":true,"href":"https:\/\/www.unioviedo.es\/compnum\/index.php\/wp-json\/wp\/v2\/users\/2"}],"replies":[{"embeddable":true,"href":"https:\/\/www.unioviedo.es\/compnum\/index.php\/wp-json\/wp\/v2\/comments?post=40"}],"version-history":[{"count":6,"href":"https:\/\/www.unioviedo.es\/compnum\/index.php\/wp-json\/wp\/v2\/pages\/40\/revisions"}],"predecessor-version":[{"id":604,"href":"https:\/\/www.unioviedo.es\/compnum\/index.php\/wp-json\/wp\/v2\/pages\/40\/revisions\/604"}],"wp:attachment":[{"href":"https:\/\/www.unioviedo.es\/compnum\/index.php\/wp-json\/wp\/v2\/media?parent=40"}],"curies":[{"name":"wp","href":"https:\/\/api.w.org\/{rel}","templated":true}]}}