{"id":43,"date":"2022-09-09T10:45:08","date_gmt":"2022-09-09T10:45:08","guid":{"rendered":"https:\/\/www.unioviedo.es\/compnum\/?page_id=43"},"modified":"2022-09-09T10:46:10","modified_gmt":"2022-09-09T10:46:10","slug":"tema-5-sistemas-de-ecuaciones-lineales","status":"publish","type":"page","link":"https:\/\/www.unioviedo.es\/compnum\/index.php\/tema-5-sistemas-de-ecuaciones-lineales\/","title":{"rendered":"Tema 5. Sistemas de ecuaciones lineales"},"content":{"rendered":"\n<p>1. M\u00e9todo de Gauss<\/p>\n\n\n\n<p><strong><a href=\"https:\/\/www.unioviedo.es\/compnum\/Ejercicios_html\/T5_Ej1_a.html\">Ejercicio 5.1.1:<\/a><\/strong>&nbsp;sin pivote<a href=\"https:\/\/web.microsoftstream.com\/video\/2b70b407-5498-40ea-95ab-0bc4f9ad1d31\"><br><\/a><strong><a href=\"https:\/\/www.unioviedo.es\/compnum\/Ejercicios_html\/T5_Ej1_b.html\">Ejercicio 5.1.2:<\/a><\/strong>&nbsp;con pivote parcial<\/p>\n\n\n\n<hr class=\"wp-block-separator alignwide has-alpha-channel-opacity\"\/>\n\n\n\n<p>2. M\u00e9todo de Gauss-Jordan<\/p>\n\n\n\n<p><strong><a href=\"https:\/\/www.unioviedo.es\/compnum\/Ejercicios_html\/T5_Ej1_c.html\">Ejercicio 5.2.1:<\/a><\/strong>&nbsp;c\u00e1lculo de la matriz inversa<\/p>\n\n\n\n<hr class=\"wp-block-separator alignwide has-alpha-channel-opacity\"\/>\n\n\n\n<p>3.&nbsp;&nbsp;Factorizaci\u00f3n LU<\/p>\n\n\n\n<p><strong><a href=\"https:\/\/www.unioviedo.es\/compnum\/Ejercicios_html\/T5_Ej1_d.html\">Ejercicio 5.3.1:<\/a><\/strong>&nbsp;sin pivote<br><strong><a href=\"https:\/\/www.unioviedo.es\/compnum\/Ejercicios_html\/T5_Ej1_e.html\">Ejercicio 5.3.2:<\/a><\/strong>&nbsp;con pivote parcial<\/p>\n\n\n\n<hr class=\"wp-block-separator alignwide has-alpha-channel-opacity\"\/>\n\n\n\n<p>4. C\u00e1lculo de determinantes<\/p>\n\n\n\n<p><strong><a href=\"https:\/\/www.unioviedo.es\/compnum\/Ejercicios_html\/T5_Ej1_f.html\">Ejercicio 5.4.1<\/a><\/strong><\/p>\n\n\n\n<hr class=\"wp-block-separator alignwide has-alpha-channel-opacity\"\/>\n\n\n\n<p>5.&nbsp;M\u00e9todo de Jacobi<\/p>\n\n\n\n<p><strong><a href=\"https:\/\/www.unioviedo.es\/compnum\/Ejercicios_html\/T5_Ej2_Jacobi.html\">Ejercicio 5.5.1:<\/a>&nbsp;<\/strong>convergencia<br><strong><a href=\"https:\/\/www.unioviedo.es\/compnum\/Ejercicios_html\/T5_Ej3_Jacobi.html\">Ejercicio 5.5.2:<\/a>&nbsp;<\/strong>iteraciones<\/p>\n\n\n\n<hr class=\"wp-block-separator alignwide has-alpha-channel-opacity\"\/>\n\n\n\n<p>6.&nbsp;M\u00e9todo de&nbsp;Gauss-Seidel<\/p>\n\n\n\n<p><strong><a href=\"https:\/\/www.unioviedo.es\/compnum\/Ejercicios_html\/T5_Ej2_Gauss-Seidel.html\">Ejercicio 5.6.1:<\/a>&nbsp;<\/strong>convergencia<br><strong><a href=\"https:\/\/www.unioviedo.es\/compnum\/Ejercicios_html\/T5_Ej3_Gauss-Seidel.html\">Ejercicio 5.6.2:<\/a>&nbsp;<\/strong>iteraciones<\/p>\n\n\n\n<hr class=\"wp-block-separator alignwide has-alpha-channel-opacity\"\/>\n\n\n\n<p>7. Condicionamiento de matrices<\/p>\n\n\n\n<p><strong><a href=\"https:\/\/www.unioviedo.es\/compnum\/Ejercicios_html\/T5_Ej4.html\">Ejercicio 5.7.1<\/a><\/strong><\/p>\n","protected":false},"excerpt":{"rendered":"<p>1. M\u00e9todo de Gauss Ejercicio 5.1.1:&nbsp;sin pivoteEjercicio 5.1.2:&nbsp;con pivote parcial 2. M\u00e9todo de Gauss-Jordan Ejercicio 5.2.1:&nbsp;c\u00e1lculo de la matriz inversa 3.&nbsp;&nbsp;Factorizaci\u00f3n LU Ejercicio 5.3.1:&nbsp;sin pivoteEjercicio 5.3.2:&nbsp;con pivote parcial 4. C\u00e1lculo de determinantes Ejercicio 5.4.1 5.&nbsp;M\u00e9todo de Jacobi Ejercicio 5.5.1:&nbsp;convergenciaEjercicio 5.5.2:&nbsp;iteraciones 6.&nbsp;M\u00e9todo de&nbsp;Gauss-Seidel Ejercicio 5.6.1:&nbsp;convergenciaEjercicio 5.6.2:&nbsp;iteraciones 7. Condicionamiento de matrices Ejercicio 5.7.1<\/p>\n","protected":false},"author":2,"featured_media":0,"parent":0,"menu_order":0,"comment_status":"closed","ping_status":"closed","template":"","meta":{"footnotes":""},"class_list":["post-43","page","type-page","status-publish","hentry","entry"],"_links":{"self":[{"href":"https:\/\/www.unioviedo.es\/compnum\/index.php\/wp-json\/wp\/v2\/pages\/43","targetHints":{"allow":["GET"]}}],"collection":[{"href":"https:\/\/www.unioviedo.es\/compnum\/index.php\/wp-json\/wp\/v2\/pages"}],"about":[{"href":"https:\/\/www.unioviedo.es\/compnum\/index.php\/wp-json\/wp\/v2\/types\/page"}],"author":[{"embeddable":true,"href":"https:\/\/www.unioviedo.es\/compnum\/index.php\/wp-json\/wp\/v2\/users\/2"}],"replies":[{"embeddable":true,"href":"https:\/\/www.unioviedo.es\/compnum\/index.php\/wp-json\/wp\/v2\/comments?post=43"}],"version-history":[{"count":2,"href":"https:\/\/www.unioviedo.es\/compnum\/index.php\/wp-json\/wp\/v2\/pages\/43\/revisions"}],"predecessor-version":[{"id":355,"href":"https:\/\/www.unioviedo.es\/compnum\/index.php\/wp-json\/wp\/v2\/pages\/43\/revisions\/355"}],"wp:attachment":[{"href":"https:\/\/www.unioviedo.es\/compnum\/index.php\/wp-json\/wp\/v2\/media?parent=43"}],"curies":[{"name":"wp","href":"https:\/\/api.w.org\/{rel}","templated":true}]}}