{"id":45,"date":"2022-09-07T16:08:49","date_gmt":"2022-09-07T16:08:49","guid":{"rendered":"https:\/\/www.unioviedo.es\/compnum\/?page_id=45"},"modified":"2022-09-07T16:10:23","modified_gmt":"2022-09-07T16:10:23","slug":"tema-6-optimizacion","status":"publish","type":"page","link":"https:\/\/www.unioviedo.es\/compnum\/index.php\/tema-6-optimizacion\/","title":{"rendered":"Tema 6. Optimizaci\u00f3n"},"content":{"rendered":"\n<p>1. M\u00ednimo local y global. C\u00e1lculo simb\u00f3lico<\/p>\n\n\n\n<p><strong><a href=\"https:\/\/www.unioviedo.es\/compnum\/Ejercicios_html\/T6_Ej01.html\">Ejercicio 6.1.1:<\/a><\/strong>\u00a0m\u00ednimo de funci\u00f3n de tres variables<a href=\"https:\/\/web.microsoftstream.com\/video\/2b70b407-5498-40ea-95ab-0bc4f9ad1d31\"><br><\/a><strong><a href=\"https:\/\/www.unioviedo.es\/compnum\/Ejercicios_html\/T6_Ej02.html\">Ejercicio 6.1.2:<\/a><\/strong>\u00a0m\u00ednima distancia a 4 puntos<\/p>\n\n\n\n<hr class=\"wp-block-separator alignwide has-alpha-channel-opacity\"\/>\n\n\n\n<p>2. M\u00ednimo local. C\u00e1lculo num\u00e9rico. M\u00e9todos del gradiente, de Newton y de la secci\u00f3n \u00e1urea<\/p>\n\n\n\n<p><strong><a href=\"https:\/\/www.unioviedo.es\/compnum\/Ejercicios_html\/T6_Ej03.html\">Ejercicio 6.2.1<\/a><\/strong><\/p>\n\n\n\n<hr class=\"wp-block-separator alignwide has-alpha-channel-opacity\"\/>\n\n\n\n<p>3.&nbsp;&nbsp;M\u00ednimo con restricciones de igualdad. C\u00e1lculo simb\u00f3lico: multiplicadores de Lagrange. C\u00e1lculo num\u00e9rico: m\u00e9todo de penalizaci\u00f3n<\/p>\n\n\n\n<p><strong><a href=\"https:\/\/www.unioviedo.es\/compnum\/Ejercicios_html\/T6_Ej06.html\">Ejercicio 6.3.1<\/a><\/strong><br><strong><a href=\"https:\/\/www.unioviedo.es\/compnum\/Ejercicios_html\/T6_Ej07.html\">Ejercicio 6.3.2<\/a><\/strong><\/p>\n\n\n\n<hr class=\"wp-block-separator alignwide has-alpha-channel-opacity\"\/>\n\n\n\n<p>4.M\u00ednimo con restricciones de desigualdad. C\u00e1lculo simb\u00f3lico&nbsp;y num\u00e9rico<\/p>\n\n\n\n<p><strong><a href=\"https:\/\/www.unioviedo.es\/compnum\/Ejercicios_html\/T6_Ej09.html\">Ejercicio 6.4.1<\/a><\/strong><br><strong><a href=\"https:\/\/www.unioviedo.es\/compnum\/Ejercicios_html\/T6_Ej10.html\">Ejercicio 6.4.2<\/a><\/strong><\/p>\n\n\n\n<hr class=\"wp-block-separator alignwide has-alpha-channel-opacity\"\/>\n\n\n\n<p>5.&nbsp;Extremo de funci\u00f3n lineal con restricciones lineales<\/p>\n\n\n\n<p><strong><a href=\"https:\/\/www.unioviedo.es\/compnum\/Ejercicios_html\/T6_Ej11.html\">Ejercicio 6.5.1<\/a><\/strong><br><strong><a href=\"https:\/\/www.unioviedo.es\/compnum\/Ejercicios_html\/T6_Ej13.html\">Ejercicio 6.5.2<\/a><\/strong><\/p>\n","protected":false},"excerpt":{"rendered":"<p>1. M\u00ednimo local y global. C\u00e1lculo simb\u00f3lico Ejercicio 6.1.1:\u00a0m\u00ednimo de funci\u00f3n de tres variablesEjercicio 6.1.2:\u00a0m\u00ednima distancia a 4 puntos 2. M\u00ednimo local. C\u00e1lculo num\u00e9rico. M\u00e9todos del gradiente, de Newton y de la secci\u00f3n \u00e1urea Ejercicio 6.2.1 3.&nbsp;&nbsp;M\u00ednimo con restricciones de igualdad. C\u00e1lculo simb\u00f3lico: multiplicadores de Lagrange. C\u00e1lculo num\u00e9rico: m\u00e9todo de penalizaci\u00f3n Ejercicio 6.3.1Ejercicio 6.3.2 4.M\u00ednimo [&hellip;]<\/p>\n","protected":false},"author":2,"featured_media":0,"parent":0,"menu_order":0,"comment_status":"closed","ping_status":"closed","template":"","meta":{"footnotes":""},"class_list":["post-45","page","type-page","status-publish","hentry","entry"],"_links":{"self":[{"href":"https:\/\/www.unioviedo.es\/compnum\/index.php\/wp-json\/wp\/v2\/pages\/45","targetHints":{"allow":["GET"]}}],"collection":[{"href":"https:\/\/www.unioviedo.es\/compnum\/index.php\/wp-json\/wp\/v2\/pages"}],"about":[{"href":"https:\/\/www.unioviedo.es\/compnum\/index.php\/wp-json\/wp\/v2\/types\/page"}],"author":[{"embeddable":true,"href":"https:\/\/www.unioviedo.es\/compnum\/index.php\/wp-json\/wp\/v2\/users\/2"}],"replies":[{"embeddable":true,"href":"https:\/\/www.unioviedo.es\/compnum\/index.php\/wp-json\/wp\/v2\/comments?post=45"}],"version-history":[{"count":2,"href":"https:\/\/www.unioviedo.es\/compnum\/index.php\/wp-json\/wp\/v2\/pages\/45\/revisions"}],"predecessor-version":[{"id":273,"href":"https:\/\/www.unioviedo.es\/compnum\/index.php\/wp-json\/wp\/v2\/pages\/45\/revisions\/273"}],"wp:attachment":[{"href":"https:\/\/www.unioviedo.es\/compnum\/index.php\/wp-json\/wp\/v2\/media?parent=45"}],"curies":[{"name":"wp","href":"https:\/\/api.w.org\/{rel}","templated":true}]}}