{"id":47,"date":"2022-09-06T11:26:30","date_gmt":"2022-09-06T11:26:30","guid":{"rendered":"https:\/\/www.unioviedo.es\/compnum\/?page_id=47"},"modified":"2023-02-17T21:27:50","modified_gmt":"2023-02-17T21:27:50","slug":"laboratorios","status":"publish","type":"page","link":"https:\/\/www.unioviedo.es\/compnum\/index.php\/laboratorios\/","title":{"rendered":"Pr\u00e1cticas"},"content":{"rendered":"\t\t<div data-elementor-type=\"wp-page\" data-elementor-id=\"47\" class=\"elementor elementor-47\">\n\t\t\t\t\t\t\t\t\t<section class=\"elementor-section elementor-top-section elementor-element elementor-element-4798190a elementor-section-boxed elementor-section-height-default elementor-section-height-default\" data-id=\"4798190a\" data-element_type=\"section\">\n\t\t\t\t\t\t<div class=\"elementor-container elementor-column-gap-default\">\n\t\t\t\t\t<div class=\"elementor-column elementor-col-100 elementor-top-column elementor-element elementor-element-7b022043\" data-id=\"7b022043\" data-element_type=\"column\">\n\t\t\t<div class=\"elementor-widget-wrap elementor-element-populated\">\n\t\t\t\t\t\t\t\t<div class=\"elementor-element elementor-element-49bbedff elementor-widget elementor-widget-text-editor\" data-id=\"49bbedff\" data-element_type=\"widget\" data-widget_type=\"text-editor.default\">\n\t\t\t\t<div class=\"elementor-widget-container\">\n\t\t\t<style>\/*! elementor - v3.7.4 - 31-08-2022 *\/\n.elementor-widget-text-editor.elementor-drop-cap-view-stacked .elementor-drop-cap{background-color:#818a91;color:#fff}.elementor-widget-text-editor.elementor-drop-cap-view-framed .elementor-drop-cap{color:#818a91;border:3px solid;background-color:transparent}.elementor-widget-text-editor:not(.elementor-drop-cap-view-default) .elementor-drop-cap{margin-top:8px}.elementor-widget-text-editor:not(.elementor-drop-cap-view-default) .elementor-drop-cap-letter{width:1em;height:1em}.elementor-widget-text-editor .elementor-drop-cap{float:left;text-align:center;line-height:1;font-size:50px}.elementor-widget-text-editor .elementor-drop-cap-letter{display:inline-block}<\/style>\t\t\t\t<!-- wp:list -->\n<ul>\n<li><a href=\"https:\/\/www.unioviedo.es\/compnum\/laboratorios_py\/new\/00_Nociones.html\" target=\"_blank\" rel=\"noreferrer noopener\">Nociones de Numpy y Matplotlib<\/a><\/li>\n<li><a href=\"https:\/\/www.unioviedo.es\/compnum\/laboratorios_py\/new\/01_Intro1.html\" target=\"_blank\" rel=\"noreferrer noopener\">Introducci\u00f3n: python<\/a><\/li>\n<li><a href=\"https:\/\/www.unioviedo.es\/compnum\/laboratorios_py\/new\/02_Intro2.html\" target=\"_blank\" rel=\"noreferrer noopener\">Introducci\u00f3n: vectores<\/a><\/li>\n<li><a href=\"https:\/\/www.unioviedo.es\/compnum\/laboratorios_py\/new\/02_Intro3.html\" target=\"_blank\" rel=\"noreferrer noopener\">Introducci\u00f3n: matrices<\/a><\/li>\n<li><a href=\"https:\/\/www.unioviedo.es\/compnum\/laboratorios_py\/new\/Aritmetica_finita_y_error.html\">Aritm\u00e9tica finita y fuentes de error<\/a><\/li>\n<li><a href=\"https:\/\/www.unioviedo.es\/compnum\/laboratorios_py\/new\/03_Ec_no_lin1.html\" target=\"_blank\" rel=\"noreferrer noopener\">Ra\u00edces de ecuaciones no lineales I<\/a><\/li>\n<li><a href=\"https:\/\/www.unioviedo.es\/compnum\/laboratorios_py\/new\/04_Ec_no_lin2.html\" target=\"_blank\" rel=\"noreferrer noopener\">Ra\u00edces de ecuaciones no lineales II<\/a><\/li>\n<li><a href=\"https:\/\/www.unioviedo.es\/compnum\/laboratorios_py\/new\/05_Interpol_polinomica.html\">Interpolaci\u00f3n polin\u00f3mica<\/a><\/li>\n<li><a href=\"https:\/\/www.unioviedo.es\/compnum\/laboratorios_py\/new\/06_Aproximacion.html\">Aproximaci\u00f3n<\/a><\/li>\n<li><a href=\"https:\/\/www.unioviedo.es\/compnum\/laboratorios_py\/new\/07_Derivadas.html\">Derivaci\u00f3n num\u00e9rica<\/a><\/li>\n<li><a href=\"https:\/\/www.unioviedo.es\/compnum\/laboratorios_py\/new\/08_Integrales.html\">Integraci\u00f3n num\u00e9rica<\/a><\/li>\n<li><a href=\"https:\/\/www.unioviedo.es\/compnum\/laboratorios_py\/new\/09_sist_lin_dir.html\">Resoluci\u00f3n de sistemas lineales: m\u00e9todos directos<\/a><\/li>\n<li><a href=\"https:\/\/www.unioviedo.es\/compnum\/laboratorios_py\/new\/10_sist_lin_iter.html\">Resoluci\u00f3n de sistemas lineales: m\u00e9todos iterativos<\/a><\/li>\n<li><a href=\"https:\/\/www.unioviedo.es\/compnum\/laboratorios_py\/new\/12_Optimizacion.html\">Optimizaci\u00f3n<\/a><\/li>\n<li><a href=\"https:\/\/www.unioviedo.es\/compnum\/laboratorios_py\/new\/introduccion_imagen.html\">Introducci\u00f3n al procesamiento digital de im\u00e1genes con Python<\/a><\/li>\n<li><a href=\"https:\/\/www.unioviedo.es\/compnum\/laboratorios_py\/new\/kmeans.html\">El algoritmo k-means aplicado a la clasificaci\u00f3n y procesamiento de im\u00e1genes<\/a><\/li>\n<li><a href=\"https:\/\/www.unioviedo.es\/compnum\/laboratorios_py\/new\/clasifica_numeros.html\">El algoritmo ELM aplicado a la clasificaci\u00f3n de im\u00e1genes<\/a><\/li>\n<\/ul>\n<!-- \/wp:list -->\t\t\t\t\t\t<\/div>\n\t\t\t\t<\/div>\n\t\t\t\t\t<\/div>\n\t\t<\/div>\n\t\t\t\t\t\t\t<\/div>\n\t\t<\/section>\n\t\t\t\t\t\t\t<\/div>\n\t\t","protected":false},"excerpt":{"rendered":"<p>Nociones de Numpy y Matplotlib Introducci\u00f3n: python Introducci\u00f3n: vectores Introducci\u00f3n: matrices Aritm\u00e9tica finita y fuentes de error Ra\u00edces de ecuaciones no lineales I Ra\u00edces de ecuaciones no lineales II Interpolaci\u00f3n polin\u00f3mica Aproximaci\u00f3n Derivaci\u00f3n num\u00e9rica Integraci\u00f3n num\u00e9rica Resoluci\u00f3n de sistemas lineales: m\u00e9todos directos Resoluci\u00f3n de sistemas lineales: m\u00e9todos iterativos Optimizaci\u00f3n Introducci\u00f3n al procesamiento digital de im\u00e1genes [&hellip;]<\/p>\n","protected":false},"author":2,"featured_media":0,"parent":0,"menu_order":0,"comment_status":"closed","ping_status":"closed","template":"templates\/builder-fullwidth-gb.php","meta":{"footnotes":""},"class_list":["post-47","page","type-page","status-publish","hentry","entry"],"_links":{"self":[{"href":"https:\/\/www.unioviedo.es\/compnum\/index.php\/wp-json\/wp\/v2\/pages\/47","targetHints":{"allow":["GET"]}}],"collection":[{"href":"https:\/\/www.unioviedo.es\/compnum\/index.php\/wp-json\/wp\/v2\/pages"}],"about":[{"href":"https:\/\/www.unioviedo.es\/compnum\/index.php\/wp-json\/wp\/v2\/types\/page"}],"author":[{"embeddable":true,"href":"https:\/\/www.unioviedo.es\/compnum\/index.php\/wp-json\/wp\/v2\/users\/2"}],"replies":[{"embeddable":true,"href":"https:\/\/www.unioviedo.es\/compnum\/index.php\/wp-json\/wp\/v2\/comments?post=47"}],"version-history":[{"count":28,"href":"https:\/\/www.unioviedo.es\/compnum\/index.php\/wp-json\/wp\/v2\/pages\/47\/revisions"}],"predecessor-version":[{"id":566,"href":"https:\/\/www.unioviedo.es\/compnum\/index.php\/wp-json\/wp\/v2\/pages\/47\/revisions\/566"}],"wp:attachment":[{"href":"https:\/\/www.unioviedo.es\/compnum\/index.php\/wp-json\/wp\/v2\/media?parent=47"}],"curies":[{"name":"wp","href":"https:\/\/api.w.org\/{rel}","templated":true}]}}