{"id":65,"date":"2022-09-06T11:04:38","date_gmt":"2022-09-06T11:04:38","guid":{"rendered":"https:\/\/www.unioviedo.es\/compnum\/?page_id=65"},"modified":"2022-09-06T12:08:52","modified_gmt":"2022-09-06T12:08:52","slug":"computacion-numerica","status":"publish","type":"page","link":"https:\/\/www.unioviedo.es\/compnum\/index.php\/computacion-numerica\/","title":{"rendered":"Inicio"},"content":{"rendered":"\n<h2 class=\"has-text-align-center wp-block-heading\">Contenidos<\/h2>\n\n\n\n<div class=\"wp-block-columns is-layout-flex wp-container-core-columns-is-layout-9d6595d7 wp-block-columns-is-layout-flex\">\n<div class=\"wp-block-column is-layout-flow wp-block-column-is-layout-flow\" style=\"flex-basis:100%\">\n<div class=\"wp-block-buttons is-content-justification-center is-layout-flex wp-container-core-buttons-is-layout-16018d1d wp-block-buttons-is-layout-flex\">\n<div class=\"wp-block-button\"><a class=\"wp-block-button__link\" href=\"\">Espa\u00f1ol Teor\u00eda<\/a><\/div>\n\n\n\n<div class=\"wp-block-button is-style-outline is-style-outline--1\"><a class=\"wp-block-button__link\" href=\"https:\/\/www.unioviedo.es\/compnum\/index.php\/laboratorios\/\" target=\"_blank\" rel=\"noreferrer noopener\">Espa\u00f1ol Laboratorios<\/a><\/div>\n<\/div>\n<\/div>\n<\/div>\n\n\n\n<div class=\"wp-block-columns is-layout-flex wp-container-core-columns-is-layout-9d6595d7 wp-block-columns-is-layout-flex\">\n<div class=\"wp-block-column is-layout-flow wp-block-column-is-layout-flow\" style=\"flex-basis:100%\">\n<div class=\"wp-block-buttons is-content-justification-center is-layout-flex wp-container-core-buttons-is-layout-16018d1d wp-block-buttons-is-layout-flex\">\n<div class=\"wp-block-button\"><a class=\"wp-block-button__link\" href=\"\">English. Theory<\/a><\/div>\n\n\n\n<div class=\"wp-block-button is-style-outline is-style-outline--2\"><a class=\"wp-block-button__link\" href=\"https:\/\/www.unioviedo.es\/compnum\/index.php\/labs\/\" target=\"_blank\" rel=\"noreferrer noopener\">English. Labs<\/a><\/div>\n<\/div>\n<\/div>\n<\/div>\n\n\n\n<h4 class=\"has-text-align-center wp-block-heading\">Profesores<\/h4>\n\n\n\n<p class=\"has-text-align-center\">Tom\u00e1s Aranda Gill\u00e9n<\/p>\n\n\n\n<p class=\"has-text-align-center\">Esperanza Garc\u00eda Gonzalo<\/p>\n\n\n\n<p class=\"has-text-align-center\">Fernando S\u00e1nchez Lasheras<\/p>\n\n\n\n<div class=\"wp-block-buttons is-layout-flex wp-block-buttons-is-layout-flex\"><\/div>\n\n\n\n<div class=\"wp-block-buttons is-content-justification-center is-layout-flex wp-container-core-buttons-is-layout-16018d1d wp-block-buttons-is-layout-flex\"><\/div>\n","protected":false},"excerpt":{"rendered":"<p>Contenidos Profesores Tom\u00e1s Aranda Gill\u00e9n Esperanza Garc\u00eda Gonzalo Fernando S\u00e1nchez Lasheras<\/p>\n","protected":false},"author":2,"featured_media":0,"parent":0,"menu_order":0,"comment_status":"closed","ping_status":"closed","template":"templates\/builder-fullwidth-gb.php","meta":{"footnotes":""},"class_list":["post-65","page","type-page","status-publish","hentry","entry"],"_links":{"self":[{"href":"https:\/\/www.unioviedo.es\/compnum\/index.php\/wp-json\/wp\/v2\/pages\/65","targetHints":{"allow":["GET"]}}],"collection":[{"href":"https:\/\/www.unioviedo.es\/compnum\/index.php\/wp-json\/wp\/v2\/pages"}],"about":[{"href":"https:\/\/www.unioviedo.es\/compnum\/index.php\/wp-json\/wp\/v2\/types\/page"}],"author":[{"embeddable":true,"href":"https:\/\/www.unioviedo.es\/compnum\/index.php\/wp-json\/wp\/v2\/users\/2"}],"replies":[{"embeddable":true,"href":"https:\/\/www.unioviedo.es\/compnum\/index.php\/wp-json\/wp\/v2\/comments?post=65"}],"version-history":[{"count":23,"href":"https:\/\/www.unioviedo.es\/compnum\/index.php\/wp-json\/wp\/v2\/pages\/65\/revisions"}],"predecessor-version":[{"id":120,"href":"https:\/\/www.unioviedo.es\/compnum\/index.php\/wp-json\/wp\/v2\/pages\/65\/revisions\/120"}],"wp:attachment":[{"href":"https:\/\/www.unioviedo.es\/compnum\/index.php\/wp-json\/wp\/v2\/media?parent=65"}],"curies":[{"name":"wp","href":"https:\/\/api.w.org\/{rel}","templated":true}]}}