{"id":112,"date":"2017-03-14T09:31:02","date_gmt":"2017-03-14T08:31:02","guid":{"rendered":"http:\/\/www.unioviedo.es\/configober\/?page_id=112"},"modified":"2017-09-22T11:53:36","modified_gmt":"2017-09-22T09:53:36","slug":"seccion-iii-administracion-y-representacion","status":"publish","type":"page","link":"https:\/\/www.unioviedo.es\/configober\/index.php\/seccion-iii-administracion-y-representacion\/","title":{"rendered":"Secci\u00f3n \/ Section III"},"content":{"rendered":"<h4>Administraci\u00f3n y representaci\u00f3n<\/h4>\n<p>Las tareas de gobierno se han vuelto cada vez m\u00e1s complicadas: las sociedades son m\u00e1s complejas y los saberes, m\u00e1s elaborados. La gesti\u00f3n pol\u00edtica ya no puede aplicar modos, anticuados ante unas sociedades cada vez m\u00e1s desconcertadas, desconectadas de la \u201cclase pol\u00edtica\u201d y decepcionadas por ella, divididas al advertir los enga\u00f1os, las diferencias entre lo que se dice y lo que se hace, el abandono de las mayor\u00edas ante las exigencias y el dominio de unas minor\u00edas con un poder acrecentado, proceso que se acelera a ojos vista. \u00bfSon conscientes las administraciones de la importancia de retomar los principios de gobernanza basados realmente, y no de palabra, en valores? \u00bfExiste alg\u00fan criterio, indicador, estrategia, que no sea el crecimiento del PIB, para explorar los riesgos sociales de esta situaci\u00f3n? \u00bfC\u00f3mo puede una administraci\u00f3n generar confianza en sus administrados: demostrando m\u00e1s conocimientos, mejor capacidad de comunicaci\u00f3n, m\u00e1s cercan\u00eda, \u2026? \u00bfPor qu\u00e9 se produce el desafecto entre la ciudadan\u00eda y las instituciones? \u00bfPuede la formaci\u00f3n de las personas al mando generar confianza social? \u00bfPueden ayudar las tecnociencias a mejorar los mecanismos de representaci\u00f3n \u2013empresarial, sindical, vecinal, pol\u00edtica, \u2026? \u00bfY a identificar los problemas que causan desconfianza?<\/p>\n<p>&nbsp;<\/p>\n<p><strong>Administration and Representation<\/strong><\/p>\n<p><strong>\u00a0<\/strong>Governance is getting increasingly complicated: societies turn more complex, and disciplines grow. How can an administration inspire public confidence: showing better knowledge, more communication skills, more proximity\u2026? Why do citizens, or employees, become disaffected? Can people in the driving seat transmit more trust when they are better informed? Can techno-sciences contribute to better representation mechanisms \u2013for companies, unions, parties, or associations of any kind? Can they help in identifying sources of distrust?<\/p>\n","protected":false},"excerpt":{"rendered":"<p>Administraci\u00f3n y representaci\u00f3n Las tareas de gobierno se han vuelto cada vez m\u00e1s complicadas: las sociedades son m\u00e1s complejas y los saberes, m\u00e1s elaborados. La gesti\u00f3n pol\u00edtica ya no puede aplicar modos, anticuados ante unas sociedades cada vez m\u00e1s desconcertadas, desconectadas de la \u201cclase pol\u00edtica\u201d y decepcionadas por ella, divididas al advertir los enga\u00f1os, las &hellip; <\/p>\n<p class=\"link-more\"><a href=\"https:\/\/www.unioviedo.es\/configober\/index.php\/seccion-iii-administracion-y-representacion\/\" class=\"more-link\">Continuar leyendo<span class=\"screen-reader-text\"> \u00abSecci\u00f3n \/ Section III\u00bb<\/span><\/a><\/p>\n","protected":false},"author":1,"featured_media":182,"parent":0,"menu_order":0,"comment_status":"closed","ping_status":"closed","template":"","meta":{"footnotes":""},"class_list":["post-112","page","type-page","status-publish","has-post-thumbnail","hentry"],"_links":{"self":[{"href":"https:\/\/www.unioviedo.es\/configober\/index.php\/wp-json\/wp\/v2\/pages\/112","targetHints":{"allow":["GET"]}}],"collection":[{"href":"https:\/\/www.unioviedo.es\/configober\/index.php\/wp-json\/wp\/v2\/pages"}],"about":[{"href":"https:\/\/www.unioviedo.es\/configober\/index.php\/wp-json\/wp\/v2\/types\/page"}],"author":[{"embeddable":true,"href":"https:\/\/www.unioviedo.es\/configober\/index.php\/wp-json\/wp\/v2\/users\/1"}],"replies":[{"embeddable":true,"href":"https:\/\/www.unioviedo.es\/configober\/index.php\/wp-json\/wp\/v2\/comments?post=112"}],"version-history":[{"count":6,"href":"https:\/\/www.unioviedo.es\/configober\/index.php\/wp-json\/wp\/v2\/pages\/112\/revisions"}],"predecessor-version":[{"id":253,"href":"https:\/\/www.unioviedo.es\/configober\/index.php\/wp-json\/wp\/v2\/pages\/112\/revisions\/253"}],"wp:featuredmedia":[{"embeddable":true,"href":"https:\/\/www.unioviedo.es\/configober\/index.php\/wp-json\/wp\/v2\/media\/182"}],"wp:attachment":[{"href":"https:\/\/www.unioviedo.es\/configober\/index.php\/wp-json\/wp\/v2\/media?parent=112"}],"curies":[{"name":"wp","href":"https:\/\/api.w.org\/{rel}","templated":true}]}}