{"id":114,"date":"2017-03-14T09:31:43","date_gmt":"2017-03-14T08:31:43","guid":{"rendered":"http:\/\/www.unioviedo.es\/configober\/?page_id=114"},"modified":"2017-09-22T11:54:37","modified_gmt":"2017-09-22T09:54:37","slug":"seccion-iv-comercio","status":"publish","type":"page","link":"https:\/\/www.unioviedo.es\/configober\/index.php\/seccion-iv-comercio\/","title":{"rendered":"Secci\u00f3n \/ Section IV"},"content":{"rendered":"<h4>Comercio<\/h4>\n<p>Como es bien sabido, el comercio genera confianza y se beneficia de ella. Hablamos aqu\u00ed de comercio no s\u00f3lo como compraventa, sino en la acepci\u00f3n m\u00e1s general de intercambio o, mejor a\u00fan, en su sentido de comunicaci\u00f3n y trato entre personas. Las crisis econ\u00f3micas y la corrupci\u00f3n muestran, cada vez que aparecen, que la desconfianza mina el comercio, el trato, y es enemiga de la abundancia y del bienestar. \u00bfSon conscientes los agentes comerciales (las empresas, los trabajadores, los consumidores, \u2026) de d\u00f3nde se generaron los principios de gobernanza basados en valores? \u00bfReflexionan los agentes econ\u00f3micos sobre los riesgos que entra\u00f1an el abandono, el olvido o la ignorancia de tales principios? \u00bfC\u00f3mo pueden los agentes comerciales generar confianza? \u00bfC\u00f3mo les afecta la desconfianza? \u00bfPueden las ciencias sociales, con la econom\u00eda a la cabeza, mejorar la gesti\u00f3n de la confianza en el \u00e1mbito econ\u00f3mico? \u00bfY las dem\u00e1s ciencias y t\u00e9cnicas? \u00bfQu\u00e9 papel desempe\u00f1a eso que llamamos tecnolog\u00eda en nuestras econom\u00edas y sociedades? \u00bfNo es la carrera por la innovaci\u00f3n una forma de poner en peligro la confianza? \u00bfQu\u00e9 relaci\u00f3n hay entre progreso y confianza? \u00bfY entre estabilidad y confianza?<\/p>\n<p>&nbsp;<\/p>\n<p><strong>Trade<\/strong><\/p>\n<p>As is well known, trade creates trust and benefits from it. Trade stands not only for buying and selling, but also for any occupation or business, and for making any kind of exchange between people. Economic crises and corruption show how mistrust undermines trade and reduces social intercourse. The lack of trust is at odds with abundance and weal. How can trading agents (companies, workers, consumers\u2026) raise trust around them? How are they affected by distrust? Can social sciences, particularly economics, improve the management of trust in the economy? What about other sciences? What is the role of technology in our economies and societies? Could the race for innovation endanger trust? What is the relation between progress and trust? And between stability and trust?<\/p>\n","protected":false},"excerpt":{"rendered":"<p>Comercio Como es bien sabido, el comercio genera confianza y se beneficia de ella. Hablamos aqu\u00ed de comercio no s\u00f3lo como compraventa, sino en la acepci\u00f3n m\u00e1s general de intercambio o, mejor a\u00fan, en su sentido de comunicaci\u00f3n y trato entre personas. Las crisis econ\u00f3micas y la corrupci\u00f3n muestran, cada vez que aparecen, que la &hellip; <\/p>\n<p class=\"link-more\"><a href=\"https:\/\/www.unioviedo.es\/configober\/index.php\/seccion-iv-comercio\/\" class=\"more-link\">Continuar leyendo<span class=\"screen-reader-text\"> \u00abSecci\u00f3n \/ Section IV\u00bb<\/span><\/a><\/p>\n","protected":false},"author":1,"featured_media":183,"parent":0,"menu_order":0,"comment_status":"closed","ping_status":"closed","template":"","meta":{"footnotes":""},"class_list":["post-114","page","type-page","status-publish","has-post-thumbnail","hentry"],"_links":{"self":[{"href":"https:\/\/www.unioviedo.es\/configober\/index.php\/wp-json\/wp\/v2\/pages\/114","targetHints":{"allow":["GET"]}}],"collection":[{"href":"https:\/\/www.unioviedo.es\/configober\/index.php\/wp-json\/wp\/v2\/pages"}],"about":[{"href":"https:\/\/www.unioviedo.es\/configober\/index.php\/wp-json\/wp\/v2\/types\/page"}],"author":[{"embeddable":true,"href":"https:\/\/www.unioviedo.es\/configober\/index.php\/wp-json\/wp\/v2\/users\/1"}],"replies":[{"embeddable":true,"href":"https:\/\/www.unioviedo.es\/configober\/index.php\/wp-json\/wp\/v2\/comments?post=114"}],"version-history":[{"count":6,"href":"https:\/\/www.unioviedo.es\/configober\/index.php\/wp-json\/wp\/v2\/pages\/114\/revisions"}],"predecessor-version":[{"id":254,"href":"https:\/\/www.unioviedo.es\/configober\/index.php\/wp-json\/wp\/v2\/pages\/114\/revisions\/254"}],"wp:featuredmedia":[{"embeddable":true,"href":"https:\/\/www.unioviedo.es\/configober\/index.php\/wp-json\/wp\/v2\/media\/183"}],"wp:attachment":[{"href":"https:\/\/www.unioviedo.es\/configober\/index.php\/wp-json\/wp\/v2\/media?parent=114"}],"curies":[{"name":"wp","href":"https:\/\/api.w.org\/{rel}","templated":true}]}}