{"id":116,"date":"2017-03-14T09:32:22","date_gmt":"2017-03-14T08:32:22","guid":{"rendered":"http:\/\/www.unioviedo.es\/configober\/?page_id=116"},"modified":"2017-09-22T11:55:39","modified_gmt":"2017-09-22T09:55:39","slug":"seccion-v-cuidado","status":"publish","type":"page","link":"https:\/\/www.unioviedo.es\/configober\/index.php\/seccion-v-cuidado\/","title":{"rendered":"Secci\u00f3n \/ Section V"},"content":{"rendered":"<h4>Cuidado<\/h4>\n<p>La confianza mantiene una peculiar relaci\u00f3n con el cuidado. Cuidarnos unos a otros es algo que los seres humanos tendemos a hacer espont\u00e1neamente en un clima de confianza. Como es conocido, y experimentos recientes en econom\u00eda conductual han demostrado, cuidamos m\u00e1s de \u201clos nuestros\u201d que de los \u201cotros\u201d. Sorprendentemente, empieza a detectarse un efecto rebote de la globalizaci\u00f3n y del uso desregulado de las tecnolog\u00edas de las comunicaciones: un incremento exponencial de la individualizaci\u00f3n que se acompa\u00f1a con s\u00edntomas de aislamiento inducido tecnol\u00f3gicamente. Si fuera verdad que vivimos en un \u201cmundo globalizado\u201d, \u00bfc\u00f3mo evolucionar\u00eda esa tendencia a ocuparse m\u00e1s de lo propio? \u00bfAvanza eso que unos llaman solidaridad, que antes se llamaba m\u00e1s propiamente caridad y que tambi\u00e9n ha recibido el nombre de humanidad? Si los efectos fueran los enunciados arriba, \u00bfhabr\u00eda que formar a los cuidadores, a la sociedad en general, en principios de gobernanza basados en valores? \u00bfPueden las ciencias y tecnolog\u00edas ampliar o definir el alcance de lo humanitario? Si aumenta la desconfianza, \u00bfaumentar\u00e1 tambi\u00e9n el descuido? \u00bfEs el conocimiento un motor de preocupaci\u00f3n positiva por el entorno \u2013lo otro humano y no humano\u2013\u00a0o lleva al escepticismo? \u00bfC\u00f3mo se cuida de maneras de vida, creencias, formas de relaci\u00f3n que no son del todo coherentes con las conclusiones tecno-cient\u00edficas? \u00bfPodemos confiar en las ciencias y tecnolog\u00edas como instrumento para afrontar los grandes retos de las organizaciones humanitarias: hambre, guerra, plagas, injusticias, \u2026?<\/p>\n<p><strong>Care<\/strong><\/p>\n<p>The ties that bind trust and care are particularly close. Human beings take care of each other spontaneously when trust is around. Behavioural economics has demonstrated something we knew intuitively: we are more prone to take care of \u2018one of us\u2019 than of \u2018the others\u2019. If it is true that we live in a globalising world, how will this tendency to take greater care of \u2018us\u2019 evolve? Is solidarity (formerly charity, or humanity) progressing? Can sciences and technologies broaden or narrow the realm of humaneness? When mistrust grows, does carelessness grow along with it? Does more knowledge push towards taking better care of the environment (both human and non-human) or does it lead to scepticism? How can we take care of ways of life, beliefs, or social forms that contradict scientific findings? Can we trust sciences and technologies as tools to tackle major humanitarian challenges: famines, wars, plagues, and all forms of injustice?<\/p>\n","protected":false},"excerpt":{"rendered":"<p>Cuidado La confianza mantiene una peculiar relaci\u00f3n con el cuidado. Cuidarnos unos a otros es algo que los seres humanos tendemos a hacer espont\u00e1neamente en un clima de confianza. Como es conocido, y experimentos recientes en econom\u00eda conductual han demostrado, cuidamos m\u00e1s de \u201clos nuestros\u201d que de los \u201cotros\u201d. Sorprendentemente, empieza a detectarse un efecto &hellip; <\/p>\n<p class=\"link-more\"><a href=\"https:\/\/www.unioviedo.es\/configober\/index.php\/seccion-v-cuidado\/\" class=\"more-link\">Continuar leyendo<span class=\"screen-reader-text\"> \u00abSecci\u00f3n \/ Section V\u00bb<\/span><\/a><\/p>\n","protected":false},"author":1,"featured_media":185,"parent":0,"menu_order":0,"comment_status":"closed","ping_status":"closed","template":"","meta":{"footnotes":""},"class_list":["post-116","page","type-page","status-publish","has-post-thumbnail","hentry"],"_links":{"self":[{"href":"https:\/\/www.unioviedo.es\/configober\/index.php\/wp-json\/wp\/v2\/pages\/116","targetHints":{"allow":["GET"]}}],"collection":[{"href":"https:\/\/www.unioviedo.es\/configober\/index.php\/wp-json\/wp\/v2\/pages"}],"about":[{"href":"https:\/\/www.unioviedo.es\/configober\/index.php\/wp-json\/wp\/v2\/types\/page"}],"author":[{"embeddable":true,"href":"https:\/\/www.unioviedo.es\/configober\/index.php\/wp-json\/wp\/v2\/users\/1"}],"replies":[{"embeddable":true,"href":"https:\/\/www.unioviedo.es\/configober\/index.php\/wp-json\/wp\/v2\/comments?post=116"}],"version-history":[{"count":7,"href":"https:\/\/www.unioviedo.es\/configober\/index.php\/wp-json\/wp\/v2\/pages\/116\/revisions"}],"predecessor-version":[{"id":255,"href":"https:\/\/www.unioviedo.es\/configober\/index.php\/wp-json\/wp\/v2\/pages\/116\/revisions\/255"}],"wp:featuredmedia":[{"embeddable":true,"href":"https:\/\/www.unioviedo.es\/configober\/index.php\/wp-json\/wp\/v2\/media\/185"}],"wp:attachment":[{"href":"https:\/\/www.unioviedo.es\/configober\/index.php\/wp-json\/wp\/v2\/media?parent=116"}],"curies":[{"name":"wp","href":"https:\/\/api.w.org\/{rel}","templated":true}]}}