{"id":118,"date":"2017-03-14T09:33:03","date_gmt":"2017-03-14T08:33:03","guid":{"rendered":"http:\/\/www.unioviedo.es\/configober\/?page_id=118"},"modified":"2017-09-22T11:56:49","modified_gmt":"2017-09-22T09:56:49","slug":"seccion-vi-ocio-y-disfrute","status":"publish","type":"page","link":"https:\/\/www.unioviedo.es\/configober\/index.php\/seccion-vi-ocio-y-disfrute\/","title":{"rendered":"Secci\u00f3n \/ Section VI"},"content":{"rendered":"<h4>Ocio y disfrute<\/h4>\n<p>La confianza tambi\u00e9n es indispensable para el goce vital: viajamos, leemos, conversamos, vamos al cine, vemos la televisi\u00f3n, hacemos deporte o asistimos a un partido, escuchamos o producimos m\u00fasica, investigamos, nos relacionamos m\u00e1s cuando estamos en un entorno de confianza. Pero, \u00bfpueden el ocio y el disfrute generar, a su vez, confianza, y por tanto abundancia, bienestar, conocimiento, \u2026? El papel del deporte o la cocina en los \u00faltimos a\u00f1os parece constituir una prueba a favor. Si eso es as\u00ed, \u00bfhabr\u00eda que introducir en las instituciones que forman profesionales del ocio principios de gobernanza basados en valores? La confianza es clave para el jugador, la entrenadora, el equipo, la afici\u00f3n; para la clientela y el cocinero; el viajero y la hostelera; la presentadora y el telespectador; la aerol\u00ednea y sus pasajeros\u2026 \u00a0Las ciencias y tecnolog\u00edas tambi\u00e9n desempe\u00f1an un papel relevante en la generaci\u00f3n de esa confianza. Las relaciones ociosas mediadas tecno-cient\u00edficamente, \u00bfson m\u00e1s o menos fiables que las directas? Etc.<\/p>\n<p>&nbsp;<\/p>\n<p><strong>Leisure<\/strong><\/p>\n<p>Trust is necessary to enjoy life: we travel, read, chat, watch films, play or compose music, research, do research, and relate to others more often when we are in a trust environment. But, could leisure itself generate trust \u2013and abundance, wellbeing, and knowledge by the same token? The increasing role of sports and cooking, for instance, seems to be a proof in favour of this hypothesis. Trust is key for players, coaches, teams, fans, guests, cooks, and foodies, and sciences and technologies can contribute to produce it. Transport is a relevant area too. Obviously, our current means of transport are conspicuous products of scientific and technological power. Do they add to our trust and knowledge? The technologically mediated leisure, is trust worthier than the non-technological one? \u2026<\/p>\n","protected":false},"excerpt":{"rendered":"<p>Ocio y disfrute La confianza tambi\u00e9n es indispensable para el goce vital: viajamos, leemos, conversamos, vamos al cine, vemos la televisi\u00f3n, hacemos deporte o asistimos a un partido, escuchamos o producimos m\u00fasica, investigamos, nos relacionamos m\u00e1s cuando estamos en un entorno de confianza. Pero, \u00bfpueden el ocio y el disfrute generar, a su vez, confianza, &hellip; <\/p>\n<p class=\"link-more\"><a href=\"https:\/\/www.unioviedo.es\/configober\/index.php\/seccion-vi-ocio-y-disfrute\/\" class=\"more-link\">Continuar leyendo<span class=\"screen-reader-text\"> \u00abSecci\u00f3n \/ Section VI\u00bb<\/span><\/a><\/p>\n","protected":false},"author":1,"featured_media":187,"parent":0,"menu_order":0,"comment_status":"closed","ping_status":"closed","template":"","meta":{"footnotes":""},"class_list":["post-118","page","type-page","status-publish","has-post-thumbnail","hentry"],"_links":{"self":[{"href":"https:\/\/www.unioviedo.es\/configober\/index.php\/wp-json\/wp\/v2\/pages\/118","targetHints":{"allow":["GET"]}}],"collection":[{"href":"https:\/\/www.unioviedo.es\/configober\/index.php\/wp-json\/wp\/v2\/pages"}],"about":[{"href":"https:\/\/www.unioviedo.es\/configober\/index.php\/wp-json\/wp\/v2\/types\/page"}],"author":[{"embeddable":true,"href":"https:\/\/www.unioviedo.es\/configober\/index.php\/wp-json\/wp\/v2\/users\/1"}],"replies":[{"embeddable":true,"href":"https:\/\/www.unioviedo.es\/configober\/index.php\/wp-json\/wp\/v2\/comments?post=118"}],"version-history":[{"count":8,"href":"https:\/\/www.unioviedo.es\/configober\/index.php\/wp-json\/wp\/v2\/pages\/118\/revisions"}],"predecessor-version":[{"id":256,"href":"https:\/\/www.unioviedo.es\/configober\/index.php\/wp-json\/wp\/v2\/pages\/118\/revisions\/256"}],"wp:featuredmedia":[{"embeddable":true,"href":"https:\/\/www.unioviedo.es\/configober\/index.php\/wp-json\/wp\/v2\/media\/187"}],"wp:attachment":[{"href":"https:\/\/www.unioviedo.es\/configober\/index.php\/wp-json\/wp\/v2\/media?parent=118"}],"curies":[{"name":"wp","href":"https:\/\/api.w.org\/{rel}","templated":true}]}}