{"id":199,"date":"2017-05-04T10:31:47","date_gmt":"2017-05-04T08:31:47","guid":{"rendered":"http:\/\/www.unioviedo.es\/configober\/?page_id=199"},"modified":"2017-07-27T11:44:45","modified_gmt":"2017-07-27T09:44:45","slug":"comite-cientifico-scientific-committee","status":"publish","type":"page","link":"https:\/\/www.unioviedo.es\/configober\/index.php\/comite-cientifico-scientific-committee\/","title":{"rendered":"Comit\u00e9 cient\u00edfico \/ Scientific Committee"},"content":{"rendered":"<p>Javier Echeverr\u00eda (Ikerbasque \/ UPV)<\/p>\n<p>Marta I. Gonz\u00e1lez (Universidad de Oviedo)<\/p>\n<p>Jos\u00e9 Antonio L\u00f3pez Cerezo (Universidad de Oviedo)<\/p>\n<p>Jos\u00e9 Luis Luj\u00e1n (Universitat de les Illes Balears)<\/p>\n<p>Eulalia P\u00e9rez Sede\u00f1o (CSIC)<\/p>\n<p>Noem\u00ed Sanz (Universitat de les Illes Balears)<\/p>\n<p>Oliver Todt (Universitat de les Illes Balears)<\/p>\n","protected":false},"excerpt":{"rendered":"<p>Javier Echeverr\u00eda (Ikerbasque \/ UPV) Marta I. Gonz\u00e1lez (Universidad de Oviedo) Jos\u00e9 Antonio L\u00f3pez Cerezo (Universidad de Oviedo) Jos\u00e9 Luis Luj\u00e1n (Universitat de les Illes Balears) Eulalia P\u00e9rez Sede\u00f1o (CSIC) Noem\u00ed Sanz (Universitat de les Illes Balears) Oliver Todt (Universitat de les Illes Balears)<\/p>\n","protected":false},"author":1,"featured_media":0,"parent":0,"menu_order":0,"comment_status":"closed","ping_status":"closed","template":"","meta":{"footnotes":""},"class_list":["post-199","page","type-page","status-publish","hentry"],"_links":{"self":[{"href":"https:\/\/www.unioviedo.es\/configober\/index.php\/wp-json\/wp\/v2\/pages\/199","targetHints":{"allow":["GET"]}}],"collection":[{"href":"https:\/\/www.unioviedo.es\/configober\/index.php\/wp-json\/wp\/v2\/pages"}],"about":[{"href":"https:\/\/www.unioviedo.es\/configober\/index.php\/wp-json\/wp\/v2\/types\/page"}],"author":[{"embeddable":true,"href":"https:\/\/www.unioviedo.es\/configober\/index.php\/wp-json\/wp\/v2\/users\/1"}],"replies":[{"embeddable":true,"href":"https:\/\/www.unioviedo.es\/configober\/index.php\/wp-json\/wp\/v2\/comments?post=199"}],"version-history":[{"count":4,"href":"https:\/\/www.unioviedo.es\/configober\/index.php\/wp-json\/wp\/v2\/pages\/199\/revisions"}],"predecessor-version":[{"id":222,"href":"https:\/\/www.unioviedo.es\/configober\/index.php\/wp-json\/wp\/v2\/pages\/199\/revisions\/222"}],"wp:attachment":[{"href":"https:\/\/www.unioviedo.es\/configober\/index.php\/wp-json\/wp\/v2\/media?parent=199"}],"curies":[{"name":"wp","href":"https:\/\/api.w.org\/{rel}","templated":true}]}}