{"id":1111,"date":"2021-10-05T10:00:00","date_gmt":"2021-10-05T08:00:00","guid":{"rendered":"https:\/\/www.unioviedo.es\/cylaei\/?page_id=1111"},"modified":"2026-04-09T21:35:11","modified_gmt":"2026-04-09T19:35:11","slug":"organization","status":"publish","type":"page","link":"https:\/\/www.unioviedo.es\/cylaei\/en\/organization\/","title":{"rendered":"Organization"},"content":{"rendered":"\n<h2 class=\"wp-block-heading\">Chairman<\/h2>\n\n\n\n<p>Javier Fombona Cadavieco. University of Oviedo<\/p>\n\n\n\n<h2 class=\"wp-block-heading\">Secretary General<\/h2>\n\n\n\n<p>Juan Andr\u00e9s Garc\u00eda Torres. Consejer\u00eda de Educaci\u00f3n de la Junta de Castilla y Le\u00f3n<\/p>\n\n\n\n<p>Mar\u00eda \u00c1ngeles Pascual Sevillano. University of Oviedo<\/p>\n\n\n\n<p>Esther Hern\u00e1ndez Revuelta. Consejer\u00eda de Educaci\u00f3n de la Junta de Castilla y Le\u00f3n<\/p>\n\n\n\n<h2 class=\"wp-block-heading\">General Technical Secretariat<\/h2>\n\n\n\n<p>Rafael Navas Sanz.  CEPA Victoriano Cr\u00e9mer<\/p>\n\n\n\n<hr class=\"wp-block-separator has-text-color has-vivid-cyan-blue-color has-css-opacity has-vivid-cyan-blue-background-color has-background is-style-default\"\/>\n\n\n\n<h2 class=\"wp-block-heading\">Committee of Honour<\/h2>\n\n\n\n<p>Hon. and Magfco. Mr. D. Ignacio Villaverde Men\u00e9ndez. Rector of the University of Oviedo<\/p>\n\n\n\n<p>Dr in\u017c. Grzegorz Koc. Rector of the State Vocational University Ignacy Mo\u015bcicki in Ciechan\u00f3w,<\/p>\n\n\n\n<p>Honorable Mrs. Roc\u00edo Lucas Navas, Councilor of Education of the Junta de Castilla y Le\u00f3n<\/p>\n\n\n\n<p>Mayor Mr. Guzm\u00e1n G\u00f3mez Alonso. Medina del Campo<\/p>\n\n\n\n<p>Mrs. Councilor of Education, Culture and Consumption and New Technologies Mrs. M\u00aa Cristina Aranda Mateos. Medina del Campo<\/p>\n\n\n\n<p>Ilmo. Mr. Celestino Rodr\u00edguez P\u00e9rez. Dean of the Faculty of Teacher Training and Education of the University of Oviedo<\/p>\n\n\n\n<hr class=\"wp-block-separator has-text-color has-vivid-cyan-blue-color has-css-opacity has-vivid-cyan-blue-background-color has-background is-style-default\"\/>\n\n\n\n<h2 class=\"wp-block-heading\">Scientific Committee<\/h2>\n\n\n\n<ul class=\"wp-block-list\">\n<li>Susana Agudo Prado. University of Oviedo<\/li>\n\n\n\n<li>Sandra Arroyo Salgueira. University of Alicante)<\/li>\n\n\n\n<li>Andr\u00e9s Fernando Avil\u00e9s D\u00e1vila. Complutense University of Madrid<\/li>\n\n\n\n<li>Caterina Bembich. University of Trieste<\/li>\n\n\n\n<li>Cristina Buedo Guirado. UNIR<\/li>\n\n\n\n<li>Jos\u00e9 Antonio Bueno \u00c1lvarez. Complutense University of Madrid<\/li>\n\n\n\n<li>Maria del Mar Cam\u00fas Ferri. University of Alicante<\/li>\n\n\n\n<li>Gina Chianese. University of Trieste<\/li>\n\n\n\n<li>Elena D&#8217;Antoni. CPIA Padova<\/li>\n\n\n\n<li>Tamara de la Torre Cruz. University of Burgos<\/li>\n\n\n\n<li>Rolando D\u00edaz Ord\u00f3\u00f1ez. University of Oviedo<\/li>\n\n\n\n<li>H\u00e9ctor Benito D\u00edez Berzosa. CEPA Conde de Aranda<\/li>\n\n\n\n<li>Mar\u00eda del Camino Escolar Llamazares. University of Burgos<\/li>\n\n\n\n<li>Mar\u00eda \u00c1ngeles Fern\u00e1ndez Gonz\u00e1lez. University of Oviedo<\/li>\n\n\n\n<li>Javier Fombona Cadavieco. University of Oviedo<\/li>\n\n\n\n<li>Gianni Franco. CPIA Padova<\/li>\n\n\n\n<li>Marta Soledad Garc\u00eda Rodr\u00edguez. University of Oviedo<\/li>\n\n\n\n<li>H\u00e9ctor Gonz\u00e1lez Mayorga. Aula EPA Sahag\u00fan de Campos \/ University of Le\u00f3n<\/li>\n\n\n\n<li>Mar\u00eda del Carmen Gonz\u00e1lez-Videgaray. UNAM<\/li>\n\n\n\n<li>Esther Hern\u00e1ndez Revuelta. Department of Education of the Regional Government of Castile and Leon<\/li>\n\n\n\n<li>Azucena Hern\u00e1ndez S\u00e1nchez. University of Valladolid<\/li>\n\n\n\n<li>Mar\u00eda del Carmen Hernanz Moral. CEPA Muro<\/li>\n\n\n\n<li>Marcos J. Iglesias. University of Alicante<\/li>\n\n\n\n<li>In\u00e9s Lozano-Cabezas. University of Alicante<\/li>\n\n\n\n<li>Susana Molina Mart\u00edn. University of Oviedo<\/li>\n\n\n\n<li>Alessandro Moretti. CPIA Padova<\/li>\n\n\n\n<li>Rafael Navas Sanz. CEPA Victoriano Cr\u00e9mer<\/li>\n\n\n\n<li>Mar\u00eda \u00c1ngeles Pascual Sevillano. University of Oviedo<\/li>\n\n\n\n<li>Chiara Pasquato. CPIA Padova<\/li>\n\n\n\n<li>Marianna Piccioli. University of Florence<\/li>\n\n\n\n<li>Susana S\u00e1nchez Castro. University of Oviedo<\/li>\n\n\n\n<li>Beatriz Sierra Arizmendiarrieta. University of Oviedo<\/li>\n\n\n\n<li>Paolo Sorzio. University of Trieste<\/li>\n\n\n\n<li>Katarzyna Szyma\u0144ska. Panstwowa Uczeinia Zawodowa University<\/li>\n\n\n\n<li>Susana Torio L\u00f3pez. University of Oviedo<\/li>\n\n\n\n<li>Miroslav Vales. Technical University of Liberec<\/li>\n<\/ul>\n\n\n\n<hr class=\"wp-block-separator has-text-color has-vivid-cyan-blue-color has-css-opacity has-vivid-cyan-blue-background-color has-background is-style-default\"\/>\n\n\n\n<h2 class=\"wp-block-heading\">Organizing Committee<\/h2>\n\n\n\n<ul class=\"wp-block-list\">\n<li>Javier Fombona Cadavieco. University of Oviedo<\/li>\n\n\n\n<li>Marta Soledad Garc\u00eda Rodr\u00edguez. University of Oviedo<\/li>\n\n\n\n<li>Juan Andr\u00e9s Garc\u00eda Torres. Consejer\u00eda de Educaci\u00f3n de la Junta de Castilla y Le\u00f3n<\/li>\n\n\n\n<li>Esther Hern\u00e1ndez Revuelta. Consejer\u00eda de Educaci\u00f3n de la Junta de Castilla y Le\u00f3n<\/li>\n\n\n\n<li>Rafael Navas Sanz. CEPA Victoriano Cr\u00e9mer<\/li>\n\n\n\n<li>Mar\u00eda \u00c1ngeles Pascual. University of Oviedo<\/li>\n\n\n\n<li>Susana S\u00e1nchez Castro. University of Oviedo<\/li>\n<\/ul>\n\n\n\n<hr class=\"wp-block-separator has-text-color has-vivid-cyan-blue-color has-css-opacity has-vivid-cyan-blue-background-color has-background is-style-default\"\/>\n\n\n\n<div style=\"height:50px\" aria-hidden=\"true\" class=\"wp-block-spacer\"><\/div>\n\n\n\n<p><\/p>\n","protected":false},"excerpt":{"rendered":"<p>Chairman Javier Fombona Cadavieco. University of Oviedo Secretary General Juan Andr\u00e9s Garc\u00eda Torres. Consejer\u00eda de Educaci\u00f3n de la Junta de Castilla y Le\u00f3n Mar\u00eda \u00c1ngeles Pascual Sevillano. University of Oviedo Esther Hern\u00e1ndez Revuelta. Consejer\u00eda de Educaci\u00f3n de la Junta de Castilla y Le\u00f3n General Technical Secretariat Rafael Navas Sanz. CEPA Victoriano Cr\u00e9mer Committee of Honour [&hellip;]<\/p>\n","protected":false},"author":2,"featured_media":0,"parent":0,"menu_order":0,"comment_status":"closed","ping_status":"closed","template":"","meta":{"ocean_post_layout":"","ocean_both_sidebars_style":"","ocean_both_sidebars_content_width":0,"ocean_both_sidebars_sidebars_width":0,"ocean_sidebar":"0","ocean_second_sidebar":"0","ocean_disable_margins":"enable","ocean_add_body_class":"","ocean_shortcode_before_top_bar":"","ocean_shortcode_after_top_bar":"","ocean_shortcode_before_header":"","ocean_shortcode_after_header":"","ocean_has_shortcode":"","ocean_shortcode_after_title":"","ocean_shortcode_before_footer_widgets":"","ocean_shortcode_after_footer_widgets":"","ocean_shortcode_before_footer_bottom":"","ocean_shortcode_after_footer_bottom":"","ocean_display_top_bar":"default","ocean_display_header":"default","ocean_header_style":"","ocean_center_header_left_menu":"0","ocean_custom_header_template":"0","ocean_custom_logo":0,"ocean_custom_retina_logo":0,"ocean_custom_logo_max_width":0,"ocean_custom_logo_tablet_max_width":0,"ocean_custom_logo_mobile_max_width":0,"ocean_custom_logo_max_height":0,"ocean_custom_logo_tablet_max_height":0,"ocean_custom_logo_mobile_max_height":0,"ocean_header_custom_menu":"0","ocean_menu_typo_font_family":"0","ocean_menu_typo_font_subset":"","ocean_menu_typo_font_size":0,"ocean_menu_typo_font_size_tablet":0,"ocean_menu_typo_font_size_mobile":0,"ocean_menu_typo_font_size_unit":"px","ocean_menu_typo_font_weight":"","ocean_menu_typo_font_weight_tablet":"","ocean_menu_typo_font_weight_mobile":"","ocean_menu_typo_transform":"","ocean_menu_typo_transform_tablet":"","ocean_menu_typo_transform_mobile":"","ocean_menu_typo_line_height":0,"ocean_menu_typo_line_height_tablet":0,"ocean_menu_typo_line_height_mobile":0,"ocean_menu_typo_line_height_unit":"","ocean_menu_typo_spacing":0,"ocean_menu_typo_spacing_tablet":0,"ocean_menu_typo_spacing_mobile":0,"ocean_menu_typo_spacing_unit":"","ocean_menu_link_color":"","ocean_menu_link_color_hover":"","ocean_menu_link_color_active":"","ocean_menu_link_background":"","ocean_menu_link_hover_background":"","ocean_menu_link_active_background":"","ocean_menu_social_links_bg":"","ocean_menu_social_hover_links_bg":"","ocean_menu_social_links_color":"","ocean_menu_social_hover_links_color":"","ocean_disable_title":"default","ocean_disable_heading":"default","ocean_post_title":"","ocean_post_subheading":"","ocean_post_title_style":"","ocean_post_title_background_color":"","ocean_post_title_background":0,"ocean_post_title_bg_image_position":"","ocean_post_title_bg_image_attachment":"","ocean_post_title_bg_image_repeat":"","ocean_post_title_bg_image_size":"","ocean_post_title_height":0,"ocean_post_title_bg_overlay":0.5,"ocean_post_title_bg_overlay_color":"","ocean_disable_breadcrumbs":"default","ocean_breadcrumbs_color":"","ocean_breadcrumbs_separator_color":"","ocean_breadcrumbs_links_color":"","ocean_breadcrumbs_links_hover_color":"","ocean_display_footer_widgets":"default","ocean_display_footer_bottom":"default","ocean_custom_footer_template":"0","footnotes":""},"class_list":["post-1111","page","type-page","status-publish","hentry","entry"],"_links":{"self":[{"href":"https:\/\/www.unioviedo.es\/cylaei\/wp-json\/wp\/v2\/pages\/1111","targetHints":{"allow":["GET"]}}],"collection":[{"href":"https:\/\/www.unioviedo.es\/cylaei\/wp-json\/wp\/v2\/pages"}],"about":[{"href":"https:\/\/www.unioviedo.es\/cylaei\/wp-json\/wp\/v2\/types\/page"}],"author":[{"embeddable":true,"href":"https:\/\/www.unioviedo.es\/cylaei\/wp-json\/wp\/v2\/users\/2"}],"replies":[{"embeddable":true,"href":"https:\/\/www.unioviedo.es\/cylaei\/wp-json\/wp\/v2\/comments?post=1111"}],"version-history":[{"count":0,"href":"https:\/\/www.unioviedo.es\/cylaei\/wp-json\/wp\/v2\/pages\/1111\/revisions"}],"wp:attachment":[{"href":"https:\/\/www.unioviedo.es\/cylaei\/wp-json\/wp\/v2\/media?parent=1111"}],"curies":[{"name":"wp","href":"https:\/\/api.w.org\/{rel}","templated":true}]}}