{"id":159,"date":"2021-08-30T10:05:53","date_gmt":"2021-08-30T08:05:53","guid":{"rendered":"https:\/\/www.unioviedo.es\/cylaei\/?page_id=159"},"modified":"2022-06-16T07:55:38","modified_gmt":"2022-06-16T05:55:38","slug":"inscripcion","status":"publish","type":"page","link":"https:\/\/www.unioviedo.es\/cylaei\/inscripcion\/","title":{"rendered":"Inscripci\u00f3n"},"content":{"rendered":"\n<p>La participaci\u00f3n es gratuita, en idioma espa\u00f1ol o ingl\u00e9s, y en dos modalidades compatibles entre s\u00ed:<\/p>\n\n\n\n<ul class=\"wp-block-list\"><li>Inscripci\u00f3n y Participaci\u00f3n virtual con comunicaci\u00f3n, videocomunicaci\u00f3n o p\u00f3ster. <ul><li>Cada aportaci\u00f3n recibir\u00e1 Certificado de la&nbsp; <em>Universidad de Oviedo (Espa\u00f1a) <em>y la&nbsp;Consejer\u00eda de Educaci\u00f3n de la Junta de Castilla y Le\u00f3n (Espa\u00f1a)<\/em>. <\/em><\/li><li><em>Fecha l\u00edmite de entrega de aportaciones: 28 de febrero de 2022 en el correo electr\u00f3nico <\/em><a rel=\"noreferrer noopener\" href=\"mailto:cylaei@uniovi.es\" target=\"_blank\">cylaei@uniovi.es<\/a><\/li><\/ul><\/li><\/ul>\n\n\n\n<ul class=\"wp-block-list\"><li>Inscripci\u00f3n y Participaci\u00f3n como asistente a la Jornada presencial del d\u00eda 30 de junio de 2022.<ul><li>Cada asistente recibir\u00e1 un Diploma de Asistencia de la Universidad de Oviedo y de la Consejer\u00eda de Educaci\u00f3n de la Junta de Castilla y Le\u00f3n (Espa\u00f1a), certificando el n\u00famero de horas.<\/li><\/ul><\/li><\/ul>\n\n\n\n<p class=\"has-text-align-left\">Todas las aportaciones ser\u00e1n de libre visionado, pudiendo interactuar s\u00f3lo las personas registradas en el congreso.&nbsp;<\/p>\n\n\n\n<p><strong>Aportaciones virtuales: comunicaciones, videocomunicaciones, p\u00f3ster\/infograf\u00edas<\/strong><\/p>\n\n\n\n<p>Las aportaciones deben acotarse en:<\/p>\n\n\n\n<ul class=\"wp-block-list\"><li>Un eje tem\u00e1tico<\/li><li>Un idioma: Ingl\u00e9s o Espa\u00f1ol<\/li><li>Una tipolog\u00eda: comunicaci\u00f3n, videocomunicaci\u00f3n, p\u00f3ster\/infograf\u00eda<\/li><li>Datos de autor\u00eda (m\u00e1ximo 3 autores)<\/li><li>Declaraci\u00f3n firmada de autor\u00eda y originalidad.<\/li><\/ul>\n\n\n\n<h3 class=\"wp-block-heading\"><strong>Instrucciones para los autores<\/strong><\/h3>\n\n\n\n<h3 class=\"wp-block-heading\">&#8211; <strong>Normas Resumen de propuesta<\/strong><\/h3>\n\n\n\n<blockquote class=\"wp-block-quote is-layout-flow wp-block-quote-is-layout-flow\"><p>Los documentos tendr\u00e1n como nombre el siguiente patr\u00f3n:<\/p><p><strong>COM_APELLIDO1_APELLIDO2_NOMBRE<\/strong> (para comunicaci\u00f3n escrita)<\/p><p><strong>POS_APELLIDO1_APELLIDO2_NOMBRE<\/strong> (para p\u00f3ster\/infograf\u00eda)<\/p><p><strong>VID_APELLIDO1_APELLIDO2_NOMBRE<\/strong> (para comunicaci\u00f3n en v\u00eddeo)<\/p><p>Ejemplo: Don Andr\u00e9s Fern\u00e1ndez Lomas presenta una comunicaci\u00f3n escrita. El archivo a enviar tendr\u00e1 como nombre: <strong>COM_FERNANDEZ_LOMAS_ANDRES.DOCX<\/strong>.<\/p><\/blockquote>\n\n\n\n<p>Los documentos seguir\u00e1n el modelo WORD de Resumen de Propuesta adjunto. El env\u00edo de un resumen previo no es obligatorio.<\/p>\n\n\n\n<p class=\"has-black-color has-cyan-bluish-gray-background-color has-text-color has-background has-normal-font-size\"><strong>Nota: Si ha accedido con Google Chrome pulse click derecho y elija \u00abGuardar enlace como&#8230;\u00bb para descargar los documentos.<\/strong><\/p>\n\n\n\n<div class=\"wp-block-file aligncenter\"><a href=\"https:\/\/www.unioviedo.es\/cylaei\/wp-content\/uploads\/Modelo_Resumen_Propuesta.docx\" target=\"_blank\" rel=\"noreferrer noopener\">Modelo de resumen de propuesta<\/a><a href=\"https:\/\/www.unioviedo.es\/cylaei\/wp-content\/uploads\/Modelo_Resumen_Propuesta.docx\" class=\"wp-block-file__button\" download>Descarga<\/a><\/div>\n\n\n\n<div style=\"height:42px\" aria-hidden=\"true\" class=\"wp-block-spacer\"><\/div>\n\n\n\n<h3 class=\"wp-block-heading\">&#8211; Normas Comunicaci\u00f3n escrita<\/h3>\n\n\n\n<p>Los documentos seguir\u00e1n el modelo WORD de plantilla-comunicaci\u00f3n adjunto.<\/p>\n\n\n\n<div class=\"wp-block-file aligncenter\"><a href=\"https:\/\/www.unioviedo.es\/cylaei\/wp-content\/uploads\/Modelo_plantilla_comunicacion_ES.docx\" target=\"_blank\" rel=\"noreferrer noopener\">Modelo de plantilla comunicaci\u00f3n<\/a><a href=\"https:\/\/www.unioviedo.es\/cylaei\/wp-content\/uploads\/Modelo_plantilla_comunicacion_ES.docx\" class=\"wp-block-file__button\" download>Descarga<\/a><\/div>\n\n\n\n<div style=\"height:42px\" aria-hidden=\"true\" class=\"wp-block-spacer\"><\/div>\n\n\n\n<h3 class=\"wp-block-heading\"><strong>&#8211;<\/strong> <strong>Normas Videocomunicaci\u00f3n<\/strong><\/h3>\n\n\n\n<p>Los v\u00eddeos seguir\u00e1n este modelo de videocomunicaci\u00f3n (puede ser una presentaci\u00f3n tipo PowerPoint con locuci\u00f3n guardada en formato de v\u00eddeo). Se valorar\u00e1 positivamente la presencia de la figura del autor\/a en el v\u00eddeo.<\/p>\n\n\n\n<div class=\"wp-block-file aligncenter\"><a href=\"https:\/\/www.unioviedo.es\/cylaei\/wp-content\/uploads\/Pautas_videocomunicacion_ES.docx\" target=\"_blank\" rel=\"noreferrer noopener\">Pautas videocomunicaci\u00f3n<\/a><a href=\"https:\/\/www.unioviedo.es\/cylaei\/wp-content\/uploads\/Pautas_videocomunicacion_ES.docx\" class=\"wp-block-file__button\" download>Descarga<\/a><\/div>\n\n\n\n<p>Ejemplo de videocomunicaci\u00f3n:<\/p>\n\n\n\n<p class=\"has-text-align-center\"> <a rel=\"noreferrer noopener\" href=\"https:\/\/youtu.be\/wDlzZ1mL_uw\" data-type=\"URL\" data-id=\"https:\/\/youtu.be\/wDlzZ1mL_uw\" target=\"_blank\">INNTED 2021 Impacto de la plataforma educativa Leobien sobre la competencia en comunicaci\u00f3n ling\u00fc\u00edstica<\/a><\/p>\n\n\n\n<p>Nota: esto es un ejemplo de comunicaci\u00f3n. Para presentar su v\u00eddeo comunicaci\u00f3n considere las normas indicadas en <a href=\"https:\/\/www.unioviedo.es\/cylaei\/wp-content\/uploads\/Pautas_videocomunicacion_ES.docx\">Pautas videocomunicaci\u00f3n<\/a>. Recuerde incluir al principio del v\u00eddeo la imagen <a rel=\"noreferrer noopener\" href=\"https:\/\/www.unioviedo.es\/cylaei\/wp-content\/uploads\/cylaei.png\" data-type=\"URL\" data-id=\"https:\/\/www.unioviedo.es\/cylaei\/wp-content\/uploads\/cylaei.png\" target=\"_blank\">cylaei.png<\/a> y no exceder los 10 minutos de extensi\u00f3n.<\/p>\n\n\n\n<div style=\"height:38px\" aria-hidden=\"true\" class=\"wp-block-spacer\"><\/div>\n\n\n\n<h3 class=\"wp-block-heading\"><strong>&#8211;<\/strong> <strong>Normas p\u00f3ster\/infograf\u00eda<\/strong><\/h3>\n\n\n\n<p>Los documentos seguir\u00e1n el dise\u00f1o indicado en el documento adjunto y se enviar\u00e1n en formato PDF.<\/p>\n\n\n\n<div class=\"wp-block-file aligncenter\"><a href=\"https:\/\/www.unioviedo.es\/cylaei\/wp-content\/uploads\/Pautas_poster_ES.docx\">Pautas comunicaci\u00f3n en p\u00f3ster<\/a><a href=\"https:\/\/www.unioviedo.es\/cylaei\/wp-content\/uploads\/Pautas_poster_ES.docx\" class=\"wp-block-file__button\" download>Descarga<\/a><\/div>\n\n\n\n<div style=\"height:38px\" aria-hidden=\"true\" class=\"wp-block-spacer\"><\/div>\n\n\n\n<hr class=\"wp-block-separator has-text-color has-background\" style=\"background-color:#1d4f9f;color:#1d4f9f\"\/>\n\n\n\n<p>La aceptaci\u00f3n de las aportaciones se basar\u00e1 en criterios formales (debiendo estar correctamente adaptadas a las plantillas del congreso y normas del congreso), orden de llegada (priorizando los primeros env\u00edos sobre los \u00faltimos), y criterios de calidad cient\u00edfica (niveles de innovaci\u00f3n, aportaciones a la comunidad cient\u00edfica, resoluci\u00f3n de problemas o lagunas del conocimiento, avances en las l\u00edneas tem\u00e1ticas).<\/p>\n\n\n\n<p>Siempre y previamente, es necesario realizar la inscripci\u00f3n en el Congreso de todos los autores. Cada aportaci\u00f3n no podr\u00e1 tener m\u00e1s de 3 autores, y una aportaci\u00f3n como m\u00e1ximo por autor\/a.<\/p>\n\n\n\n<p>Cada participaci\u00f3n ser\u00e1 objeto de Interacci\u00f3n entre los participantes inscritos en el congreso, a trav\u00e9s del foro de debate para cada documento, desde el d\u00eda 30 de Junio de 2022 hasta el 10 de Julio de 2022.<\/p>\n\n\n\n<h3 class=\"wp-block-heading\"><strong>Inscripciones <\/strong>(procedimiento)<\/h3>\n\n\n\n<ol class=\"wp-block-list\"><li>Para hacer una aportaci\u00f3n al congreso virtual, ustud debe enviar su DOCUMENTO COMPLETO a <a rel=\"noreferrer noopener\" href=\"mailto:cylaei@uniovi.es\" target=\"_blank\">cylaei@uniovi.es<\/a> antes del <strong>28 de febrero de 2022.<\/strong> Usted recibir\u00e1 un email de confirmaci\u00f3n si su aportaci\u00f3n es aceptada.<\/li><li>Para asistir de forma presencial en Medina del Campo (Valladolid), el d\u00eda 30 de junio de 2022, rellene el formulario de inscripci\u00f3n. La fecha l\u00edmite es el 1 de junio de 2022. <\/li><li>La participaci\u00f3n virtual se desarrollar\u00e1 en los espacios de interacci\u00f3n de esta web desde el 30 de Junio al 10 de Julio de 2022.<\/li><li>Despu\u00e9s de verificar sus aportaciones virtuales y\/o la firma de asistencia a la jornada presencial enviaremos el correspondiente certificado digital de asistencia y\/o participaci\u00f3n virtual.<\/li><li>Los participantes recibir\u00e1n a trav\u00e9s de correo electr\u00f3nico las publicaciones digitales del congreso.<\/li><\/ol>\n\n\n\n<h3 class=\"wp-block-heading\"><strong>Formulario de inscripci\u00f3n online<\/strong> <\/h3>\n\n\n\n<p><\/p>\n\n\n\n<h4 class=\"has-text-align-center has-black-color has-text-color wp-block-heading\"><strong>El periodo de inscripci\u00f3n ha finalizado. <\/strong><\/h4>\n\n\n\n<h4 class=\"has-text-align-center has-black-color has-text-color wp-block-heading\"><strong>Gracias por su inter\u00e9s.<\/strong><\/h4>\n\n\n\n<p class=\"has-black-color has-cyan-bluish-gray-background-color has-text-color has-background has-normal-font-size\"><strong>Nota: Al finalizar la inscripci\u00f3n, no<em> olvide realizar un comentario en <a rel=\"noreferrer noopener\" href=\"https:\/\/www.unioviedo.es\/cylaei\/bienvenidos\/\" target=\"_blank\">https:\/\/www.unioviedo.es\/cylaei\/bienvenidos\/<\/a> para poder participar de forma activa y comentar las aportaciones de los distintos participantes.<\/em><\/strong> <strong><em>Gracias.<\/em><\/strong><\/p>\n\n\n\n<h4 class=\"wp-block-heading\">Criterios de selecci\u00f3n de los asistentes a la jornada presencial<\/h4>\n\n\n\n<p>Teniendo en cuenta la actual situaci\u00f3n, y dado que el aforo para la jornada presencial es limitado por las circunstancias sanitarias, en el caso de que el n\u00famero de solicitudes de participaci\u00f3n para la asistencia presencial en la jornada del 30 de junio de 2022, en Medina del Campo (Valladolid), sea superior al n\u00famero de plazas, se tendr\u00e1n en cuenta los siguientes criterios de selecci\u00f3n:<\/p>\n\n\n\n<ol class=\"wp-block-list\"><li>Profesorado de centros de adultos de Castilla y Le\u00f3n.<\/li><li>Haber presentado alg\u00fan trabajo para el congreso (comunicaci\u00f3n, videocomunicaci\u00f3n, p\u00f3ster).<\/li><li>Que est\u00e9 representado el mayor n\u00famero de centros de educaci\u00f3n de personas adultas de Castilla y Le\u00f3n con la presencia de, al menos, un asistente de cada uno de los centros que figuren inscritos.<\/li><li>Orden de inscripci\u00f3n.<\/li><\/ol>\n\n\n\n<div style=\"height:50px\" aria-hidden=\"true\" class=\"wp-block-spacer\"><\/div>\n\n\n\n<h3 class=\"wp-block-heading\">P<strong>rocedimiento de valoraci\u00f3n de las aportaciones<\/strong>: comunicaciones escritas, posters o video-comunicaciones<\/h3>\n\n\n\n<p>La organizaci\u00f3n del congreso CyLAEI2022 agradece a todos los autores de las aportaciones los env\u00edos realizados \u00a1MUCHAS GRACIAS!&nbsp;<\/p>\n\n\n\n<h4 class=\"wp-block-heading\"><strong>Periodo de correciones formales: hasta 20 de marzo de 2022.&nbsp;<\/strong><\/h4>\n\n\n\n<p>A partir de ahora y hasta el d\u00eda 20 de marzo, se abre un periodo de subsanaci\u00f3n de algunas aportaciones, que ya se ha sugerido espec\u00edficamente a determinados casos para que hagan mejoras de aspectos formales; por ejemplo, la inclusi\u00f3n de referencias bibliogr\u00e1ficas normalizadas, el seguimiento de pautas con relaci\u00f3n al formato del documento, etc. Estas indicaciones son importantes ya que luego las comunicaciones van a tener m\u00e1s f\u00e1cil su publicaci\u00f3n en las revistas adheridas el congreso.&nbsp;<\/p>\n\n\n\n<h4 class=\"wp-block-heading\">Periodo de evaluaci\u00f3n de contenidos : hasta el 3 de abril de 2022<\/h4>\n\n\n\n<p>A partir del 20 de marzo se abre otro periodo donde los integrantes del Comit\u00e9 Cient\u00edfico realizar\u00e1n una evaluaci\u00f3n de los contenidos de cada aportaci\u00f3n. Este periodo tendr\u00e1 otra duraci\u00f3n hasta el 3 de abril. Por lo que, a partir de esa fecha se comunicar\u00e1 a los autores la decisi\u00f3n en cada caso de aceptaci\u00f3n sin modificaciones, aceptaci\u00f3n con modificaciones, o no aceptaci\u00f3n.&nbsp;<\/p>\n\n\n\n<h4 class=\"wp-block-heading\">Periodo de comunicaci\u00f3n de la decisi\u00f3n a los autores: a partir del 3 de abril de 2022&nbsp;<\/h4>\n\n\n\n<p>A partir de este momento puede que se abra otro periodo para realizar determinadas mejoras en los contenidos evaluados con el consiguiente plazo de env\u00edo.&nbsp;<\/p>\n","protected":false},"excerpt":{"rendered":"<p>La participaci\u00f3n es gratuita, en idioma espa\u00f1ol o ingl\u00e9s, y en dos modalidades compatibles entre s\u00ed: Inscripci\u00f3n y Participaci\u00f3n virtual con comunicaci\u00f3n, videocomunicaci\u00f3n o p\u00f3ster. Cada aportaci\u00f3n recibir\u00e1 Certificado de la&nbsp; Universidad de Oviedo (Espa\u00f1a) y la&nbsp;Consejer\u00eda de Educaci\u00f3n de la Junta de Castilla y Le\u00f3n (Espa\u00f1a). Fecha l\u00edmite de entrega de aportaciones: 28 de [&hellip;]<\/p>\n","protected":false},"author":2,"featured_media":0,"parent":0,"menu_order":0,"comment_status":"closed","ping_status":"closed","template":"","meta":{"ocean_post_layout":"","ocean_both_sidebars_style":"","ocean_both_sidebars_content_width":0,"ocean_both_sidebars_sidebars_width":0,"ocean_sidebar":"0","ocean_second_sidebar":"0","ocean_disable_margins":"enable","ocean_add_body_class":"","ocean_shortcode_before_top_bar":"","ocean_shortcode_after_top_bar":"","ocean_shortcode_before_header":"","ocean_shortcode_after_header":"","ocean_has_shortcode":"","ocean_shortcode_after_title":"","ocean_shortcode_before_footer_widgets":"","ocean_shortcode_after_footer_widgets":"","ocean_shortcode_before_footer_bottom":"","ocean_shortcode_after_footer_bottom":"","ocean_display_top_bar":"default","ocean_display_header":"default","ocean_header_style":"","ocean_center_header_left_menu":"0","ocean_custom_header_template":"0","ocean_custom_logo":0,"ocean_custom_retina_logo":0,"ocean_custom_logo_max_width":0,"ocean_custom_logo_tablet_max_width":0,"ocean_custom_logo_mobile_max_width":0,"ocean_custom_logo_max_height":0,"ocean_custom_logo_tablet_max_height":0,"ocean_custom_logo_mobile_max_height":0,"ocean_header_custom_menu":"0","ocean_menu_typo_font_family":"0","ocean_menu_typo_font_subset":"","ocean_menu_typo_font_size":0,"ocean_menu_typo_font_size_tablet":0,"ocean_menu_typo_font_size_mobile":0,"ocean_menu_typo_font_size_unit":"px","ocean_menu_typo_font_weight":"","ocean_menu_typo_font_weight_tablet":"","ocean_menu_typo_font_weight_mobile":"","ocean_menu_typo_transform":"","ocean_menu_typo_transform_tablet":"","ocean_menu_typo_transform_mobile":"","ocean_menu_typo_line_height":0,"ocean_menu_typo_line_height_tablet":0,"ocean_menu_typo_line_height_mobile":0,"ocean_menu_typo_line_height_unit":"","ocean_menu_typo_spacing":0,"ocean_menu_typo_spacing_tablet":0,"ocean_menu_typo_spacing_mobile":0,"ocean_menu_typo_spacing_unit":"","ocean_menu_link_color":"","ocean_menu_link_color_hover":"","ocean_menu_link_color_active":"","ocean_menu_link_background":"","ocean_menu_link_hover_background":"","ocean_menu_link_active_background":"","ocean_menu_social_links_bg":"","ocean_menu_social_hover_links_bg":"","ocean_menu_social_links_color":"","ocean_menu_social_hover_links_color":"","ocean_disable_title":"default","ocean_disable_heading":"default","ocean_post_title":"","ocean_post_subheading":"","ocean_post_title_style":"","ocean_post_title_background_color":"","ocean_post_title_background":0,"ocean_post_title_bg_image_position":"","ocean_post_title_bg_image_attachment":"","ocean_post_title_bg_image_repeat":"","ocean_post_title_bg_image_size":"","ocean_post_title_height":0,"ocean_post_title_bg_overlay":0.5,"ocean_post_title_bg_overlay_color":"","ocean_disable_breadcrumbs":"default","ocean_breadcrumbs_color":"","ocean_breadcrumbs_separator_color":"","ocean_breadcrumbs_links_color":"","ocean_breadcrumbs_links_hover_color":"","ocean_display_footer_widgets":"default","ocean_display_footer_bottom":"default","ocean_custom_footer_template":"0","footnotes":""},"class_list":["post-159","page","type-page","status-publish","hentry","entry"],"_links":{"self":[{"href":"https:\/\/www.unioviedo.es\/cylaei\/wp-json\/wp\/v2\/pages\/159","targetHints":{"allow":["GET"]}}],"collection":[{"href":"https:\/\/www.unioviedo.es\/cylaei\/wp-json\/wp\/v2\/pages"}],"about":[{"href":"https:\/\/www.unioviedo.es\/cylaei\/wp-json\/wp\/v2\/types\/page"}],"author":[{"embeddable":true,"href":"https:\/\/www.unioviedo.es\/cylaei\/wp-json\/wp\/v2\/users\/2"}],"replies":[{"embeddable":true,"href":"https:\/\/www.unioviedo.es\/cylaei\/wp-json\/wp\/v2\/comments?post=159"}],"version-history":[{"count":0,"href":"https:\/\/www.unioviedo.es\/cylaei\/wp-json\/wp\/v2\/pages\/159\/revisions"}],"wp:attachment":[{"href":"https:\/\/www.unioviedo.es\/cylaei\/wp-json\/wp\/v2\/media?parent=159"}],"curies":[{"name":"wp","href":"https:\/\/api.w.org\/{rel}","templated":true}]}}