{"id":117,"date":"2021-06-21T13:08:19","date_gmt":"2021-06-21T11:08:19","guid":{"rendered":"https:\/\/www.unioviedo.es\/didactictac-tv\/?page_id=117"},"modified":"2024-04-01T16:23:55","modified_gmt":"2024-04-01T14:23:55","slug":"lengua-castellana-y-literatura","status":"publish","type":"page","link":"https:\/\/www.unioviedo.es\/didactictac-tv\/index.php\/es\/universidad-de-oviedo\/lengua-castellana-y-literatura\/","title":{"rendered":"Lengua Castellana y Literatura"},"content":{"rendered":"\n<p>En esta secci\u00f3n se encuentran los v\u00eddeos producidos por el profesorado y el alumnado de las asignaturas de Did\u00e1ctica de la Lengua Castellana y de Did\u00e1ctica de la Literatura<\/p>\n","protected":false},"excerpt":{"rendered":"<p>En esta secci\u00f3n se encuentran los v\u00eddeos producidos por el profesorado y el alumnado de las asignaturas de Did\u00e1ctica de la Lengua Castellana y de Did\u00e1ctica de la Literatura<\/p>\n","protected":false},"author":3,"featured_media":0,"parent":226,"menu_order":0,"comment_status":"closed","ping_status":"closed","template":"","meta":{"footnotes":""},"_links":{"self":[{"href":"https:\/\/www.unioviedo.es\/didactictac-tv\/index.php\/wp-json\/wp\/v2\/pages\/117"}],"collection":[{"href":"https:\/\/www.unioviedo.es\/didactictac-tv\/index.php\/wp-json\/wp\/v2\/pages"}],"about":[{"href":"https:\/\/www.unioviedo.es\/didactictac-tv\/index.php\/wp-json\/wp\/v2\/types\/page"}],"author":[{"embeddable":true,"href":"https:\/\/www.unioviedo.es\/didactictac-tv\/index.php\/wp-json\/wp\/v2\/users\/3"}],"replies":[{"embeddable":true,"href":"https:\/\/www.unioviedo.es\/didactictac-tv\/index.php\/wp-json\/wp\/v2\/comments?post=117"}],"version-history":[{"count":3,"href":"https:\/\/www.unioviedo.es\/didactictac-tv\/index.php\/wp-json\/wp\/v2\/pages\/117\/revisions"}],"predecessor-version":[{"id":777,"href":"https:\/\/www.unioviedo.es\/didactictac-tv\/index.php\/wp-json\/wp\/v2\/pages\/117\/revisions\/777"}],"up":[{"embeddable":true,"href":"https:\/\/www.unioviedo.es\/didactictac-tv\/index.php\/wp-json\/wp\/v2\/pages\/226"}],"wp:attachment":[{"href":"https:\/\/www.unioviedo.es\/didactictac-tv\/index.php\/wp-json\/wp\/v2\/media?parent=117"}],"curies":[{"name":"wp","href":"https:\/\/api.w.org\/{rel}","templated":true}]}}