{"id":120,"date":"2021-06-21T13:08:19","date_gmt":"2021-06-21T11:08:19","guid":{"rendered":"https:\/\/www.unioviedo.es\/didactictac-tv\/?page_id=120"},"modified":"2024-04-01T22:41:26","modified_gmt":"2024-04-01T20:41:26","slug":"matematicas","status":"publish","type":"page","link":"https:\/\/www.unioviedo.es\/didactictac-tv\/index.php\/es\/universidad-de-oviedo\/matematicas\/","title":{"rendered":"Matem\u00e1ticas"},"content":{"rendered":"\n<p>Esta secci\u00f3n alberga los v\u00eddeos elaborados por el alumnado y el profesorado de Did\u00e1ctica de la Matem\u00e1tica\u00a0<\/p>\n","protected":false},"excerpt":{"rendered":"<p>Esta secci\u00f3n alberga los v\u00eddeos elaborados por el alumnado y el profesorado de Did\u00e1ctica de la Matem\u00e1tica\u00a0<\/p>\n","protected":false},"author":3,"featured_media":0,"parent":226,"menu_order":0,"comment_status":"closed","ping_status":"closed","template":"","meta":{"footnotes":""},"_links":{"self":[{"href":"https:\/\/www.unioviedo.es\/didactictac-tv\/index.php\/wp-json\/wp\/v2\/pages\/120"}],"collection":[{"href":"https:\/\/www.unioviedo.es\/didactictac-tv\/index.php\/wp-json\/wp\/v2\/pages"}],"about":[{"href":"https:\/\/www.unioviedo.es\/didactictac-tv\/index.php\/wp-json\/wp\/v2\/types\/page"}],"author":[{"embeddable":true,"href":"https:\/\/www.unioviedo.es\/didactictac-tv\/index.php\/wp-json\/wp\/v2\/users\/3"}],"replies":[{"embeddable":true,"href":"https:\/\/www.unioviedo.es\/didactictac-tv\/index.php\/wp-json\/wp\/v2\/comments?post=120"}],"version-history":[{"count":2,"href":"https:\/\/www.unioviedo.es\/didactictac-tv\/index.php\/wp-json\/wp\/v2\/pages\/120\/revisions"}],"predecessor-version":[{"id":833,"href":"https:\/\/www.unioviedo.es\/didactictac-tv\/index.php\/wp-json\/wp\/v2\/pages\/120\/revisions\/833"}],"up":[{"embeddable":true,"href":"https:\/\/www.unioviedo.es\/didactictac-tv\/index.php\/wp-json\/wp\/v2\/pages\/226"}],"wp:attachment":[{"href":"https:\/\/www.unioviedo.es\/didactictac-tv\/index.php\/wp-json\/wp\/v2\/media?parent=120"}],"curies":[{"name":"wp","href":"https:\/\/api.w.org\/{rel}","templated":true}]}}