{"id":122,"date":"2021-06-21T13:08:19","date_gmt":"2021-06-21T11:08:19","guid":{"rendered":"https:\/\/www.unioviedo.es\/didactictac-tv\/?page_id=122"},"modified":"2024-04-01T22:45:47","modified_gmt":"2024-04-01T20:45:47","slug":"educacion-visual-y-plastica","status":"publish","type":"page","link":"https:\/\/www.unioviedo.es\/didactictac-tv\/index.php\/es\/universidad-de-oviedo\/educacion-visual-y-plastica\/","title":{"rendered":"Educaci\u00f3n Visual y Pl\u00e1stica"},"content":{"rendered":"\n<p>Esta secci\u00f3n incluye los v\u00eddeos producidos por el alumnado y el profesorado del \u00e1rea de la Expresi\u00f3n pl\u00e1stica en la Facultad de Formaci\u00f3n del Profesorado y Educaci\u00f3n de la Universidad de Oviedo.\u00a0<\/p>\n\n\n\n<figure class=\"wp-block-image size-full\"><a href=\"https:\/\/www.youtube.com\/channel\/UC5WdnEZGzRQxzX8P01yEAMw?view_as=subscriber\" target=\"_blank\" rel=\"noreferrer noopener\"><img loading=\"lazy\" decoding=\"async\" width=\"497\" height=\"330\" src=\"https:\/\/www.unioviedo.es\/didactictac-tv\/wp-content\/uploads\/2024\/04\/Plastica.webp\" alt=\"\" class=\"wp-image-844\" srcset=\"https:\/\/www.unioviedo.es\/didactictac-tv\/wp-content\/uploads\/2024\/04\/Plastica.webp 497w, https:\/\/www.unioviedo.es\/didactictac-tv\/wp-content\/uploads\/2024\/04\/Plastica-300x199.webp 300w\" sizes=\"(max-width: 497px) 100vw, 497px\" \/><\/a><\/figure>\n","protected":false},"excerpt":{"rendered":"<p>Esta secci\u00f3n incluye los v\u00eddeos producidos por el alumnado y el profesorado del \u00e1rea de la Expresi\u00f3n pl\u00e1stica en la Facultad de Formaci\u00f3n del Profesorado y Educaci\u00f3n de la Universidad de Oviedo.\u00a0<\/p>\n","protected":false},"author":3,"featured_media":0,"parent":226,"menu_order":0,"comment_status":"closed","ping_status":"closed","template":"","meta":{"footnotes":""},"_links":{"self":[{"href":"https:\/\/www.unioviedo.es\/didactictac-tv\/index.php\/wp-json\/wp\/v2\/pages\/122"}],"collection":[{"href":"https:\/\/www.unioviedo.es\/didactictac-tv\/index.php\/wp-json\/wp\/v2\/pages"}],"about":[{"href":"https:\/\/www.unioviedo.es\/didactictac-tv\/index.php\/wp-json\/wp\/v2\/types\/page"}],"author":[{"embeddable":true,"href":"https:\/\/www.unioviedo.es\/didactictac-tv\/index.php\/wp-json\/wp\/v2\/users\/3"}],"replies":[{"embeddable":true,"href":"https:\/\/www.unioviedo.es\/didactictac-tv\/index.php\/wp-json\/wp\/v2\/comments?post=122"}],"version-history":[{"count":2,"href":"https:\/\/www.unioviedo.es\/didactictac-tv\/index.php\/wp-json\/wp\/v2\/pages\/122\/revisions"}],"predecessor-version":[{"id":845,"href":"https:\/\/www.unioviedo.es\/didactictac-tv\/index.php\/wp-json\/wp\/v2\/pages\/122\/revisions\/845"}],"up":[{"embeddable":true,"href":"https:\/\/www.unioviedo.es\/didactictac-tv\/index.php\/wp-json\/wp\/v2\/pages\/226"}],"wp:attachment":[{"href":"https:\/\/www.unioviedo.es\/didactictac-tv\/index.php\/wp-json\/wp\/v2\/media?parent=122"}],"curies":[{"name":"wp","href":"https:\/\/api.w.org\/{rel}","templated":true}]}}