{"id":123,"date":"2021-06-21T13:08:19","date_gmt":"2021-06-21T11:08:19","guid":{"rendered":"https:\/\/www.unioviedo.es\/didactictac-tv\/?page_id=123"},"modified":"2024-04-01T22:47:34","modified_gmt":"2024-04-01T20:47:34","slug":"ciencias-sociales","status":"publish","type":"page","link":"https:\/\/www.unioviedo.es\/didactictac-tv\/index.php\/es\/universidad-de-oviedo\/ciencias-sociales\/","title":{"rendered":"Ciencias Sociales"},"content":{"rendered":"\n<p>Esta secci\u00f3n alberga el canal que alberga los v\u00eddeos producidos por el alumnado y el profesorado de Did\u00e1ctica de las Ciencias Sociales de la Universidad de Oviedo.<\/p>\n\n\n\n<figure class=\"wp-block-image size-full\"><a href=\"https:\/\/www.youtube.com\/channel\/UCLUGEJw0RctdCm3htAb6ZVg\" target=\"_blank\" rel=\"noreferrer noopener\"><img loading=\"lazy\" decoding=\"async\" width=\"524\" height=\"366\" src=\"https:\/\/www.unioviedo.es\/didactictac-tv\/wp-content\/uploads\/2024\/04\/PanteonSociales_JPG.webp\" alt=\"\" class=\"wp-image-848\" srcset=\"https:\/\/www.unioviedo.es\/didactictac-tv\/wp-content\/uploads\/2024\/04\/PanteonSociales_JPG.webp 524w, https:\/\/www.unioviedo.es\/didactictac-tv\/wp-content\/uploads\/2024\/04\/PanteonSociales_JPG-300x210.webp 300w\" sizes=\"(max-width: 524px) 100vw, 524px\" \/><\/a><\/figure>\n","protected":false},"excerpt":{"rendered":"<p>Esta secci\u00f3n alberga el canal que alberga los v\u00eddeos producidos por el alumnado y el profesorado de Did\u00e1ctica de las Ciencias Sociales de la Universidad de Oviedo.<\/p>\n","protected":false},"author":3,"featured_media":0,"parent":226,"menu_order":0,"comment_status":"closed","ping_status":"closed","template":"","meta":{"footnotes":""},"_links":{"self":[{"href":"https:\/\/www.unioviedo.es\/didactictac-tv\/index.php\/wp-json\/wp\/v2\/pages\/123"}],"collection":[{"href":"https:\/\/www.unioviedo.es\/didactictac-tv\/index.php\/wp-json\/wp\/v2\/pages"}],"about":[{"href":"https:\/\/www.unioviedo.es\/didactictac-tv\/index.php\/wp-json\/wp\/v2\/types\/page"}],"author":[{"embeddable":true,"href":"https:\/\/www.unioviedo.es\/didactictac-tv\/index.php\/wp-json\/wp\/v2\/users\/3"}],"replies":[{"embeddable":true,"href":"https:\/\/www.unioviedo.es\/didactictac-tv\/index.php\/wp-json\/wp\/v2\/comments?post=123"}],"version-history":[{"count":2,"href":"https:\/\/www.unioviedo.es\/didactictac-tv\/index.php\/wp-json\/wp\/v2\/pages\/123\/revisions"}],"predecessor-version":[{"id":849,"href":"https:\/\/www.unioviedo.es\/didactictac-tv\/index.php\/wp-json\/wp\/v2\/pages\/123\/revisions\/849"}],"up":[{"embeddable":true,"href":"https:\/\/www.unioviedo.es\/didactictac-tv\/index.php\/wp-json\/wp\/v2\/pages\/226"}],"wp:attachment":[{"href":"https:\/\/www.unioviedo.es\/didactictac-tv\/index.php\/wp-json\/wp\/v2\/media?parent=123"}],"curies":[{"name":"wp","href":"https:\/\/api.w.org\/{rel}","templated":true}]}}