{"id":124,"date":"2021-06-21T13:08:20","date_gmt":"2021-06-21T11:08:20","guid":{"rendered":"https:\/\/www.unioviedo.es\/didactictac-tv\/?page_id=124"},"modified":"2024-04-01T22:49:08","modified_gmt":"2024-04-01T20:49:08","slug":"organizacion-escolar","status":"publish","type":"page","link":"https:\/\/www.unioviedo.es\/didactictac-tv\/index.php\/es\/universidad-de-oviedo\/organizacion-escolar\/","title":{"rendered":"Organizaci\u00f3n Escolar"},"content":{"rendered":"\n<p>Esta secci\u00f3n alberga los videos producidos por el alumnado y el profesorado de Organizaci\u00f3n y Gesti\u00f3n de Instituciones Socioeducativas.<\/p>\n\n\n\n<figure class=\"wp-block-image size-full\"><a href=\"https:\/\/www.youtube.com\/channel\/UCKTn3AW_QyAi2oA_9ERLZVg\" target=\"_blank\" rel=\"noreferrer noopener\"><img loading=\"lazy\" decoding=\"async\" width=\"514\" height=\"342\" src=\"https:\/\/www.unioviedo.es\/didactictac-tv\/wp-content\/uploads\/2024\/04\/DidacticaOrganizacion.webp\" alt=\"\" class=\"wp-image-852\" srcset=\"https:\/\/www.unioviedo.es\/didactictac-tv\/wp-content\/uploads\/2024\/04\/DidacticaOrganizacion.webp 514w, https:\/\/www.unioviedo.es\/didactictac-tv\/wp-content\/uploads\/2024\/04\/DidacticaOrganizacion-300x200.webp 300w\" sizes=\"(max-width: 514px) 100vw, 514px\" \/><\/a><\/figure>\n","protected":false},"excerpt":{"rendered":"<p>Esta secci\u00f3n alberga los videos producidos por el alumnado y el profesorado de Organizaci\u00f3n y Gesti\u00f3n de Instituciones Socioeducativas.<\/p>\n","protected":false},"author":3,"featured_media":0,"parent":226,"menu_order":0,"comment_status":"closed","ping_status":"closed","template":"","meta":{"footnotes":""},"_links":{"self":[{"href":"https:\/\/www.unioviedo.es\/didactictac-tv\/index.php\/wp-json\/wp\/v2\/pages\/124"}],"collection":[{"href":"https:\/\/www.unioviedo.es\/didactictac-tv\/index.php\/wp-json\/wp\/v2\/pages"}],"about":[{"href":"https:\/\/www.unioviedo.es\/didactictac-tv\/index.php\/wp-json\/wp\/v2\/types\/page"}],"author":[{"embeddable":true,"href":"https:\/\/www.unioviedo.es\/didactictac-tv\/index.php\/wp-json\/wp\/v2\/users\/3"}],"replies":[{"embeddable":true,"href":"https:\/\/www.unioviedo.es\/didactictac-tv\/index.php\/wp-json\/wp\/v2\/comments?post=124"}],"version-history":[{"count":2,"href":"https:\/\/www.unioviedo.es\/didactictac-tv\/index.php\/wp-json\/wp\/v2\/pages\/124\/revisions"}],"predecessor-version":[{"id":853,"href":"https:\/\/www.unioviedo.es\/didactictac-tv\/index.php\/wp-json\/wp\/v2\/pages\/124\/revisions\/853"}],"up":[{"embeddable":true,"href":"https:\/\/www.unioviedo.es\/didactictac-tv\/index.php\/wp-json\/wp\/v2\/pages\/226"}],"wp:attachment":[{"href":"https:\/\/www.unioviedo.es\/didactictac-tv\/index.php\/wp-json\/wp\/v2\/media?parent=124"}],"curies":[{"name":"wp","href":"https:\/\/api.w.org\/{rel}","templated":true}]}}