{"id":153,"date":"2021-07-28T09:31:17","date_gmt":"2021-07-28T07:31:17","guid":{"rendered":"https:\/\/www.unioviedo.es\/didactictac-tv\/?page_id=153"},"modified":"2024-04-01T16:10:39","modified_gmt":"2024-04-01T14:10:39","slug":"didactica-de-la-lengua-inglesa","status":"publish","type":"page","link":"https:\/\/www.unioviedo.es\/didactictac-tv\/index.php\/es\/universidad-de-oviedo\/lengua-inglesa\/didactica-de-la-lengua-inglesa\/","title":{"rendered":"Did\u00e1ctica de la Lengua Inglesa"},"content":{"rendered":"\n<p>V\u00eddeos producidos por el alumnado de la Facultad de Formaci\u00f3n del Profesorado de la Universidad de Oviedo que cursan asignaturas de esta \u00e1rea. <\/p>\n\n\n\n<p>Los v\u00eddeos aqu\u00ed alojados est\u00e1n destinados al alumnado de infantil, de primaria y de secundaria.<\/p>\n\n\n\n<p><\/p>\n","protected":false},"excerpt":{"rendered":"<p>V\u00eddeos producidos por el alumnado de la Facultad de Formaci\u00f3n del Profesorado de la Universidad de Oviedo que cursan asignaturas de esta \u00e1rea. Los v\u00eddeos aqu\u00ed alojados est\u00e1n destinados al alumnado de infantil, de primaria y de secundaria.<\/p>\n","protected":false},"author":3,"featured_media":0,"parent":247,"menu_order":0,"comment_status":"closed","ping_status":"closed","template":"","meta":{"footnotes":""},"_links":{"self":[{"href":"https:\/\/www.unioviedo.es\/didactictac-tv\/index.php\/wp-json\/wp\/v2\/pages\/153"}],"collection":[{"href":"https:\/\/www.unioviedo.es\/didactictac-tv\/index.php\/wp-json\/wp\/v2\/pages"}],"about":[{"href":"https:\/\/www.unioviedo.es\/didactictac-tv\/index.php\/wp-json\/wp\/v2\/types\/page"}],"author":[{"embeddable":true,"href":"https:\/\/www.unioviedo.es\/didactictac-tv\/index.php\/wp-json\/wp\/v2\/users\/3"}],"replies":[{"embeddable":true,"href":"https:\/\/www.unioviedo.es\/didactictac-tv\/index.php\/wp-json\/wp\/v2\/comments?post=153"}],"version-history":[{"count":5,"href":"https:\/\/www.unioviedo.es\/didactictac-tv\/index.php\/wp-json\/wp\/v2\/pages\/153\/revisions"}],"predecessor-version":[{"id":749,"href":"https:\/\/www.unioviedo.es\/didactictac-tv\/index.php\/wp-json\/wp\/v2\/pages\/153\/revisions\/749"}],"up":[{"embeddable":true,"href":"https:\/\/www.unioviedo.es\/didactictac-tv\/index.php\/wp-json\/wp\/v2\/pages\/247"}],"wp:attachment":[{"href":"https:\/\/www.unioviedo.es\/didactictac-tv\/index.php\/wp-json\/wp\/v2\/media?parent=153"}],"curies":[{"name":"wp","href":"https:\/\/api.w.org\/{rel}","templated":true}]}}