{"id":226,"date":"2024-03-11T16:40:00","date_gmt":"2024-03-11T15:40:00","guid":{"rendered":"https:\/\/www.unioviedo.es\/didactictac-tv\/?page_id=226"},"modified":"2024-03-11T16:46:15","modified_gmt":"2024-03-11T15:46:15","slug":"universidad-de-oviedo","status":"publish","type":"page","link":"https:\/\/www.unioviedo.es\/didactictac-tv\/index.php\/es\/universidad-de-oviedo\/","title":{"rendered":"Universidad de Oviedo"},"content":{"rendered":"\n<p>Los v\u00eddeos producidos por el alumnado y el profesorado de la Universidad de Oviedo, se encuentran alojados en este apartado que a su vez est\u00e1 dividido en varias secciones seg\u00fan el \u00e1rea de conocimiento en la que han sido producidos.\u00a0<\/p>\n","protected":false},"excerpt":{"rendered":"<p>Los v\u00eddeos producidos por el alumnado y el profesorado de la Universidad de Oviedo, se encuentran alojados en este apartado que a su vez est\u00e1 dividido en varias secciones seg\u00fan el \u00e1rea de conocimiento en la que han sido producidos.\u00a0<\/p>\n","protected":false},"author":1,"featured_media":0,"parent":0,"menu_order":0,"comment_status":"closed","ping_status":"closed","template":"","meta":{"footnotes":""},"_links":{"self":[{"href":"https:\/\/www.unioviedo.es\/didactictac-tv\/index.php\/wp-json\/wp\/v2\/pages\/226"}],"collection":[{"href":"https:\/\/www.unioviedo.es\/didactictac-tv\/index.php\/wp-json\/wp\/v2\/pages"}],"about":[{"href":"https:\/\/www.unioviedo.es\/didactictac-tv\/index.php\/wp-json\/wp\/v2\/types\/page"}],"author":[{"embeddable":true,"href":"https:\/\/www.unioviedo.es\/didactictac-tv\/index.php\/wp-json\/wp\/v2\/users\/1"}],"replies":[{"embeddable":true,"href":"https:\/\/www.unioviedo.es\/didactictac-tv\/index.php\/wp-json\/wp\/v2\/comments?post=226"}],"version-history":[{"count":2,"href":"https:\/\/www.unioviedo.es\/didactictac-tv\/index.php\/wp-json\/wp\/v2\/pages\/226\/revisions"}],"predecessor-version":[{"id":231,"href":"https:\/\/www.unioviedo.es\/didactictac-tv\/index.php\/wp-json\/wp\/v2\/pages\/226\/revisions\/231"}],"wp:attachment":[{"href":"https:\/\/www.unioviedo.es\/didactictac-tv\/index.php\/wp-json\/wp\/v2\/media?parent=226"}],"curies":[{"name":"wp","href":"https:\/\/api.w.org\/{rel}","templated":true}]}}