{"id":247,"date":"2024-03-11T17:12:51","date_gmt":"2024-03-11T16:12:51","guid":{"rendered":"https:\/\/www.unioviedo.es\/didactictac-tv\/?page_id=247"},"modified":"2024-03-11T17:13:14","modified_gmt":"2024-03-11T16:13:14","slug":"lengua-inglesa","status":"publish","type":"page","link":"https:\/\/www.unioviedo.es\/didactictac-tv\/index.php\/es\/universidad-de-oviedo\/lengua-inglesa\/","title":{"rendered":"Lengua Inglesa"},"content":{"rendered":"\n<p>En esta secci\u00f3n se alojan los v\u00eddeos relacionados con la ense\u00f1anza y el aprendizaje de la lengua inglesa como lengua extranjera.<\/p>\n","protected":false},"excerpt":{"rendered":"<p>En esta secci\u00f3n se alojan los v\u00eddeos relacionados con la ense\u00f1anza y el aprendizaje de la lengua inglesa como lengua extranjera.<\/p>\n","protected":false},"author":1,"featured_media":0,"parent":226,"menu_order":0,"comment_status":"closed","ping_status":"closed","template":"","meta":{"footnotes":""},"_links":{"self":[{"href":"https:\/\/www.unioviedo.es\/didactictac-tv\/index.php\/wp-json\/wp\/v2\/pages\/247"}],"collection":[{"href":"https:\/\/www.unioviedo.es\/didactictac-tv\/index.php\/wp-json\/wp\/v2\/pages"}],"about":[{"href":"https:\/\/www.unioviedo.es\/didactictac-tv\/index.php\/wp-json\/wp\/v2\/types\/page"}],"author":[{"embeddable":true,"href":"https:\/\/www.unioviedo.es\/didactictac-tv\/index.php\/wp-json\/wp\/v2\/users\/1"}],"replies":[{"embeddable":true,"href":"https:\/\/www.unioviedo.es\/didactictac-tv\/index.php\/wp-json\/wp\/v2\/comments?post=247"}],"version-history":[{"count":2,"href":"https:\/\/www.unioviedo.es\/didactictac-tv\/index.php\/wp-json\/wp\/v2\/pages\/247\/revisions"}],"predecessor-version":[{"id":249,"href":"https:\/\/www.unioviedo.es\/didactictac-tv\/index.php\/wp-json\/wp\/v2\/pages\/247\/revisions\/249"}],"up":[{"embeddable":true,"href":"https:\/\/www.unioviedo.es\/didactictac-tv\/index.php\/wp-json\/wp\/v2\/pages\/226"}],"wp:attachment":[{"href":"https:\/\/www.unioviedo.es\/didactictac-tv\/index.php\/wp-json\/wp\/v2\/media?parent=247"}],"curies":[{"name":"wp","href":"https:\/\/api.w.org\/{rel}","templated":true}]}}