{"id":268,"date":"2024-03-11T17:46:57","date_gmt":"2024-03-11T16:46:57","guid":{"rendered":"https:\/\/www.unioviedo.es\/didactictac-tv\/?page_id=268"},"modified":"2024-04-09T16:07:25","modified_gmt":"2024-04-09T14:07:25","slug":"primaria","status":"publish","type":"page","link":"https:\/\/www.unioviedo.es\/didactictac-tv\/index.php\/es\/universidad-de-oviedo\/lengua-inglesa\/didactica-de-la-lengua-inglesa\/primaria\/","title":{"rendered":"Primaria"},"content":{"rendered":"\n<h2 class=\"wp-block-heading\">Formaci\u00f3n Did\u00e1ctica Aula Idiomas II Ingl\u00e9s<\/h2>\n\n\n\n<figure class=\"wp-block-image size-full\"><a href=\"https:\/\/www.youtube.com\/channel\/UCjUyTvTr_mu0njJg2FaeI-w\/videos\" target=\"_blank\" rel=\"noreferrer noopener\"><img loading=\"lazy\" decoding=\"async\" width=\"374\" height=\"250\" src=\"https:\/\/www.unioviedo.es\/didactictac-tv\/wp-content\/uploads\/2024\/04\/idiomasIIingles.webp\" alt=\"\" class=\"wp-image-754\" srcset=\"https:\/\/www.unioviedo.es\/didactictac-tv\/wp-content\/uploads\/2024\/04\/idiomasIIingles.webp 374w, https:\/\/www.unioviedo.es\/didactictac-tv\/wp-content\/uploads\/2024\/04\/idiomasIIingles-300x201.webp 300w\" sizes=\"(max-width: 374px) 100vw, 374px\" \/><\/a><\/figure>\n\n\n\n<h2 class=\"wp-block-heading\">Formaci\u00f3n Did\u00e1ctica para el Cual de Idiomas: Ingl\u00e9s<\/h2>\n\n\n\n<figure class=\"wp-block-image size-full\"><a href=\"https:\/\/www.youtube.com\/channel\/UCdG1BH41uj8W-3XxLFX1o4Q\" target=\"_blank\" rel=\"noreferrer noopener\"><img loading=\"lazy\" decoding=\"async\" width=\"372\" height=\"244\" src=\"https:\/\/www.unioviedo.es\/didactictac-tv\/wp-content\/uploads\/2024\/04\/Ingles.webp\" alt=\"\" class=\"wp-image-756\" srcset=\"https:\/\/www.unioviedo.es\/didactictac-tv\/wp-content\/uploads\/2024\/04\/Ingles.webp 372w, https:\/\/www.unioviedo.es\/didactictac-tv\/wp-content\/uploads\/2024\/04\/Ingles-300x197.webp 300w\" sizes=\"(max-width: 372px) 100vw, 372px\" \/><\/a><\/figure>\n\n\n\n<h2 class=\"wp-block-heading\">English for the Bilingual Classroom<\/h2>\n\n\n\n<figure class=\"wp-block-image size-full\"><a href=\"https:\/\/www.youtube.com\/channel\/UCBA8KJHud-Jw07JmBD7Uq8Q \" target=\"_blank\" rel=\"noopener\"><img loading=\"lazy\" decoding=\"async\" width=\"523\" height=\"348\" src=\"https:\/\/www.unioviedo.es\/didactictac-tv\/wp-content\/uploads\/2024\/04\/Captura-de-pantalla-2022-04-20-a-las-11.30.47-1.png\" alt=\"\" class=\"wp-image-775\" srcset=\"https:\/\/www.unioviedo.es\/didactictac-tv\/wp-content\/uploads\/2024\/04\/Captura-de-pantalla-2022-04-20-a-las-11.30.47-1.png 523w, https:\/\/www.unioviedo.es\/didactictac-tv\/wp-content\/uploads\/2024\/04\/Captura-de-pantalla-2022-04-20-a-las-11.30.47-1-300x200.png 300w\" sizes=\"(max-width: 523px) 100vw, 523px\" \/><\/a><\/figure>\n","protected":false},"excerpt":{"rendered":"<p>Formaci\u00f3n Did\u00e1ctica Aula Idiomas II Ingl\u00e9s Formaci\u00f3n Did\u00e1ctica para el Cual de Idiomas: Ingl\u00e9s English for the Bilingual Classroom<\/p>\n","protected":false},"author":1,"featured_media":0,"parent":153,"menu_order":0,"comment_status":"closed","ping_status":"closed","template":"","meta":{"footnotes":""},"_links":{"self":[{"href":"https:\/\/www.unioviedo.es\/didactictac-tv\/index.php\/wp-json\/wp\/v2\/pages\/268"}],"collection":[{"href":"https:\/\/www.unioviedo.es\/didactictac-tv\/index.php\/wp-json\/wp\/v2\/pages"}],"about":[{"href":"https:\/\/www.unioviedo.es\/didactictac-tv\/index.php\/wp-json\/wp\/v2\/types\/page"}],"author":[{"embeddable":true,"href":"https:\/\/www.unioviedo.es\/didactictac-tv\/index.php\/wp-json\/wp\/v2\/users\/1"}],"replies":[{"embeddable":true,"href":"https:\/\/www.unioviedo.es\/didactictac-tv\/index.php\/wp-json\/wp\/v2\/comments?post=268"}],"version-history":[{"count":4,"href":"https:\/\/www.unioviedo.es\/didactictac-tv\/index.php\/wp-json\/wp\/v2\/pages\/268\/revisions"}],"predecessor-version":[{"id":875,"href":"https:\/\/www.unioviedo.es\/didactictac-tv\/index.php\/wp-json\/wp\/v2\/pages\/268\/revisions\/875"}],"up":[{"embeddable":true,"href":"https:\/\/www.unioviedo.es\/didactictac-tv\/index.php\/wp-json\/wp\/v2\/pages\/153"}],"wp:attachment":[{"href":"https:\/\/www.unioviedo.es\/didactictac-tv\/index.php\/wp-json\/wp\/v2\/media?parent=268"}],"curies":[{"name":"wp","href":"https:\/\/api.w.org\/{rel}","templated":true}]}}