{"id":273,"date":"2024-03-11T17:49:05","date_gmt":"2024-03-11T16:49:05","guid":{"rendered":"https:\/\/www.unioviedo.es\/didactictac-tv\/?page_id=273"},"modified":"2024-04-09T16:04:37","modified_gmt":"2024-04-09T14:04:37","slug":"secundaria","status":"publish","type":"page","link":"https:\/\/www.unioviedo.es\/didactictac-tv\/index.php\/es\/universidad-de-oviedo\/lengua-inglesa\/didactica-de-la-lengua-inglesa\/secundaria\/","title":{"rendered":"Secundaria"},"content":{"rendered":"\n<h2 class=\"wp-block-heading\">M\u00e1ster de Secundaria Ingl\u00e9s<\/h2>\n\n\n\n<figure class=\"wp-block-image size-full\"><a href=\"https:\/\/www.youtube.com\/channel\/UCUHTZzaqHdiQAJ8dysze-7g?view_as=subscriber\" target=\"_blank\" rel=\"noreferrer noopener\"><img loading=\"lazy\" decoding=\"async\" width=\"374\" height=\"299\" src=\"https:\/\/www.unioviedo.es\/didactictac-tv\/wp-content\/uploads\/2024\/04\/MasterSecundaria-ingles.webp\" alt=\"\" class=\"wp-image-763\" srcset=\"https:\/\/www.unioviedo.es\/didactictac-tv\/wp-content\/uploads\/2024\/04\/MasterSecundaria-ingles.webp 374w, https:\/\/www.unioviedo.es\/didactictac-tv\/wp-content\/uploads\/2024\/04\/MasterSecundaria-ingles-300x240.webp 300w\" sizes=\"(max-width: 374px) 100vw, 374px\" \/><\/a><\/figure>\n\n\n\n<h2 class=\"wp-block-heading\">Investigaci\u00f3n e Innovaci\u00f3n en Did\u00e1ctica de las Lenguas y la Literatura<\/h2>\n\n\n\n<figure class=\"wp-block-image size-full\"><a href=\"https:\/\/www.youtube.com\/channel\/UCDcOFClfVtrelP8dSR1W9Xw\" target=\"_blank\" rel=\"noreferrer noopener\"><img loading=\"lazy\" decoding=\"async\" width=\"374\" height=\"299\" src=\"https:\/\/www.unioviedo.es\/didactictac-tv\/wp-content\/uploads\/2024\/04\/MasterII-DLL.webp\" alt=\"\" class=\"wp-image-765\" srcset=\"https:\/\/www.unioviedo.es\/didactictac-tv\/wp-content\/uploads\/2024\/04\/MasterII-DLL.webp 374w, https:\/\/www.unioviedo.es\/didactictac-tv\/wp-content\/uploads\/2024\/04\/MasterII-DLL-300x240.webp 300w\" sizes=\"(max-width: 374px) 100vw, 374px\" \/><\/a><\/figure>\n","protected":false},"excerpt":{"rendered":"<p>M\u00e1ster de Secundaria Ingl\u00e9s Investigaci\u00f3n e Innovaci\u00f3n en Did\u00e1ctica de las Lenguas y la Literatura<\/p>\n","protected":false},"author":1,"featured_media":0,"parent":153,"menu_order":0,"comment_status":"closed","ping_status":"closed","template":"","meta":{"footnotes":""},"_links":{"self":[{"href":"https:\/\/www.unioviedo.es\/didactictac-tv\/index.php\/wp-json\/wp\/v2\/pages\/273"}],"collection":[{"href":"https:\/\/www.unioviedo.es\/didactictac-tv\/index.php\/wp-json\/wp\/v2\/pages"}],"about":[{"href":"https:\/\/www.unioviedo.es\/didactictac-tv\/index.php\/wp-json\/wp\/v2\/types\/page"}],"author":[{"embeddable":true,"href":"https:\/\/www.unioviedo.es\/didactictac-tv\/index.php\/wp-json\/wp\/v2\/users\/1"}],"replies":[{"embeddable":true,"href":"https:\/\/www.unioviedo.es\/didactictac-tv\/index.php\/wp-json\/wp\/v2\/comments?post=273"}],"version-history":[{"count":4,"href":"https:\/\/www.unioviedo.es\/didactictac-tv\/index.php\/wp-json\/wp\/v2\/pages\/273\/revisions"}],"predecessor-version":[{"id":871,"href":"https:\/\/www.unioviedo.es\/didactictac-tv\/index.php\/wp-json\/wp\/v2\/pages\/273\/revisions\/871"}],"up":[{"embeddable":true,"href":"https:\/\/www.unioviedo.es\/didactictac-tv\/index.php\/wp-json\/wp\/v2\/pages\/153"}],"wp:attachment":[{"href":"https:\/\/www.unioviedo.es\/didactictac-tv\/index.php\/wp-json\/wp\/v2\/media?parent=273"}],"curies":[{"name":"wp","href":"https:\/\/api.w.org\/{rel}","templated":true}]}}