{"id":329,"date":"2024-04-01T11:30:13","date_gmt":"2024-04-01T09:30:13","guid":{"rendered":"https:\/\/www.unioviedo.es\/didactictac-tv\/?page_id=329"},"modified":"2024-04-01T22:29:25","modified_gmt":"2024-04-01T20:29:25","slug":"filologia-romanica","status":"publish","type":"page","link":"https:\/\/www.unioviedo.es\/didactictac-tv\/index.php\/es\/universidad-de-oviedo\/filologia-romanica\/","title":{"rendered":"Filolog\u00eda Rom\u00e1nica"},"content":{"rendered":"\n<p>En esta secci\u00f3n se alojan los v\u00eddeos del alumnado de Estudios Cl\u00e1sicos y Rom\u00e1nicos y del profesorado de Filolog\u00eda Rom\u00e1nica de la Universidad de Oviedo. <\/p>\n\n\n\n<p>Los videos han sido dise\u00f1ados como una herramienta para dar visibilidad a esta disciplina y confiar al alumnado la explicaci\u00f3n de contenidos de inter\u00e9s abordados en las asignaturas del \u00e1rea.<\/p>\n","protected":false},"excerpt":{"rendered":"<p>En esta secci\u00f3n se alojan los v\u00eddeos del alumnado de Estudios Cl\u00e1sicos y Rom\u00e1nicos y del profesorado de Filolog\u00eda Rom\u00e1nica de la Universidad de Oviedo. Los videos han sido dise\u00f1ados como una herramienta para dar visibilidad a esta disciplina y confiar al alumnado la explicaci\u00f3n de contenidos de inter\u00e9s abordados en las asignaturas del \u00e1rea.<\/p>\n","protected":false},"author":1,"featured_media":0,"parent":226,"menu_order":0,"comment_status":"closed","ping_status":"closed","template":"","meta":{"footnotes":""},"_links":{"self":[{"href":"https:\/\/www.unioviedo.es\/didactictac-tv\/index.php\/wp-json\/wp\/v2\/pages\/329"}],"collection":[{"href":"https:\/\/www.unioviedo.es\/didactictac-tv\/index.php\/wp-json\/wp\/v2\/pages"}],"about":[{"href":"https:\/\/www.unioviedo.es\/didactictac-tv\/index.php\/wp-json\/wp\/v2\/types\/page"}],"author":[{"embeddable":true,"href":"https:\/\/www.unioviedo.es\/didactictac-tv\/index.php\/wp-json\/wp\/v2\/users\/1"}],"replies":[{"embeddable":true,"href":"https:\/\/www.unioviedo.es\/didactictac-tv\/index.php\/wp-json\/wp\/v2\/comments?post=329"}],"version-history":[{"count":2,"href":"https:\/\/www.unioviedo.es\/didactictac-tv\/index.php\/wp-json\/wp\/v2\/pages\/329\/revisions"}],"predecessor-version":[{"id":798,"href":"https:\/\/www.unioviedo.es\/didactictac-tv\/index.php\/wp-json\/wp\/v2\/pages\/329\/revisions\/798"}],"up":[{"embeddable":true,"href":"https:\/\/www.unioviedo.es\/didactictac-tv\/index.php\/wp-json\/wp\/v2\/pages\/226"}],"wp:attachment":[{"href":"https:\/\/www.unioviedo.es\/didactictac-tv\/index.php\/wp-json\/wp\/v2\/media?parent=329"}],"curies":[{"name":"wp","href":"https:\/\/api.w.org\/{rel}","templated":true}]}}