{"id":385,"date":"2024-04-01T11:48:42","date_gmt":"2024-04-01T09:48:42","guid":{"rendered":"https:\/\/www.unioviedo.es\/didactictac-tv\/?page_id=385"},"modified":"2024-04-01T15:46:13","modified_gmt":"2024-04-01T13:46:13","slug":"universidad-de-leon","status":"publish","type":"page","link":"https:\/\/www.unioviedo.es\/didactictac-tv\/index.php\/es\/otras-universidades\/universidad-de-leon\/","title":{"rendered":"Universidad de Le\u00f3n"},"content":{"rendered":"\n<h2 class=\"wp-block-heading\">Did\u00e1ctica de la m\u00fasica<\/h2>\n\n\n\n<figure class=\"wp-block-image size-full\"><a href=\"https:\/\/www.youtube.com\/channel\/UCu_bxa8BtRU_9jvhCge-X8w\" target=\"_blank\" rel=\"noreferrer noopener\"><img loading=\"lazy\" decoding=\"async\" width=\"514\" height=\"342\" src=\"https:\/\/www.unioviedo.es\/didactictac-tv\/wp-content\/uploads\/2024\/04\/DidacticaExpMusical-1.webp\" alt=\"\" class=\"wp-image-723\" srcset=\"https:\/\/www.unioviedo.es\/didactictac-tv\/wp-content\/uploads\/2024\/04\/DidacticaExpMusical-1.webp 514w, https:\/\/www.unioviedo.es\/didactictac-tv\/wp-content\/uploads\/2024\/04\/DidacticaExpMusical-1-300x200.webp 300w\" sizes=\"(max-width: 514px) 100vw, 514px\" \/><\/a><\/figure>\n\n\n\n<h2 class=\"wp-block-heading\">Expresi\u00f3n art\u00edstica en educaci\u00f3n<\/h2>\n\n\n\n<figure class=\"wp-block-image size-full\"><a href=\"https:\/\/www.youtube.com\/channel\/UCNfJUGZF1rbaf2gOTTC1mCA\/?guided_help_flow=5\" target=\"_blank\" rel=\"noreferrer noopener\"><img loading=\"lazy\" decoding=\"async\" width=\"570\" height=\"433\" src=\"https:\/\/www.unioviedo.es\/didactictac-tv\/wp-content\/uploads\/2024\/04\/unileon-expresiA\u00b3n_artistica-1.webp\" alt=\"\" class=\"wp-image-724\" srcset=\"https:\/\/www.unioviedo.es\/didactictac-tv\/wp-content\/uploads\/2024\/04\/unileon-expresiA\u00b3n_artistica-1.webp 570w, https:\/\/www.unioviedo.es\/didactictac-tv\/wp-content\/uploads\/2024\/04\/unileon-expresiA\u00b3n_artistica-1-300x228.webp 300w\" sizes=\"(max-width: 570px) 100vw, 570px\" \/><\/a><\/figure>\n","protected":false},"excerpt":{"rendered":"<p>Did\u00e1ctica de la m\u00fasica Expresi\u00f3n art\u00edstica en educaci\u00f3n<\/p>\n","protected":false},"author":1,"featured_media":0,"parent":64,"menu_order":0,"comment_status":"closed","ping_status":"closed","template":"","meta":{"footnotes":""},"_links":{"self":[{"href":"https:\/\/www.unioviedo.es\/didactictac-tv\/index.php\/wp-json\/wp\/v2\/pages\/385"}],"collection":[{"href":"https:\/\/www.unioviedo.es\/didactictac-tv\/index.php\/wp-json\/wp\/v2\/pages"}],"about":[{"href":"https:\/\/www.unioviedo.es\/didactictac-tv\/index.php\/wp-json\/wp\/v2\/types\/page"}],"author":[{"embeddable":true,"href":"https:\/\/www.unioviedo.es\/didactictac-tv\/index.php\/wp-json\/wp\/v2\/users\/1"}],"replies":[{"embeddable":true,"href":"https:\/\/www.unioviedo.es\/didactictac-tv\/index.php\/wp-json\/wp\/v2\/comments?post=385"}],"version-history":[{"count":2,"href":"https:\/\/www.unioviedo.es\/didactictac-tv\/index.php\/wp-json\/wp\/v2\/pages\/385\/revisions"}],"predecessor-version":[{"id":726,"href":"https:\/\/www.unioviedo.es\/didactictac-tv\/index.php\/wp-json\/wp\/v2\/pages\/385\/revisions\/726"}],"up":[{"embeddable":true,"href":"https:\/\/www.unioviedo.es\/didactictac-tv\/index.php\/wp-json\/wp\/v2\/pages\/64"}],"wp:attachment":[{"href":"https:\/\/www.unioviedo.es\/didactictac-tv\/index.php\/wp-json\/wp\/v2\/media?parent=385"}],"curies":[{"name":"wp","href":"https:\/\/api.w.org\/{rel}","templated":true}]}}