{"id":102,"date":"2018-09-14T15:33:15","date_gmt":"2018-09-14T15:33:15","guid":{"rendered":"https:\/\/www.unioviedo.es\/ei\/?page_id=102"},"modified":"2018-09-28T16:28:28","modified_gmt":"2018-09-28T16:28:28","slug":"skills","status":"publish","type":"page","link":"https:\/\/www.unioviedo.es\/ei\/materials\/documents\/skills\/","title":{"rendered":"Skills"},"content":{"rendered":"<div style=\"float: left; width: 75%;\">\t\t\t\t\t\t\t<h3 style=\"margin-bottom:20px ;display:block;width:100%;margin-top:10px\">Competences <\/h3>\r\n\t\t\t\t\t\t\t\t<style>\r\n\t\t\t\t\r\n\t\t\t\t\t#tab_container_98 {\r\n\toverflow:hidden;\r\n\tdisplay:block;\r\n\twidth:100%;\r\n\tborder:0px solid #ddd;\r\n\tmargin-bottom:30px;\r\n\t}\r\n\r\n#tab_container_98 .tab-content{\r\n\tpadding:20px;\r\n\tborder: 1px solid #e6e6e6 !important;\r\n\tmargin-top: 0px;\r\n\tbackground-color:#ffffff !important;\r\n\tcolor: #000000 !important;\r\n\tfont-size:16px !important;\r\n\tfont-family: Open Sans !important;\r\n\t\r\n\t\tborder: 1px solid #e6e6e6 !important;\r\n\t}\r\n#tab_container_98 .wpsm_nav-tabs {\r\n    border-bottom: 0px solid #ddd;\r\n}\r\n#tab_container_98 .wpsm_nav-tabs > li.active > a, #tab_container_98 .wpsm_nav-tabs > li.active > a:hover, #tab_container_98 .wpsm_nav-tabs > li.active > a:focus {\r\n\tcolor: #000000 !important;\r\n\tcursor: default;\r\n\tbackground-color: #ffffff !important;\r\n\tborder: 1px solid #e6e6e6 !important;\r\n}\r\n\r\n#tab_container_98 .wpsm_nav-tabs > li > a {\r\n    margin-right: 0px !important; \r\n    line-height: 1.42857143 !important;\r\n    border: 1px solid #d5d5d5 !important;\r\n    border-radius: 0px 0px 0 0 !important; \r\n\tbackground-color: #e8e8e8 !important;\r\n\tcolor: #000000 !important;\r\n\tpadding: 15px 18px 15px 18px !important;\r\n\ttext-decoration: none !important;\r\n\tfont-size: 14px !important;\r\n\ttext-align:center !important;\r\n\tfont-family: Open Sans !important;\r\n}\r\n#tab_container_98 .wpsm_nav-tabs > li > a:focus {\r\noutline: 0px !important;\r\n}\r\n\r\n#tab_container_98 .wpsm_nav-tabs > li > a:before {\r\n\tdisplay:none !important;\r\n}\r\n#tab_container_98 .wpsm_nav-tabs > li > a:after {\r\n\tdisplay:none !important ;\r\n}\r\n#tab_container_98 .wpsm_nav-tabs > li{\r\npadding:0px !important ;\r\nmargin:0px;\r\n}\r\n\r\n#tab_container_98 .wpsm_nav-tabs > li > a:hover , #tab_container_98 .wpsm_nav-tabs > li > a:focus {\r\n    color: #000000 !important;\r\n    background-color: #e8e8e8 !important;\r\n\tborder: 1px solid #d5d5d5 !important;\r\n\t\r\n}\r\n#tab_container_98 .wpsm_nav-tabs > li > a .fa{\r\n\r\nmargin-right:5px !important;\r\n\r\nmargin-left:5px !important;\r\n\r\n\r\n}\r\n\r\n\t\t#tab_container_98 .wpsm_nav-tabs a{\r\n\t\t\tbackground-image: none;\r\n\t\t\tbackground-position: 0 0;\r\n\t\t\tbackground-repeat: repeat-x;\r\n\t\t}\r\n\t\t\t\r\n\r\n\r\n#tab_container_98 .wpsm_nav-tabs > li {\r\n    float: left;\r\n    margin-bottom: -1px !important;\r\n\tmargin-right:0px !important; \r\n}\r\n\r\n\r\n#tab_container_98 .tab-content{\r\noverflow:hidden !important;\r\n}\r\n\r\n\r\n@media (min-width: 769px) {\r\n\r\n\t#tab_container_98 .wpsm_nav-tabs > li{\r\n\t\tfloat:left !important ;\r\n\t\t\t\tmargin-right:-1px !important;\r\n\t\t\t\t\t}\r\n\t#tab_container_98 .wpsm_nav-tabs{\r\n\t\tfloat:none !important;\r\n\t\tmargin:0px !important;\r\n\t}\r\n\r\n\t#tab_container_98 .wpsm_nav-tabs > li {\r\n\t\t\t\t\r\n\t}\r\n\t#tab_container_98 .wpsm_nav{\r\n\t\t\t}\r\n\r\n}\r\n\r\n\r\n\r\n@media (max-width: 768px) {\r\n\t#tab_container_98 .wpsm_nav-tabs > li {\r\n\t\t\t\t\r\n\t}\r\n\t#tab_container_98 .wpsm_nav{\r\n\t\t\t}\r\n}\r\n\r\n\r\n\t.wpsm_nav-tabs li:before{\r\n\t\tdisplay:none !important;\r\n\t}\r\n\r\n\t@media (max-width: 768px) {\r\n\t\t\t\t\r\n\t\t\t\t.wpsm_nav-tabs{\r\n\t\t\tmargin-left:0px !important;\r\n\t\t\tmargin-right:0px !important; \r\n\t\t\t\r\n\t\t}\r\n\t\t\t\t#tab_container_98 .wpsm_nav-tabs > li{\r\n\t\t\tfloat:none !important;\r\n\t\t}\r\n\t\t\t\r\n\t}\t\t\t\t<\/style>\r\n\t\t\t\t<div id=\"tab_container_98\" >\r\n\t \r\n\t\t\t\t\t<ul class=\"wpsm_nav wpsm_nav-tabs\" role=\"tablist\" id=\"myTab_98\">\r\n\t\t\t\t\t\t\t\r\n\t\t\t\t\t\t\t<li role=\"presentation\"  class=\"active\"  onclick=\"do_resize()\">\r\n\t\t\t\t\t\t\t\t<a href=\"#tabs_desc_98_1\" aria-controls=\"tabs_desc_98_1\" role=\"tab\" data-toggle=\"tab\">\r\n\t\t\t\t\t\t\t\t\t\r\n\t\t\t\t\t\t\t\t\t\t\t\t\t\t\t\t\t\t\t\t\t\t\t\t\t\t\t\t\t\t\t<i class=\"fa fa-file-pdf-o\"><\/i> \t\t\t\t\t\t\t\t\t\t\t\t\t\t\t\t\t\t\t\r\n\t\t\t\t\t\t\t\t\t\t\t\t\t\t\t\t\t\t\r\n\t\t\t\t\t\t\t\t\t<span>English<\/span>\r\n\t\t\t\t\t\t\t\t\t\r\n\t\t\t\t\t\t\t\t\t\t\t\t\t\t\t\t\t\t\r\n\t\t\t\t\t\t\t\t\t\t\t\t\t\t\t\t\t\t\t\t\r\n\t\t\t\t\t\t\t\t\t\r\n\t\t\t\t\t\t\t\t<\/a>\r\n\t\t\t\t\t\t\t<\/li>\r\n\t\t\t\t\t\t\t\r\n\t\t\t\t\t\t\t<li role=\"presentation\"  onclick=\"do_resize()\">\r\n\t\t\t\t\t\t\t\t<a href=\"#tabs_desc_98_2\" aria-controls=\"tabs_desc_98_2\" role=\"tab\" data-toggle=\"tab\">\r\n\t\t\t\t\t\t\t\t\t\r\n\t\t\t\t\t\t\t\t\t\t\t\t\t\t\t\t\t\t\t\t\t\t\t\t\t\t\t\t\t\t\t<i class=\"fa fa-file-pdf-o\"><\/i> \t\t\t\t\t\t\t\t\t\t\t\t\t\t\t\t\t\t\t\r\n\t\t\t\t\t\t\t\t\t\t\t\t\t\t\t\t\t\t\r\n\t\t\t\t\t\t\t\t\t<span>Espa\u00f1ol<\/span>\r\n\t\t\t\t\t\t\t\t\t\r\n\t\t\t\t\t\t\t\t\t\t\t\t\t\t\t\t\t\t\r\n\t\t\t\t\t\t\t\t\t\t\t\t\t\t\t\t\t\t\t\t\r\n\t\t\t\t\t\t\t\t\t\r\n\t\t\t\t\t\t\t\t<\/a>\r\n\t\t\t\t\t\t\t<\/li>\r\n\t\t\t\t\t\t\t\r\n\t\t\t\t\t\t\t<li role=\"presentation\"  onclick=\"do_resize()\">\r\n\t\t\t\t\t\t\t\t<a href=\"#tabs_desc_98_3\" aria-controls=\"tabs_desc_98_3\" role=\"tab\" data-toggle=\"tab\">\r\n\t\t\t\t\t\t\t\t\t\r\n\t\t\t\t\t\t\t\t\t\t\t\t\t\t\t\t\t\t\t\t\t\t\t\t\t\t\t\t\t\t\t<i class=\"fa fa-file-pdf-o\"><\/i> \t\t\t\t\t\t\t\t\t\t\t\t\t\t\t\t\t\t\t\r\n\t\t\t\t\t\t\t\t\t\t\t\t\t\t\t\t\t\t\r\n\t\t\t\t\t\t\t\t\t<span>Italiano<\/span>\r\n\t\t\t\t\t\t\t\t\t\r\n\t\t\t\t\t\t\t\t\t\t\t\t\t\t\t\t\t\t\r\n\t\t\t\t\t\t\t\t\t\t\t\t\t\t\t\t\t\t\t\t\r\n\t\t\t\t\t\t\t\t\t\r\n\t\t\t\t\t\t\t\t<\/a>\r\n\t\t\t\t\t\t\t<\/li>\r\n\t\t\t\t\t\t\t\r\n\t\t\t\t\t\t\t<li role=\"presentation\"  onclick=\"do_resize()\">\r\n\t\t\t\t\t\t\t\t<a href=\"#tabs_desc_98_4\" aria-controls=\"tabs_desc_98_4\" role=\"tab\" data-toggle=\"tab\">\r\n\t\t\t\t\t\t\t\t\t\r\n\t\t\t\t\t\t\t\t\t\t\t\t\t\t\t\t\t\t\t\t\t\t\t\t\t\t\t\t\t\t\t<i class=\"fa fa-file-pdf-o\"><\/i> \t\t\t\t\t\t\t\t\t\t\t\t\t\t\t\t\t\t\t\r\n\t\t\t\t\t\t\t\t\t\t\t\t\t\t\t\t\t\t\r\n\t\t\t\t\t\t\t\t\t<span>Portugu\u00eas<\/span>\r\n\t\t\t\t\t\t\t\t\t\r\n\t\t\t\t\t\t\t\t\t\t\t\t\t\t\t\t\t\t\r\n\t\t\t\t\t\t\t\t\t\t\t\t\t\t\t\t\t\t\t\t\r\n\t\t\t\t\t\t\t\t\t\r\n\t\t\t\t\t\t\t\t<\/a>\r\n\t\t\t\t\t\t\t<\/li>\r\n\t\t\t\t\t\t\t\r\n\t\t\t\t\t\t\t<li role=\"presentation\"  onclick=\"do_resize()\">\r\n\t\t\t\t\t\t\t\t<a href=\"#tabs_desc_98_5\" aria-controls=\"tabs_desc_98_5\" role=\"tab\" data-toggle=\"tab\">\r\n\t\t\t\t\t\t\t\t\t\r\n\t\t\t\t\t\t\t\t\t\t\t\t\t\t\t\t\t\t\t\t\t\t\t\t\t\t\t\t\t\t\t<i class=\"fa fa-file-pdf-o\"><\/i> \t\t\t\t\t\t\t\t\t\t\t\t\t\t\t\t\t\t\t\r\n\t\t\t\t\t\t\t\t\t\t\t\t\t\t\t\t\t\t\r\n\t\t\t\t\t\t\t\t\t<span>Fran\u00e7ais<\/span>\r\n\t\t\t\t\t\t\t\t\t\r\n\t\t\t\t\t\t\t\t\t\t\t\t\t\t\t\t\t\t\r\n\t\t\t\t\t\t\t\t\t\t\t\t\t\t\t\t\t\t\t\t\r\n\t\t\t\t\t\t\t\t\t\r\n\t\t\t\t\t\t\t\t<\/a>\r\n\t\t\t\t\t\t\t<\/li>\r\n\t\t\t\t\t\t\t\t\t\t\t <\/ul>\r\n\r\n\t\t\t\t\t  <!-- Tab panes -->\r\n\t\t\t\t\t  <div class=\"tab-content\" id=\"tab-content_98\">\r\n\t\t\t\t\t\t\t\t\t\t\t\t <div role=\"tabpanel\" class=\"tab-pane  in active \" id=\"tabs_desc_98_1\">\r\n\t\t\t\t\t\t\t\t<h5>Competences and adult education<\/h5>\r\n<ul>\r\n \t<li><a href=\"https:\/\/www.unioviedo.es\/ei\/materiales\/3-competences\/competences%20Eng.pdf\" target=\"_blank\" rel=\"noopener\">Competences (Beatriz Sierra<span lang=\"es\">, UAb. Spain<\/span>)<\/a><\/li>\r\n \t<li><a href=\"https:\/\/www.unioviedo.es\/ei\/materiales\/3-competences\/Competencies%20Elearning%20Eng.pdf\" target=\"_blank\" rel=\"noopener\">Competences E-Learning\u00a0<span lang=\"es\">(Daniela Barros,\u00a0<\/span>Univ. Aberta<span lang=\"es\">\u00a0- Lisbon Portugal)<\/span><\/a><\/li>\r\n \t<li><a href=\"https:\/\/www.unioviedo.es\/ei\/materiales\/3-competences\/CompetenciasClaveEng.pdf\" target=\"_blank\" rel=\"noopener\">Key competences\u00a0<span lang=\"es\">(Julia Magdalena,\u00a0<\/span>CEPA Gij\u00f3n\u00a0<span lang=\"es\">-\u00a0<\/span>Spain<\/a><span lang=\"es\">)<\/span><\/li>\r\n \t<li><a href=\"https:\/\/www.unioviedo.es\/ei\/materiales\/3-competences\/Competencies%20Eng.pdf\" target=\"_blank\" rel=\"noopener\">Educational Competences\u00a0<span lang=\"es\">(Beatriz Sierra,\u00a0<\/span>Univ. Oviedo<span lang=\"es\">\u00a0- Spain)<\/span><\/a><\/li>\r\n<\/ul>\t\t\t\t\t\t <\/div>\r\n\t\t\t\t\t\t\t\t\t\t\t\t <div role=\"tabpanel\" class=\"tab-pane \" id=\"tabs_desc_98_2\">\r\n\t\t\t\t\t\t\t\t<h5>Competencias y educaci\u00f3n de adultos<\/h5>\r\n<ul>\r\n \t<li><a href=\"https:\/\/www.unioviedo.es\/ei\/materiales\/3-competences\/Competencies%20Elearning%20%20Sp.pdf\" target=\"_blank\" rel=\"noopener\">Competencias E-Learning\u00a0<span lang=\"es\">(Daniela Barros,\u00a0<\/span>Univ. Aberta<span lang=\"es\">\u00a0- Lisboa Portugal)<\/span><\/a><\/li>\r\n \t<li><a href=\"https:\/\/www.unioviedo.es\/ei\/materiales\/3-competences\/Competencies%20Spa.pdf\" target=\"_blank\" rel=\"noopener\">Competencias educativas\u00a0<span lang=\"es\">(Beatriz Sierra,\u00a0<\/span>UOv<span lang=\"es\">. Espa\u00f1a)<\/span><\/a><\/li>\r\n \t<li><a href=\"https:\/\/www.unioviedo.es\/ei\/materiales\/3-competences\/KEYcompetencesCEPA.pdf\" target=\"_blank\" rel=\"noopener\"><span lang=\"es\">Competencias clave<\/span>\u00a0<span lang=\"es\">(Julia Magdalena,\u00a0<\/span>CEPA Gij\u00f3n\u00a0<span lang=\"es\">-\u00a0<\/span>Spain<\/a><span lang=\"es\">)<\/span><\/li>\r\n \t<li><a href=\"https:\/\/www.unioviedo.es\/ei\/materiales\/3-competences\/Competencias.pdf\" target=\"_blank\" rel=\"noopener\">Competencias\u00a0<span lang=\"es\">\u00a0<\/span>(Beatriz Sierra<span lang=\"es\">, UOv. Espa\u00f1a<\/span>)<\/a><\/li>\r\n<\/ul>\t\t\t\t\t\t <\/div>\r\n\t\t\t\t\t\t\t\t\t\t\t\t <div role=\"tabpanel\" class=\"tab-pane \" id=\"tabs_desc_98_3\">\r\n\t\t\t\t\t\t\t\t<h5>Competenze ed educazione degli adulti<\/h2>\r\n<ul>\r\n \t<li><a href=\"https:\/\/www.unioviedo.es\/ei\/materiales\/3-competences\/CompetencesE-Learning%20UAb%20ITA.pdf\" target=\"_blank\" rel=\"noopener\">Competen<span lang=\"it\">z<\/span>e E-Learning\u00a0<span lang=\"es\">(Daniela Barros,\u00a0<\/span>UAb<span lang=\"es\">. Lisboa Portugal)<\/span>\u00a0<\/a><\/li>\r\n \t<li><a href=\"https:\/\/www.unioviedo.es\/ei\/materiales\/3-competences\/Competenze%20ita.pdf\" target=\"_blank\" rel=\"noopener\">Competen<span lang=\"it\">z<\/span>e<span lang=\"es\">\u00a0educative<\/span>\u00a0<span lang=\"es\">\u00a0(Beatriz Sierra, UOv. Spain)<\/span><\/a><\/li>\r\n \t<li><a href=\"https:\/\/www.unioviedo.es\/ei\/materiales\/3-competences\/competences%20Univ.%20Oviedo%20ITA.pdf\" target=\"_blank\" rel=\"noopener\">Competen<span lang=\"it\">z<\/span>e\u00a0<span lang=\"es\">\u00a0<\/span><span lang=\"it\">(Beatriz Sierra<\/span><span lang=\"es\">, UOv. Spain<\/span><span lang=\"it\">)<\/span><\/a><\/li>\r\n<\/ul>\t\t\t\t\t\t <\/div>\r\n\t\t\t\t\t\t\t\t\t\t\t\t <div role=\"tabpanel\" class=\"tab-pane \" id=\"tabs_desc_98_4\">\r\n\t\t\t\t\t\t\t\t<h5>Compet\u00eancias e educa\u00e7\u00e3o de adultos<\/h5>\r\n<ul>\r\n \t<li><a href=\"https:\/\/www.unioviedo.es\/ei\/materiales\/3-competences\/Competencies%20Elearning%20%20Pt.pdf\" target=\"_blank\" rel=\"noopener\">Competencias Elearning\u00a0<span lang=\"es\">( Daniela Barros,\u00a0<\/span>UAb<span lang=\"es\">. Lisboa Portugal)<\/span><\/a><\/li>\r\n \t<li><a href=\"https:\/\/www.unioviedo.es\/ei\/materiales\/3-competences\/Competencies%20PT.pdf\" target=\"_blank\" rel=\"noopener\">Competencias\u00a0<span lang=\"es\">(Beatriz Sierra, UOv. Spain)<\/span><\/a><\/li>\r\n<\/ul>\r\n\u00a0\t\t\t\t\t\t <\/div>\r\n\t\t\t\t\t\t\t\t\t\t\t\t <div role=\"tabpanel\" class=\"tab-pane \" id=\"tabs_desc_98_5\">\r\n\t\t\t\t\t\t\t\t<h5>Competences et \u00e9ducation d'adultes<\/h5>\r\n<ul>\r\n \t<li><a href=\"https:\/\/www.unioviedo.es\/ei\/materiales\/3-competences\/Competencies%20Fr.pdf\">Comp\u00e9tences<span lang=\"es\">(Beatriz Sierra, UOv. Spain)<\/span>\u00a0<\/a><\/li>\r\n \t<li><span lang=\"es\"><a href=\"https:\/\/www.unioviedo.es\/ei\/materiales\/3-competences\/KEY%20competences%20Certificados%20de%20profesionalidadFR.pdf\">Competences cle (CEPA Gij\u00f3n)<\/a><\/span><\/li>\r\n \t<li><a style=\"font-size: 1rem;\" href=\"https:\/\/www.unioviedo.es\/ei\/materiales\/1-examples\/Training%20EXPERIENCES%20CPIA%20_FR.pdf\">CPIA experiences (Italy)<\/a><\/li>\r\n<\/ul>\t\t\t\t\t\t <\/div>\r\n\t\t\t\t\t\t\t\r\n\t\t\t\t\t <\/div>\r\n\t\t\t\t\t \r\n\t\t\t\t <\/div>\r\n <script>\r\n\t\tjQuery(function () {\r\n\t\t\tjQuery('#myTab_98 a:first').tab('show')\r\n\t\t});\r\n\t\t\r\n\t\t\t\tjQuery(function(){\r\n\t\t\tvar b=\"fadeIn\";\r\n\t\t\tvar c;\r\n\t\t\tvar a;\r\n\t\t\td(jQuery(\"#myTab_98 a\"),jQuery(\"#tab-content_98\"));function d(e,f,g){\r\n\t\t\t\te.click(function(i){\r\n\t\t\t\t\ti.preventDefault();\r\n\t\t\t\t\tjQuery(this).tab(\"show\");\r\n\t\t\t\t\tvar h=jQuery(this).data(\"easein\");\r\n\t\t\t\t\tif(c){c.removeClass(a);}\r\n\t\t\t\t\tif(h){f.find(\"div.active\").addClass(\"animated \"+h);a=h;}\r\n\t\t\t\t\telse{if(g){f.find(\"div.active\").addClass(\"animated \"+g);a=g;}else{f.find(\"div.active\").addClass(\"animated \"+b);a=b;}}c=f.find(\"div.active\");\r\n\t\t\t\t});\r\n\t\t\t}\r\n\t\t});\r\n\t\t\r\n\r\n\t\tfunction do_resize(){\r\n\r\n\t\t\tvar width=jQuery( '.tab-content .tab-pane iframe' ).width();\r\n\t\t\tvar height=jQuery( '.tab-content .tab-pane iframe' ).height();\r\n\r\n\t\t\tvar toggleSize = true;\r\n\t\t\tjQuery('iframe').animate({\r\n\t\t\t    width: toggleSize ? width : 640,\r\n\t\t\t    height: toggleSize ? height : 360\r\n\t\t\t  }, 250);\r\n\r\n\t\t\t  toggleSize = !toggleSize;\r\n\t\t}\r\n\r\n\r\n\t<\/script>\r\n\t\t\t\t\r\n\t\t\t<\/div>\n<div style=\"float: right; width: 20%; padding-top: 20px;\">\n<h5>Materials<\/h5>\n<section id=\"nav_menu-2\" class=\"widget widget_nav_menu amr_widget\"><div class=\"menu-ei-materials-container\"><ul id=\"menu-ei-materials\" class=\"menu\"><li id=\"menu-item-534\" class=\"menu-item menu-item-type-post_type menu-item-object-page menu-item-has-children menu-item-534\"><a href=\"https:\/\/www.unioviedo.es\/ei\/materials\/documents\/\">Documents<\/a>\n<ul class=\"sub-menu\">\n\t<li id=\"menu-item-507\" class=\"menu-item menu-item-type-post_type menu-item-object-page menu-item-507\"><a href=\"https:\/\/www.unioviedo.es\/ei\/materials\/documents\/employment\/\">Employment<\/a><\/li>\n\t<li id=\"menu-item-508\" class=\"menu-item menu-item-type-post_type menu-item-object-page menu-item-508\"><a href=\"https:\/\/www.unioviedo.es\/ei\/materials\/documents\/english-competences\/\">English competences<\/a><\/li>\n\t<li id=\"menu-item-509\" class=\"menu-item menu-item-type-post_type menu-item-object-page menu-item-509\"><a href=\"https:\/\/www.unioviedo.es\/ei\/materials\/documents\/examples\/\">Examples<\/a><\/li>\n\t<li id=\"menu-item-510\" class=\"menu-item menu-item-type-post_type menu-item-object-page menu-item-510\"><a href=\"https:\/\/www.unioviedo.es\/ei\/materials\/documents\/good-practices\/\">Good practices<\/a><\/li>\n\t<li id=\"menu-item-511\" class=\"menu-item menu-item-type-post_type menu-item-object-page menu-item-511\"><a href=\"https:\/\/www.unioviedo.es\/ei\/materials\/documents\/ict\/\">ICT<\/a><\/li>\n\t<li id=\"menu-item-512\" class=\"menu-item menu-item-type-post_type menu-item-object-page menu-item-512\"><a href=\"https:\/\/www.unioviedo.es\/ei\/materials\/documents\/inclusion\/\">Inclusion<\/a><\/li>\n\t<li id=\"menu-item-513\" class=\"menu-item menu-item-type-post_type menu-item-object-page menu-item-513\"><a href=\"https:\/\/www.unioviedo.es\/ei\/materials\/documents\/methodologies\/\">Methodologies<\/a><\/li>\n\t<li id=\"menu-item-514\" class=\"menu-item menu-item-type-post_type menu-item-object-page menu-item-514\"><a href=\"https:\/\/www.unioviedo.es\/ei\/materials\/documents\/skills\/\">Skills<\/a><\/li>\n<\/ul>\n<\/li>\n<li id=\"menu-item-535\" class=\"menu-item menu-item-type-post_type menu-item-object-page menu-item-535\"><a href=\"https:\/\/www.unioviedo.es\/ei\/materials\/videos\/\">Videos<\/a><\/li>\n<\/ul><\/div><\/section>\n<\/div>\n","protected":false},"excerpt":{"rendered":"<p>Materials<\/p>\n","protected":false},"author":1,"featured_media":0,"parent":25,"menu_order":0,"comment_status":"closed","ping_status":"closed","template":"","meta":{"footnotes":"","_links_to":"","_links_to_target":""},"categories":[],"tags":[],"class_list":["post-102","page","type-page","status-publish","hentry"],"_links":{"self":[{"href":"https:\/\/www.unioviedo.es\/ei\/wp-json\/wp\/v2\/pages\/102","targetHints":{"allow":["GET"]}}],"collection":[{"href":"https:\/\/www.unioviedo.es\/ei\/wp-json\/wp\/v2\/pages"}],"about":[{"href":"https:\/\/www.unioviedo.es\/ei\/wp-json\/wp\/v2\/types\/page"}],"author":[{"embeddable":true,"href":"https:\/\/www.unioviedo.es\/ei\/wp-json\/wp\/v2\/users\/1"}],"replies":[{"embeddable":true,"href":"https:\/\/www.unioviedo.es\/ei\/wp-json\/wp\/v2\/comments?post=102"}],"version-history":[{"count":3,"href":"https:\/\/www.unioviedo.es\/ei\/wp-json\/wp\/v2\/pages\/102\/revisions"}],"predecessor-version":[{"id":553,"href":"https:\/\/www.unioviedo.es\/ei\/wp-json\/wp\/v2\/pages\/102\/revisions\/553"}],"up":[{"embeddable":true,"href":"https:\/\/www.unioviedo.es\/ei\/wp-json\/wp\/v2\/pages\/25"}],"wp:attachment":[{"href":"https:\/\/www.unioviedo.es\/ei\/wp-json\/wp\/v2\/media?parent=102"}],"wp:term":[{"taxonomy":"category","embeddable":true,"href":"https:\/\/www.unioviedo.es\/ei\/wp-json\/wp\/v2\/categories?post=102"},{"taxonomy":"post_tag","embeddable":true,"href":"https:\/\/www.unioviedo.es\/ei\/wp-json\/wp\/v2\/tags?post=102"}],"curies":[{"name":"wp","href":"https:\/\/api.w.org\/{rel}","templated":true}]}}