{"id":33,"date":"2018-09-13T14:30:10","date_gmt":"2018-09-13T14:30:10","guid":{"rendered":"https:\/\/www.unioviedo.es\/ei\/?page_id=33"},"modified":"2023-01-30T15:56:34","modified_gmt":"2023-01-30T15:56:34","slug":"international-conferences","status":"publish","type":"page","link":"https:\/\/www.unioviedo.es\/ei\/events\/international-conferences\/","title":{"rendered":"International conferences"},"content":{"rendered":"<h2><img loading=\"lazy\" decoding=\"async\" class=\"alignright wp-image-606\" src=\"https:\/\/www.unioviedo.es\/ei\/wp-content\/uploads\/logo-conference-transparent-150x150.png\" alt=\"\" width=\"250\" height=\"250\" srcset=\"https:\/\/www.unioviedo.es\/ei\/wp-content\/uploads\/logo-conference-transparent-150x150.png 150w, https:\/\/www.unioviedo.es\/ei\/wp-content\/uploads\/logo-conference-transparent-300x300.png 300w, https:\/\/www.unioviedo.es\/ei\/wp-content\/uploads\/logo-conference-transparent-768x768.png 768w, https:\/\/www.unioviedo.es\/ei\/wp-content\/uploads\/logo-conference-transparent.png 1000w\" sizes=\"auto, (max-width: 250px) 100vw, 250px\" \/><u>International Conference in Training and Inclusion<\/u><\/h2>\n<p><strong><em>4th to 6th July 2018, Lisbon (Portugal)<br \/>\nUniv. Oviedo (Spain) &#038; Univ. Aberta (Portugal)<br \/>\nWithin the EI project<br \/>\nCONFERENCE CHAIR Mr. Javier Fombona<br \/>\n<\/em><\/strong><\/p>\n<p>&nbsp;<\/p>\n<p><strong><a href=\"https:\/\/conferenceadultedu.wixsite.com\/ei-2018\" target=\"_blank\" rel=\"noopener\">Visit Conference website<\/a><\/strong><\/p>\n<h2><\/h2>\n\t\t\t\t\t\t\t<h3 style=\"margin-bottom:20px ;display:block;width:100%;margin-top:10px\">Conference Welcome Video <\/h3>\r\n\t\t\t\t\t\t\t\t<style>\r\n\t\t\t\t\r\n\t\t\t\t\t#tab_container_464 {\r\n\toverflow:hidden;\r\n\tdisplay:block;\r\n\twidth:100%;\r\n\tborder:0px solid #ddd;\r\n\tmargin-bottom:30px;\r\n\t}\r\n\r\n#tab_container_464 .tab-content{\r\n\tpadding:20px;\r\n\tborder: 1px solid #e6e6e6 !important;\r\n\tmargin-top: 0px;\r\n\tbackground-color:#ffffff !important;\r\n\tcolor: #000000 !important;\r\n\tfont-size:16px !important;\r\n\tfont-family: Open Sans !important;\r\n\t\r\n\t\tborder: 1px solid #e6e6e6 !important;\r\n\t}\r\n#tab_container_464 .wpsm_nav-tabs {\r\n    border-bottom: 0px solid #ddd;\r\n}\r\n#tab_container_464 .wpsm_nav-tabs > li.active > a, #tab_container_464 .wpsm_nav-tabs > li.active > a:hover, #tab_container_464 .wpsm_nav-tabs > li.active > a:focus {\r\n\tcolor: #000000 !important;\r\n\tcursor: default;\r\n\tbackground-color: #ffffff !important;\r\n\tborder: 1px solid #e6e6e6 !important;\r\n}\r\n\r\n#tab_container_464 .wpsm_nav-tabs > li > a {\r\n    margin-right: 0px !important; \r\n    line-height: 1.42857143 !important;\r\n    border: 1px solid #d5d5d5 !important;\r\n    border-radius: 0px 0px 0 0 !important; \r\n\tbackground-color: #e8e8e8 !important;\r\n\tcolor: #000000 !important;\r\n\tpadding: 15px 18px 15px 18px !important;\r\n\ttext-decoration: none !important;\r\n\tfont-size: 14px !important;\r\n\ttext-align:center !important;\r\n\tfont-family: Open Sans !important;\r\n}\r\n#tab_container_464 .wpsm_nav-tabs > li > a:focus {\r\noutline: 0px !important;\r\n}\r\n\r\n#tab_container_464 .wpsm_nav-tabs > li > a:before {\r\n\tdisplay:none !important;\r\n}\r\n#tab_container_464 .wpsm_nav-tabs > li > a:after {\r\n\tdisplay:none !important ;\r\n}\r\n#tab_container_464 .wpsm_nav-tabs > li{\r\npadding:0px !important ;\r\nmargin:0px;\r\n}\r\n\r\n#tab_container_464 .wpsm_nav-tabs > li > a:hover , #tab_container_464 .wpsm_nav-tabs > li > a:focus {\r\n    color: #000000 !important;\r\n    background-color: #e8e8e8 !important;\r\n\tborder: 1px solid #d5d5d5 !important;\r\n\t\r\n}\r\n#tab_container_464 .wpsm_nav-tabs > li > a .fa{\r\n\r\nmargin-right:5px !important;\r\n\r\nmargin-left:5px !important;\r\n\r\n\r\n}\r\n\r\n\t\t#tab_container_464 .wpsm_nav-tabs a{\r\n\t\t\tbackground-image: none;\r\n\t\t\tbackground-position: 0 0;\r\n\t\t\tbackground-repeat: repeat-x;\r\n\t\t}\r\n\t\t\t\r\n\r\n\r\n#tab_container_464 .wpsm_nav-tabs > li {\r\n    float: left;\r\n    margin-bottom: -1px !important;\r\n\tmargin-right:0px !important; \r\n}\r\n\r\n\r\n#tab_container_464 .tab-content{\r\noverflow:hidden !important;\r\n}\r\n\r\n\r\n@media (min-width: 769px) {\r\n\r\n\t#tab_container_464 .wpsm_nav-tabs > li{\r\n\t\tfloat:left !important ;\r\n\t\t\t\tmargin-right:-1px !important;\r\n\t\t\t\t\t}\r\n\t#tab_container_464 .wpsm_nav-tabs{\r\n\t\tfloat:none !important;\r\n\t\tmargin:0px !important;\r\n\t}\r\n\r\n\t#tab_container_464 .wpsm_nav-tabs > li {\r\n\t\t\t\t\r\n\t}\r\n\t#tab_container_464 .wpsm_nav{\r\n\t\t\t}\r\n\r\n}\r\n\r\n\r\n\r\n@media (max-width: 768px) {\r\n\t#tab_container_464 .wpsm_nav-tabs > li {\r\n\t\t\t\t\r\n\t}\r\n\t#tab_container_464 .wpsm_nav{\r\n\t\t\t}\r\n}\r\n\r\n\r\n\t.wpsm_nav-tabs li:before{\r\n\t\tdisplay:none !important;\r\n\t}\r\n\r\n\t@media (max-width: 768px) {\r\n\t\t\t\t\r\n\t\t\t\t.wpsm_nav-tabs{\r\n\t\t\tmargin-left:0px !important;\r\n\t\t\tmargin-right:0px !important; \r\n\t\t\t\r\n\t\t}\r\n\t\t\t\t#tab_container_464 .wpsm_nav-tabs > li{\r\n\t\t\tfloat:none !important;\r\n\t\t}\r\n\t\t\t\r\n\t}\t\t\t\t<\/style>\r\n\t\t\t\t<div id=\"tab_container_464\" >\r\n\t \r\n\t\t\t\t\t<ul class=\"wpsm_nav wpsm_nav-tabs\" role=\"tablist\" id=\"myTab_464\">\r\n\t\t\t\t\t\t\t\r\n\t\t\t\t\t\t\t<li role=\"presentation\"  class=\"active\"  onclick=\"do_resize()\">\r\n\t\t\t\t\t\t\t\t<a href=\"#tabs_desc_464_1\" aria-controls=\"tabs_desc_464_1\" role=\"tab\" data-toggle=\"tab\">\r\n\t\t\t\t\t\t\t\t\t\r\n\t\t\t\t\t\t\t\t\t\t\t\t\t\t\t\t\t\t\t\t\t\t\t\t\t\t\t\t\t\t\t<i class=\"fa fa-file-video-o\"><\/i> \t\t\t\t\t\t\t\t\t\t\t\t\t\t\t\t\t\t\t\r\n\t\t\t\t\t\t\t\t\t\t\t\t\t\t\t\t\t\t\r\n\t\t\t\t\t\t\t\t\t<span>Video [English]<\/span>\r\n\t\t\t\t\t\t\t\t\t\r\n\t\t\t\t\t\t\t\t\t\t\t\t\t\t\t\t\t\t\r\n\t\t\t\t\t\t\t\t\t\t\t\t\t\t\t\t\t\t\t\t\r\n\t\t\t\t\t\t\t\t\t\r\n\t\t\t\t\t\t\t\t<\/a>\r\n\t\t\t\t\t\t\t<\/li>\r\n\t\t\t\t\t\t\t\r\n\t\t\t\t\t\t\t<li role=\"presentation\"  onclick=\"do_resize()\">\r\n\t\t\t\t\t\t\t\t<a href=\"#tabs_desc_464_2\" aria-controls=\"tabs_desc_464_2\" role=\"tab\" data-toggle=\"tab\">\r\n\t\t\t\t\t\t\t\t\t\r\n\t\t\t\t\t\t\t\t\t\t\t\t\t\t\t\t\t\t\t\t\t\t\t\t\t\t\t\t\t\t\t<i class=\"fa fa-file-video-o\"><\/i> \t\t\t\t\t\t\t\t\t\t\t\t\t\t\t\t\t\t\t\r\n\t\t\t\t\t\t\t\t\t\t\t\t\t\t\t\t\t\t\r\n\t\t\t\t\t\t\t\t\t<span>V\u00eddeo [Espa\u00f1ol]<\/span>\r\n\t\t\t\t\t\t\t\t\t\r\n\t\t\t\t\t\t\t\t\t\t\t\t\t\t\t\t\t\t\r\n\t\t\t\t\t\t\t\t\t\t\t\t\t\t\t\t\t\t\t\t\r\n\t\t\t\t\t\t\t\t\t\r\n\t\t\t\t\t\t\t\t<\/a>\r\n\t\t\t\t\t\t\t<\/li>\r\n\t\t\t\t\t\t\t\t\t\t\t <\/ul>\r\n\r\n\t\t\t\t\t  <!-- Tab panes -->\r\n\t\t\t\t\t  <div class=\"tab-content\" id=\"tab-content_464\">\r\n\t\t\t\t\t\t\t\t\t\t\t\t <div role=\"tabpanel\" class=\"tab-pane  in active \" id=\"tabs_desc_464_1\">\r\n\t\t\t\t\t\t\t\t<div class=\"container_yt\"><iframe src=\"https:\/\/www.youtube.com\/embed\/J9KBo8awxvc?rel=0\" class=\"video_yt\" frameborder=\"0\" allowfullscreen=\"allowfullscreen\"><\/iframe><\/div>\r\n\t\t\t\t\t\t <\/div>\r\n\t\t\t\t\t\t\t\t\t\t\t\t <div role=\"tabpanel\" class=\"tab-pane \" id=\"tabs_desc_464_2\">\r\n\t\t\t\t\t\t\t\t<div class=\"container_yt\"><iframe src=\"https:\/\/www.youtube.com\/embed\/WDu0xp7UJdg?rel=0\" class=\"video_yt\" frameborder=\"0\" allowfullscreen=\"allowfullscreen\"><\/iframe><\/div>\t\t\t\t\t\t <\/div>\r\n\t\t\t\t\t\t\t\r\n\t\t\t\t\t <\/div>\r\n\t\t\t\t\t \r\n\t\t\t\t <\/div>\r\n <script>\r\n\t\tjQuery(function () {\r\n\t\t\tjQuery('#myTab_464 a:first').tab('show')\r\n\t\t});\r\n\t\t\r\n\t\t\t\tjQuery(function(){\r\n\t\t\tvar b=\"fadeIn\";\r\n\t\t\tvar c;\r\n\t\t\tvar a;\r\n\t\t\td(jQuery(\"#myTab_464 a\"),jQuery(\"#tab-content_464\"));function d(e,f,g){\r\n\t\t\t\te.click(function(i){\r\n\t\t\t\t\ti.preventDefault();\r\n\t\t\t\t\tjQuery(this).tab(\"show\");\r\n\t\t\t\t\tvar h=jQuery(this).data(\"easein\");\r\n\t\t\t\t\tif(c){c.removeClass(a);}\r\n\t\t\t\t\tif(h){f.find(\"div.active\").addClass(\"animated \"+h);a=h;}\r\n\t\t\t\t\telse{if(g){f.find(\"div.active\").addClass(\"animated \"+g);a=g;}else{f.find(\"div.active\").addClass(\"animated \"+b);a=b;}}c=f.find(\"div.active\");\r\n\t\t\t\t});\r\n\t\t\t}\r\n\t\t});\r\n\t\t\r\n\r\n\t\tfunction do_resize(){\r\n\r\n\t\t\tvar width=jQuery( '.tab-content .tab-pane iframe' ).width();\r\n\t\t\tvar height=jQuery( '.tab-content .tab-pane iframe' ).height();\r\n\r\n\t\t\tvar toggleSize = true;\r\n\t\t\tjQuery('iframe').animate({\r\n\t\t\t    width: toggleSize ? width : 640,\r\n\t\t\t    height: toggleSize ? height : 360\r\n\t\t\t  }, 250);\r\n\r\n\t\t\t  toggleSize = !toggleSize;\r\n\t\t}\r\n\r\n\r\n\t<\/script>\r\n\t\t\t\t\r\n\t\t\t\n<hr \/>\n<h4><img loading=\"lazy\" decoding=\"async\" class=\"alignright wp-image-195\" src=\"https:\/\/www.unioviedo.es\/ei\/wp-content\/uploads\/2018\/09\/Congreso.jpg\" alt=\"\" width=\"333\" height=\"250\" srcset=\"https:\/\/www.unioviedo.es\/ei\/wp-content\/uploads\/2018\/09\/Congreso.jpg 596w, https:\/\/www.unioviedo.es\/ei\/wp-content\/uploads\/2018\/09\/Congreso-300x225.jpg 300w\" sizes=\"auto, (max-width: 333px) 100vw, 333px\" \/>Opening session<\/h4>\n<p>&nbsp;<\/p>\n<p><a href=\"https:\/\/www.unioviedo.es\/ei\/videos\/inicio.mp3\" target=\"_blank\" rel=\"noopener\"><strong>Download audio [3&#8242;]<\/strong><\/a><\/p>\n<h2><\/h2>\n<h2><\/h2>\n<p>&nbsp;<\/p>\n<p>&nbsp;<\/p>\n<hr \/>\n<h4>Inaugural Conference Prof. Rui Can\u00e1rio [28&#8242; \/ Portuguese]<\/h4>\n<p><a href=\"https:\/\/www.unioviedo.es\/ei\/materiales\/CANARIO%20Conference.pdf\" target=\"_blank\" rel=\"noopener\"><strong>Download slideshows from Rui Canario conference [.pdf \/ Portuguese &amp; English]<\/strong><\/a><\/p>\n<p>&nbsp;<\/p>\n<div class=\"container_yt\">[youtube https:\/\/www.youtube.com\/watch?v=cEvzWQothGc?rel=0]<\/div>\n<p>&nbsp;<\/p>\n<hr \/>\n<h4>Lida Kita Conference, specialist in VET and social inclusion &#8211; country desk Serbia and Turkey<\/h4>\n<p><a href=\"https:\/\/www.unioviedo.es\/ei\/materiales\/LIDA%20KITA%20VET.pdf\" target=\"_blank\" rel=\"noopener\"><strong>Download slideshow from Lida Kita conference [.pdf \/ English]<\/strong><\/a><\/p>\n<p>&nbsp;<\/p>\n<div class=\"container_yt\">[youtube https:\/\/www.youtube.com\/watch?v=ZRE3ubqIJ5Y?rel=0]<\/div>\n<p>&nbsp;<\/p>\n<hr \/>\n<h3>Slideshows<\/h3>\n<p>&nbsp;<\/p>\n<ul>\n<li style=\"list-style-type: none;\">\n<ul>\n<li style=\"list-style-type: none;\">\n<ul>\n<li><a href=\"https:\/\/www.unioviedo.es\/ei\/materiales\/ALVAREZ%20The%20framework.pdf\" target=\"_blank\" rel=\"noopener\">The framework [ALVAREZ]<\/a><\/li>\n<li><a href=\"https:\/\/www.unioviedo.es\/ei\/materiales\/ALVES%20Politicas%20educacionais.pdf\" target=\"_blank\" rel=\"noopener\">Politicas educacionais [ALVES]<\/a><\/li>\n<li><a href=\"https:\/\/www.unioviedo.es\/ei\/materiales\/ANNALISA%20Activities%20for%20increasing.pdf\" target=\"_blank\" rel=\"noopener\">Activities for increasing [ANNALISA]<\/a><\/li>\n<li><a href=\"https:\/\/www.unioviedo.es\/ei\/materiales\/BRUNO%20Key%20competences.pdf\" target=\"_blank\" rel=\"noopener\">Key competences [BRUNO]<\/a><\/li>\n<li><a href=\"https:\/\/www.unioviedo.es\/ei\/materiales\/CARNEIRO%20Projeto%20Live2Work.pdf\" target=\"_blank\" rel=\"noopener\">Projeto Live2Work [CARNEIRO]<\/a><\/li>\n<li><a href=\"https:\/\/www.unioviedo.es\/ei\/materiales\/CARVALHO%20Uma%20reflexao.pdf\" target=\"_blank\" rel=\"noopener\">Uma reflexao [CARVALHO]<\/a><\/li>\n<li><a href=\"https:\/\/www.unioviedo.es\/ei\/materiales\/CONSTANTINO%20Perspectives%20of%20online.pdf\" target=\"_blank\" rel=\"noopener\">Perspectives of online [CONSTANTINO]<\/a><\/li>\n<li><a href=\"https:\/\/www.unioviedo.es\/ei\/materiales\/COMPTE%20Educacion%20universitaria.pdf\" target=\"_blank\" rel=\"noopener\">Educaci\u00f3n universitaria [COMPTE]<\/a><\/li>\n<li><a href=\"https:\/\/www.unioviedo.es\/ei\/materiales\/COUTEIRO%20Inclusion%20and%20employability.pdf\" target=\"_blank\" rel=\"noopener\">Inclusion and employability [COUTEIRO]<\/a><\/li>\n<li><a href=\"https:\/\/www.unioviedo.es\/ei\/materiales\/DIAS%20Apropiacao%20tecnologica.pdf\" target=\"_blank\" rel=\"noopener\">Apropia\u00e7\u00e3o tecnol\u00f3gica [DIAS]<\/a><\/li>\n<li><a href=\"https:\/\/www.unioviedo.es\/ei\/materiales\/FERREIRA%20Turismo%20e%20inclucao.pdf\" target=\"_blank\" rel=\"noopener\">Turismo e inclu\u00e7\u00e3o [FERREIRA]<\/a><\/li>\n<li><a href=\"https:\/\/www.unioviedo.es\/ei\/materiales\/FERNANDEZ%20The%20importance.pdf\" target=\"_blank\" rel=\"noopener\">The importance [FERNANDEZ]<\/a><\/li>\n<li><a href=\"https:\/\/www.unioviedo.es\/ei\/materiales\/FOMBONA%20Investigacion%20sobre%20programas.pdf\" target=\"_blank\" rel=\"noopener\">Investigaci\u00f3n sobre programas [FOMBONA]<\/a><\/li>\n<li><a href=\"https:\/\/www.unioviedo.es\/ei\/materiales\/GAIO%20Aprendizagem%20profissional.pdf\" target=\"_blank\" rel=\"noopener\">Aprendizagem profissional [GAIO]<\/a><\/li>\n<li><a href=\"https:\/\/www.unioviedo.es\/ei\/materiales\/GARCIA%20La%20evaluacion.pdf\" target=\"_blank\" rel=\"noopener\">La evaluaci\u00f3n [GARCIA]<\/a><\/li>\n<li><a href=\"https:\/\/www.unioviedo.es\/ei\/materiales\/GOMEZ%20Ensenanza-aprendizaje.pdf\" target=\"_blank\" rel=\"noopener\">Ense\u00f1anza-aprendizaje [GOMEZ]<\/a><\/li>\n<li><a href=\"https:\/\/www.unioviedo.es\/ei\/materiales\/GOMEZ%20Insercion%20sociolaboral.pdf\" target=\"_blank\" rel=\"noopener\">Inserci\u00f3n sociolaboral [GOMEZ]<\/a><\/li>\n<li><a href=\"https:\/\/www.unioviedo.es\/ei\/materiales\/GOMEZ%20La%20reflexion%20diaria.pdf\" target=\"_blank\" rel=\"noopener\">La reflexi\u00f3n diaria [GOMEZ]<\/a><\/li>\n<li><a href=\"https:\/\/www.unioviedo.es\/ei\/materiales\/HEREDIA%20Revision%20teorica.pdf\" target=\"_blank\" rel=\"noopener\">Revisi\u00f3n te\u00f3rica [HEREDIA]<\/a><\/li>\n<li><a href=\"https:\/\/www.unioviedo.es\/ei\/materiales\/IKESHOJI%20Learning%20styles.pdf\" target=\"_blank\" rel=\"noopener\">Learning styles [IKESHOJI]<\/a><\/li>\n<li><a href=\"https:\/\/www.unioviedo.es\/ei\/materiales\/MACHADO%20Curriculo%20e%20tecnologias.pdf\" target=\"_blank\" rel=\"noopener\">Curr\u00edculo e tecnologias [MACHADO]<\/a><\/li>\n<li><a href=\"https:\/\/www.unioviedo.es\/ei\/materiales\/MEDINAS%20Inclusao%20digital.pdf\" target=\"_blank\" rel=\"noopener\">Inclus\u00e3o digital [MEDINAS]<\/a><\/li>\n<li><a href=\"https:\/\/www.unioviedo.es\/ei\/materiales\/MOREIRA%20Diversidade%20e%20mudanca.pdf\" target=\"_blank\" rel=\"noopener\">Diversidade e mudan\u00e7a [MOREIRA]<\/a><\/li>\n<li><a href=\"https:\/\/www.unioviedo.es\/ei\/materiales\/OLIVEIRA%20Desenvolvimento%20e%20inclusao.pdf\" target=\"_blank\" rel=\"noopener\">Desenvolvimento e inclus\u00e3o [OLIVEIRA]<\/a><\/li>\n<li><a href=\"https:\/\/www.youtube.com\/watch?v=dBZMxJeJs7Y\" target=\"_blank\" rel=\"noopener\">View video from Universidade UAPI [Brazil]<\/a><\/li>\n<li><a href=\"https:\/\/www.unioviedo.es\/ei\/materiales\/OLIVEIRA%20Novas%20tecnologias.pdf\" target=\"_blank\" rel=\"noopener\">Novas tecnologias [OLIVEIRA]<\/a><\/li>\n<li><a href=\"https:\/\/www.unioviedo.es\/ei\/materiales\/PALMEIRO%20Digital%20inclusion.pdf\" target=\"_blank\" rel=\"noopener\">Digital inclusion [PALMEIRO]<\/a><\/li>\n<li><a href=\"https:\/\/www.unioviedo.es\/ei\/materiales\/Pascual%20Good%20Practices.pdf\" target=\"_blank\" rel=\"noopener\">Good Practices [PASCUAL]<\/a><\/li>\n<li><a href=\"https:\/\/www.unioviedo.es\/ei\/materiales\/PAOLA%20The%20integration.pdf\" target=\"_blank\" rel=\"noopener\">The integration [PAOLA]<\/a><\/li>\n<li><a href=\"https:\/\/www.unioviedo.es\/ei\/materiales\/PEREIRA%20O%20Curso%20de%20marroquinaria%20.pdf\" target=\"_blank\" rel=\"noopener\">O Curso de marroquinaria [PEREIRA]<\/a><\/li>\n<li><a href=\"https:\/\/www.unioviedo.es\/ei\/materiales\/PORFIRIO%20Family%20Business.pdf\" target=\"_blank\" rel=\"noopener\">Family Business [PORFIRIO]<\/a><\/li>\n<li><a href=\"https:\/\/www.unioviedo.es\/ei\/materiales\/SCHIAVO%20Proposal%20of%20instructional.pdf\" target=\"_blank\" rel=\"noopener\">Proposal of instructional [SCHIAVO]<\/a><\/li>\n<li><a href=\"https:\/\/www.unioviedo.es\/ei\/materiales\/SIMOES%20A%20saude%20dos%20utilizadores%20dos%20Balnearios%20Publicos%20de%20Lisboa.pdf\" target=\"_blank\" rel=\"noopener\">A sa\u00fade dos utilizadores dos Balne\u00e1rios P\u00fablicos de Lisboa [SIMOES]<\/a><\/li>\n<li><a href=\"https:\/\/www.unioviedo.es\/ei\/materiales\/SIMOES%20Cursos%20EFA.pdf\" target=\"_blank\" rel=\"noopener\">Cursos EFA [SIMOES]<\/a><\/li>\n<li><a href=\"https:\/\/www.unioviedo.es\/ei\/materiales\/SOUSA%20Adult%20education.pdf\" target=\"_blank\" rel=\"noopener\">Adult education [SOUSA]<\/a><\/li>\n<li><a href=\"https:\/\/www.unioviedo.es\/ei\/materiales\/SWERTS%20Os%20desafios%20da%20inclusao.pdf\" target=\"_blank\" rel=\"noopener\">Os desafios da inclus\u00e3o [SWERTS]<\/a><\/li>\n<li><a href=\"https:\/\/www.unioviedo.es\/ei\/materiales\/TESI%20Monitoring%20Educational.pdf\" target=\"_blank\" rel=\"noopener\">Monitoring Educational [TESI]<\/a><\/li>\n<li><a href=\"https:\/\/www.unioviedo.es\/ei\/materiales\/PINHEIRO%20Expectativas%20de%20mobilidade.pdf\" target=\"_blank\" rel=\"noopener\">Expectativas de mobilidade [PINHEIRO]<\/a><\/li>\n<li><a href=\"https:\/\/www.unioviedo.es\/ei\/materiales\/MENDES%20Tutoriais%20de%20adultos.pdf\" target=\"_blank\" rel=\"noopener\">Tutoriais de adultos [MENDES]<\/a><\/li>\n<li><a href=\"https:\/\/www.unioviedo.es\/ei\/materiales\/MENDES%20A%20trajetoria.pdf\" target=\"_blank\" rel=\"noopener\">A trajet\u00f3ria [MENDES]<\/a><\/li>\n<li><a href=\"https:\/\/www.unioviedo.es\/ei\/materiales\/MUCHERONI%20Inovacao%20com%20uso.pdf\" target=\"_blank\" rel=\"noopener\">Inova\u00e7\u00e3o com uso [MUCHERONI]<\/a><\/li>\n<li><a href=\"https:\/\/www.unioviedo.es\/ei\/materiales\/VELASCO%20El%20desarrollo%20de%20la%20competencia.pdf\" target=\"_blank\" rel=\"noopener\">El desarrollo de la competencia [VELASCO]<\/a><\/li>\n<li><a href=\"https:\/\/www.unioviedo.es\/ei\/materiales\/VELOSO%20A%20condicao%20limiar%20.pdf\" target=\"_blank\" rel=\"noopener\">A condi\u00e7\u00e3o limiar [VELOSO]<\/a><\/li>\n<\/ul>\n<\/li>\n<\/ul>\n<\/li>\n<\/ul>\n<hr \/>\n<h5>Proceedings of this International Conference<\/h5>\n<p>Gl\u00f3ria Bastos, Rosa Maria Sequeira, Javier Fombona (org.) (2018). Forma\u00e7\u00e3o e Inclus\u00e3o: Educa\u00e7\u00e3o de Adultos e Experi\u00eancias para a Empregabilidade \/ Training and Inclusion: Adult Education and Experiences for Employment. Atas da Confer\u00eancia Internacional \/ Proceedings of the International Conference. Universidade Aberta. [ebook]. ISBN 978-972-674-833-5<\/p>\n<hr \/>\n<p>&nbsp;<\/p>\n<div class=\"container_yt\">[youtube https:\/\/www.youtube.com\/watch?v=DwhxOeT1dz0&amp;t=1s]<\/div>\n<p>&nbsp;<\/p>\n","protected":false},"excerpt":{"rendered":"<p>International Conference in Training and Inclusion 4th to 6th July 2018, Lisbon (Portugal) Univ. Oviedo (Spain) &#038; Univ. Aberta (Portugal) Within the EI project CONFERENCE [&hellip;]<\/p>\n","protected":false},"author":1,"featured_media":0,"parent":29,"menu_order":0,"comment_status":"closed","ping_status":"closed","template":"","meta":{"footnotes":"","_links_to":"","_links_to_target":""},"categories":[],"tags":[],"class_list":["post-33","page","type-page","status-publish","hentry"],"_links":{"self":[{"href":"https:\/\/www.unioviedo.es\/ei\/wp-json\/wp\/v2\/pages\/33","targetHints":{"allow":["GET"]}}],"collection":[{"href":"https:\/\/www.unioviedo.es\/ei\/wp-json\/wp\/v2\/pages"}],"about":[{"href":"https:\/\/www.unioviedo.es\/ei\/wp-json\/wp\/v2\/types\/page"}],"author":[{"embeddable":true,"href":"https:\/\/www.unioviedo.es\/ei\/wp-json\/wp\/v2\/users\/1"}],"replies":[{"embeddable":true,"href":"https:\/\/www.unioviedo.es\/ei\/wp-json\/wp\/v2\/comments?post=33"}],"version-history":[{"count":57,"href":"https:\/\/www.unioviedo.es\/ei\/wp-json\/wp\/v2\/pages\/33\/revisions"}],"predecessor-version":[{"id":760,"href":"https:\/\/www.unioviedo.es\/ei\/wp-json\/wp\/v2\/pages\/33\/revisions\/760"}],"up":[{"embeddable":true,"href":"https:\/\/www.unioviedo.es\/ei\/wp-json\/wp\/v2\/pages\/29"}],"wp:attachment":[{"href":"https:\/\/www.unioviedo.es\/ei\/wp-json\/wp\/v2\/media?parent=33"}],"wp:term":[{"taxonomy":"category","embeddable":true,"href":"https:\/\/www.unioviedo.es\/ei\/wp-json\/wp\/v2\/categories?post=33"},{"taxonomy":"post_tag","embeddable":true,"href":"https:\/\/www.unioviedo.es\/ei\/wp-json\/wp\/v2\/tags?post=33"}],"curies":[{"name":"wp","href":"https:\/\/api.w.org\/{rel}","templated":true}]}}