{"id":1994,"date":"2024-08-08T17:02:18","date_gmt":"2024-08-08T17:02:18","guid":{"rendered":"https:\/\/www.unioviedo.es\/electroanalysis\/?page_id=1994"},"modified":"2025-09-08T18:24:09","modified_gmt":"2025-09-08T18:24:09","slug":"noticias","status":"publish","type":"page","link":"https:\/\/www.unioviedo.es\/electroanalysis\/index.php\/noticias\/","title":{"rendered":"NEWS"},"content":{"rendered":"\n\n\n<div class=\"su-posts su-posts-default-loop \">\n\n\t\n\t\t\t\t\t\n\t\t\t\n\t\t\t<div id=\"su-post-2355\" class=\"su-post \">\n\n\t\t\t\t\n\t\t\t\t<h2 class=\"su-post-title\"><a href=\"https:\/\/www.unioviedo.es\/electroanalysis\/index.php\/2025\/09\/21\/we-welcome-raquel-guillen-and-sara-reguera-as-our-new-phd-students\/\">We welcome Raquel Guill\u00e9n and Sara Reguera as our new PhD students<\/a><\/h2>\n\n\t\t\t\t<div class=\"su-post-meta\">\n\t\t\t\t\tPublicado: 21 de septiembre de 2025\t\t\t\t<\/div>\n\n\t\t\t\t<div class=\"su-post-excerpt\">\n\t\t\t\t\t\t\t\t\t<\/div>\n\n\t\t\t\t\n\t\t\t<\/div>\n\n\t\t\t\t\t\n\t\t\t\n\t\t\t<div id=\"su-post-2353\" class=\"su-post \">\n\n\t\t\t\t\n\t\t\t\t<h2 class=\"su-post-title\"><a href=\"https:\/\/www.unioviedo.es\/electroanalysis\/index.php\/2025\/09\/21\/hiring-process-for-strim-project-finished-we-welcome-two-new-phd-students\/\">Hiring process for STRIM project finished. We welcome two new PhD students<\/a><\/h2>\n\n\t\t\t\t<div class=\"su-post-meta\">\n\t\t\t\t\tPublicado: 21 de septiembre de 2025\t\t\t\t<\/div>\n\n\t\t\t\t<div class=\"su-post-excerpt\">\n\t\t\t\t\t<p>After a extremely succesful call with over 100 applications around the globe, we have finally selected two promising candidates to develop their PhD under the European Doctoral Network: STRIM They are Alessandra Martucci from Naples (Italy) and Desir\u00e9 Rivera Borges from Mayag\u00fcez (Puerto Rico). We wish you all the best in your new adventure in &hellip; <\/p>\n<p class=\"link-more\"><a href=\"https:\/\/www.unioviedo.es\/electroanalysis\/index.php\/2025\/09\/21\/hiring-process-for-strim-project-finished-we-welcome-two-new-phd-students\/\" class=\"more-link\">Continuar leyendo<span class=\"screen-reader-text\"> \u00abHiring process for STRIM project finished. We welcome two new PhD students\u00bb<\/span><\/a><\/p>\n\t\t\t\t<\/div>\n\n\t\t\t\t\n\t\t\t<\/div>\n\n\t\t\t\t\t\n\t\t\t\n\t\t\t<div id=\"su-post-2351\" class=\"su-post \">\n\n\t\t\t\t\n\t\t\t\t<h2 class=\"su-post-title\"><a href=\"https:\/\/www.unioviedo.es\/electroanalysis\/index.php\/2025\/09\/21\/dr-ana-diaz-fernandez-is-a-recipient-of-a-ramon-y-cajal-tenure-track-fellowship\/\">Dr. Ana D\u00edaz Fern\u00e1ndez is a recipient of a Ram\u00f3n y Cajal Tenure-Track Fellowship<\/a><\/h2>\n\n\t\t\t\t<div class=\"su-post-meta\">\n\t\t\t\t\tPublicado: 21 de septiembre de 2025\t\t\t\t<\/div>\n\n\t\t\t\t<div class=\"su-post-excerpt\">\n\t\t\t\t\t<p>Our former PhD student and now post-doc researcher has been one of the few word-class chemists from around the globe for the prestigious nominated for a Ram\u00f3n y Cajal fellowship. She has chosen GEUO and University of Oviedo as the Institution to conduct her research. Congratulations Ana in this new adventure as Senior Scientist and &hellip; <\/p>\n<p class=\"link-more\"><a href=\"https:\/\/www.unioviedo.es\/electroanalysis\/index.php\/2025\/09\/21\/dr-ana-diaz-fernandez-is-a-recipient-of-a-ramon-y-cajal-tenure-track-fellowship\/\" class=\"more-link\">Continuar leyendo<span class=\"screen-reader-text\"> \u00abDr. Ana D\u00edaz Fern\u00e1ndez is a recipient of a Ram\u00f3n y Cajal Tenure-Track Fellowship\u00bb<\/span><\/a><\/p>\n\t\t\t\t<\/div>\n\n\t\t\t\t\n\t\t\t<\/div>\n\n\t\t\t\t\t\n\t\t\t\n\t\t\t<div id=\"su-post-2138\" class=\"su-post \">\n\n\t\t\t\t\n\t\t\t\t<h2 class=\"su-post-title\"><a href=\"https:\/\/www.unioviedo.es\/electroanalysis\/index.php\/2025\/04\/24\/oxford-conferences-dr-miguel-aller-and-magda-casian-have-attended-oligo-2025-and-aptamers-2025-conferences\/\">Oxford conferences: Dr. Miguel Aller and Magda Casian have attended Oligo 2025 and Aptamers 2025 Conferences<\/a><\/h2>\n\n\t\t\t\t<div class=\"su-post-meta\">\n\t\t\t\t\tPublicado: 24 de abril de 2025\t\t\t\t<\/div>\n\n\t\t\t\t<div class=\"su-post-excerpt\">\n\t\t\t\t\t\t\t\t\t<\/div>\n\n\t\t\t\t\n\t\t\t<\/div>\n\n\t\t\t\t\t\n\t\t\t\n\t\t\t<div id=\"su-post-2082\" class=\"su-post \">\n\n\t\t\t\t\n\t\t\t\t<h2 class=\"su-post-title\"><a href=\"https:\/\/www.unioviedo.es\/electroanalysis\/index.php\/2024\/11\/20\/job-opportunities-geuo-is-now-hiring-2-phd-students\/\">JOB opportunities: GEUO is now hiring 2 PhD students<\/a><\/h2>\n\n\t\t\t\t<div class=\"su-post-meta\">\n\t\t\t\t\tPublicado: 20 de noviembre de 2024\t\t\t\t<\/div>\n\n\t\t\t\t<div class=\"su-post-excerpt\">\n\t\t\t\t\t<p>GEUO is recruiting excellent PhD students throughout the world (mobility rules apply) within an HORIZON-MSCA doctoral network to develop a multidisciplinar work in the field of biosensors for advanced clinical diagnostics of cancer Click here for more information<\/p>\n\t\t\t\t<\/div>\n\n\t\t\t\t\n\t\t\t<\/div>\n\n\t\t\t\t\t\n\t\t\t\n\t\t\t<div id=\"su-post-2078\" class=\"su-post \">\n\n\t\t\t\t\n\t\t\t\t<h2 class=\"su-post-title\"><a href=\"https:\/\/www.unioviedo.es\/electroanalysis\/index.php\/2024\/11\/18\/dr-miguel-aller-is-the-recipient-of-one-of-the-prestigious-ramon-y-cajal-contract\/\">Dr. Miguel Aller is the recipient of one of the prestigious Ram\u00f3n y Cajal contract<\/a><\/h2>\n\n\t\t\t\t<div class=\"su-post-meta\">\n\t\t\t\t\tPublicado: 18 de noviembre de 2024\t\t\t\t<\/div>\n\n\t\t\t\t<div class=\"su-post-excerpt\">\n\t\t\t\t\t<p>We are happy to announce that Miguel has decided to perform his world-class project at our University, specifically in our lab. This is a five-year tenure-track position with complementary teaching duties awarded by Ministerio de Ciencia e Innovaci\u00f3n from the Spanish Government among dozens of candidates from all around the world. Congrats Miguel!<\/p>\n\t\t\t\t<\/div>\n\n\t\t\t\t\n\t\t\t<\/div>\n\n\t\t\t\t\t\n\t\t\t\n\t\t\t<div id=\"su-post-2011\" class=\"su-post \">\n\n\t\t\t\t\n\t\t\t\t<h2 class=\"su-post-title\"><a href=\"https:\/\/www.unioviedo.es\/electroanalysis\/index.php\/2024\/08\/13\/geuo-attended-the-19-international-conference-on-electroanalysis\/\">GEUO attended the 19 International Conference on Electroanalysis<\/a><\/h2>\n\n\t\t\t\t<div class=\"su-post-meta\">\n\t\t\t\t\tPublicado: 13 de agosto de 2024\t\t\t\t<\/div>\n\n\t\t\t\t<div class=\"su-post-excerpt\">\n\t\t\t\t\t<p>Dr. Rebeca Miranda and Alexandru Cobzariu have attended the ESEAC 2024 held at Ulm (Germany) on July 23-26, 2024. Dr. Miranda has participated with an interesting oral communication on protein glycosylation detection and Alexandru have shown a poster communication on his development of lncRNA detection.<\/p>\n\t\t\t\t<\/div>\n\n\t\t\t\t\n\t\t\t<\/div>\n\n\t\t\t\t\t\n\t\t\t\n\t\t\t<div id=\"su-post-2009\" class=\"su-post \">\n\n\t\t\t\t\n\t\t\t\t<h2 class=\"su-post-title\"><a href=\"https:\/\/www.unioviedo.es\/electroanalysis\/index.php\/2024\/08\/13\/new-member-in-the-group\/\">New member in the group<\/a><\/h2>\n\n\t\t\t\t<div class=\"su-post-meta\">\n\t\t\t\t\tPublicado: 13 de agosto de 2024\t\t\t\t<\/div>\n\n\t\t\t\t<div class=\"su-post-excerpt\">\n\t\t\t\t\t<p>From July 1, GEUO has a new group member. We welcome MSc Tarun K. Dhiman to our lab. He is an Engineer and Master in Nanotechnology and the awardee of a FPI grant. We hope your stay in Oviedo will be successful and pleasant.<\/p>\n\t\t\t\t<\/div>\n\n\t\t\t\t\n\t\t\t<\/div>\n\n\t\t\t\t\t\n\t\t\t\n\t\t\t<div id=\"su-post-1988\" class=\"su-post \">\n\n\t\t\t\t\n\t\t\t\t<h2 class=\"su-post-title\"><a href=\"https:\/\/www.unioviedo.es\/electroanalysis\/index.php\/2024\/08\/08\/brillante-defensa-de-tfm\/\">Brillante defensa de TFM<\/a><\/h2>\n\n\t\t\t\t<div class=\"su-post-meta\">\n\t\t\t\t\tPublicado: 8 de agosto de 2024\t\t\t\t<\/div>\n\n\t\t\t\t<div class=\"su-post-excerpt\">\n\t\t\t\t\t<p>Luc\u00eda Garc\u00eda Fl\u00f3rez y Lidia Tu\u00f1\u00f3n Gonz\u00e1lez han defendido con \u00e9xito sus trabajos fin de m\u00e1ster. Sus trabajos han sido realizados en nuestro laboratorio bajo la direcci\u00f3n de las Dra. Rebeca Miranda y Ana D\u00edaz Fern\u00e1ndez, respectivamente.<\/p>\n\t\t\t\t<\/div>\n\n\t\t\t\t\n\t\t\t<\/div>\n\n\t\t\n\t\n<\/div>\n\n","protected":false},"excerpt":{"rendered":"","protected":false},"author":1,"featured_media":0,"parent":0,"menu_order":0,"comment_status":"closed","ping_status":"closed","template":"","meta":{"footnotes":""},"class_list":["post-1994","page","type-page","status-publish","hentry"],"_links":{"self":[{"href":"https:\/\/www.unioviedo.es\/electroanalysis\/index.php\/wp-json\/wp\/v2\/pages\/1994","targetHints":{"allow":["GET"]}}],"collection":[{"href":"https:\/\/www.unioviedo.es\/electroanalysis\/index.php\/wp-json\/wp\/v2\/pages"}],"about":[{"href":"https:\/\/www.unioviedo.es\/electroanalysis\/index.php\/wp-json\/wp\/v2\/types\/page"}],"author":[{"embeddable":true,"href":"https:\/\/www.unioviedo.es\/electroanalysis\/index.php\/wp-json\/wp\/v2\/users\/1"}],"replies":[{"embeddable":true,"href":"https:\/\/www.unioviedo.es\/electroanalysis\/index.php\/wp-json\/wp\/v2\/comments?post=1994"}],"version-history":[{"count":2,"href":"https:\/\/www.unioviedo.es\/electroanalysis\/index.php\/wp-json\/wp\/v2\/pages\/1994\/revisions"}],"predecessor-version":[{"id":2294,"href":"https:\/\/www.unioviedo.es\/electroanalysis\/index.php\/wp-json\/wp\/v2\/pages\/1994\/revisions\/2294"}],"wp:attachment":[{"href":"https:\/\/www.unioviedo.es\/electroanalysis\/index.php\/wp-json\/wp\/v2\/media?parent=1994"}],"curies":[{"name":"wp","href":"https:\/\/api.w.org\/{rel}","templated":true}]}}