{"id":2060,"date":"2024-10-01T08:40:39","date_gmt":"2024-10-01T08:40:39","guid":{"rendered":"https:\/\/www.unioviedo.es\/electroanalysis\/?page_id=2060"},"modified":"2024-10-01T08:40:39","modified_gmt":"2024-10-01T08:40:39","slug":"protag","status":"publish","type":"page","link":"https:\/\/www.unioviedo.es\/electroanalysis\/index.php\/protag\/","title":{"rendered":"PROTAG"},"content":{"rendered":"\n<p><strong>Ensayo de diagn\u00f3stico molecular del c\u00e1ncer de pr\u00f3stata a trav\u00e9s de la detecci\u00f3n de la fracci\u00f3n glicos\u00eddica de PSA basada en apt\u00e1meros<\/strong><\/p>\n\n\n\n<p><strong>PDC2022-133435-I00<\/strong><\/p>\n\n\n\n<figure class=\"wp-block-image size-full\"><img loading=\"lazy\" decoding=\"async\" width=\"897\" height=\"102\" src=\"https:\/\/www.unioviedo.es\/electroanalysis\/wp-content\/uploads\/2024\/10\/imagen-7.png\" alt=\"\" class=\"wp-image-2068\" srcset=\"https:\/\/www.unioviedo.es\/electroanalysis\/wp-content\/uploads\/2024\/10\/imagen-7.png 897w, https:\/\/www.unioviedo.es\/electroanalysis\/wp-content\/uploads\/2024\/10\/imagen-7-300x34.png 300w, https:\/\/www.unioviedo.es\/electroanalysis\/wp-content\/uploads\/2024\/10\/imagen-7-768x87.png 768w\" sizes=\"auto, (max-width: 767px) 89vw, (max-width: 1000px) 54vw, (max-width: 1071px) 543px, 580px\" \/><\/figure>\n\n\n\n<p class=\"has-text-align-left\">La prueba de cribado del c\u00e1ncer de pr\u00f3stata es un simple an\u00e1lisis de sangre en el que se cuantifica la concentraci\u00f3n del ant\u00edgeno prost\u00e1tico espec\u00edfico (PSA). Valores superiores a 4 ng\/L son sospechosos de indicar c\u00e1ncer aunque pueden ser debidos a enfermedades benignas de la pr\u00f3stata. Para obtener un diagn\u00f3stico definitivo se necesitan pruebas invasivas con efectos secundarios que provocan gran ansiedad en los pacientes. Por tanto, PSA es un biomarcador poco espec\u00edfico, con muchos falsos positivos, es decir, satura el sistema de salud con pruebas que finalmente conducen a un diagn\u00f3stico negativo.<\/p>\n\n\n<div class=\"wp-block-image\">\n<figure class=\"alignleft size-full is-resized\"><img loading=\"lazy\" decoding=\"async\" width=\"393\" height=\"551\" src=\"https:\/\/www.unioviedo.es\/electroanalysis\/wp-content\/uploads\/2024\/10\/imagen-3.png\" alt=\"\" class=\"wp-image-2064\" style=\"width:270px;height:auto\" srcset=\"https:\/\/www.unioviedo.es\/electroanalysis\/wp-content\/uploads\/2024\/10\/imagen-3.png 393w, https:\/\/www.unioviedo.es\/electroanalysis\/wp-content\/uploads\/2024\/10\/imagen-3-214x300.png 214w\" sizes=\"auto, (max-width: 393px) 100vw, 393px\" \/><\/figure>\n<\/div>\n\n\n<p>Para solventar este problema GEUO ha dise\u00f1ado una nueva generaci\u00f3n de pruebas diagn\u00f3sticas que utilizan apt\u00e1meros como receptor en vez de los tradicionales anticuerpos. Hemos seleccionado apt\u00e1meros espec\u00edficos para la regi\u00f3n glicosilada de PSA y dise\u00f1ado dos pruebas diferentes: <\/p>\n\n\n\n<p><\/p>\n\n\n\n<p>i) un ensayo s\u00e1ndwich con detecci\u00f3n electroqu\u00edmica que presenta menor n\u00famero de falsos positivos que el ensayo ECLIA utilizado en los hospitales.<\/p>\n\n\n\n<p><\/p>\n\n\n\n<p><\/p>\n\n\n<div class=\"wp-block-image\">\n<figure class=\"alignleft size-full is-resized\"><img loading=\"lazy\" decoding=\"async\" width=\"408\" height=\"550\" src=\"https:\/\/www.unioviedo.es\/electroanalysis\/wp-content\/uploads\/2024\/10\/imagen-5.png\" alt=\"\" class=\"wp-image-2066\" style=\"width:219px;height:auto\" srcset=\"https:\/\/www.unioviedo.es\/electroanalysis\/wp-content\/uploads\/2024\/10\/imagen-5.png 408w, https:\/\/www.unioviedo.es\/electroanalysis\/wp-content\/uploads\/2024\/10\/imagen-5-223x300.png 223w\" sizes=\"auto, (max-width: 408px) 100vw, 408px\" \/><\/figure>\n<\/div>\n\n\n<p>ii) un ensayo doble electroqu\u00edmico con el que se ha descrito un nuevo par\u00e1metro denominado \u00ab\u00b4\u00edndice de glicanos\u00bb (porcentaje de glicosilaci\u00f3n de PSA) que parece correlacionar mejor con los casos de c\u00e1ncer en los ensayos preliminares y, por tanto, permite discriminarlos respecto a individuos sanos o con enfermedades benignas de pr\u00f3stata. <\/p>\n\n\n\n<p><\/p>\n\n\n\n<p><\/p>\n\n\n\n<p><\/p>\n\n\n\n<p>En este proyecto se pretende trasladar estos ensayos electroqu\u00edmicos a ensayos  aplicables en la pr\u00e1ctica cl\u00ednica (alto n\u00famero de muestras, automatizable, transducci\u00f3n compatible con la instrumentaci\u00f3n t\u00edpica hospitalaria).<\/p>\n\n\n\n<figure class=\"wp-block-image size-large\"><img loading=\"lazy\" decoding=\"async\" width=\"1024\" height=\"614\" src=\"https:\/\/www.unioviedo.es\/electroanalysis\/wp-content\/uploads\/2024\/10\/imagen-1024x614.png\" alt=\"\" class=\"wp-image-2061\" srcset=\"https:\/\/www.unioviedo.es\/electroanalysis\/wp-content\/uploads\/2024\/10\/imagen-1024x614.png 1024w, https:\/\/www.unioviedo.es\/electroanalysis\/wp-content\/uploads\/2024\/10\/imagen-300x180.png 300w, https:\/\/www.unioviedo.es\/electroanalysis\/wp-content\/uploads\/2024\/10\/imagen-768x460.png 768w, https:\/\/www.unioviedo.es\/electroanalysis\/wp-content\/uploads\/2024\/10\/imagen.png 1048w\" sizes=\"auto, (max-width: 767px) 89vw, (max-width: 1000px) 54vw, (max-width: 1071px) 543px, 580px\" \/><\/figure>\n\n\n\n<p>Para realizar este proyecto se recoger\u00e1n muestras de pacientes en el Hospital Universitario de Cabue\u00f1es (este proyecto cuenta con la aprobaci\u00f3n del comit\u00e9 de \u00e9tica de la Investigaci\u00f3n con medicamentos del Principado de Asturias) que se analizar\u00e1n con los desarrollos adaptados al entorno cl\u00ednico y se comparar\u00e1n con los resultados obtenidos con el m\u00e9todo cl\u00ednico y con los diagn\u00f3sticos de cada paciente para establecer su validez cl\u00ednica (sensibilidad y especificidad cl\u00ednicas).<\/p>\n","protected":false},"excerpt":{"rendered":"<p>Ensayo de diagn\u00f3stico molecular del c\u00e1ncer de pr\u00f3stata a trav\u00e9s de la detecci\u00f3n de la fracci\u00f3n glicos\u00eddica de PSA basada en apt\u00e1meros PDC2022-133435-I00 La prueba de cribado del c\u00e1ncer de pr\u00f3stata es un simple an\u00e1lisis de sangre en el que se cuantifica la concentraci\u00f3n del ant\u00edgeno prost\u00e1tico espec\u00edfico (PSA). Valores superiores a 4 ng\/L son &hellip; <\/p>\n<p class=\"link-more\"><a href=\"https:\/\/www.unioviedo.es\/electroanalysis\/index.php\/protag\/\" class=\"more-link\">Continuar leyendo<span class=\"screen-reader-text\"> \u00abPROTAG\u00bb<\/span><\/a><\/p>\n","protected":false},"author":1,"featured_media":0,"parent":0,"menu_order":0,"comment_status":"closed","ping_status":"closed","template":"","meta":{"footnotes":""},"class_list":["post-2060","page","type-page","status-publish","hentry"],"_links":{"self":[{"href":"https:\/\/www.unioviedo.es\/electroanalysis\/index.php\/wp-json\/wp\/v2\/pages\/2060","targetHints":{"allow":["GET"]}}],"collection":[{"href":"https:\/\/www.unioviedo.es\/electroanalysis\/index.php\/wp-json\/wp\/v2\/pages"}],"about":[{"href":"https:\/\/www.unioviedo.es\/electroanalysis\/index.php\/wp-json\/wp\/v2\/types\/page"}],"author":[{"embeddable":true,"href":"https:\/\/www.unioviedo.es\/electroanalysis\/index.php\/wp-json\/wp\/v2\/users\/1"}],"replies":[{"embeddable":true,"href":"https:\/\/www.unioviedo.es\/electroanalysis\/index.php\/wp-json\/wp\/v2\/comments?post=2060"}],"version-history":[{"count":2,"href":"https:\/\/www.unioviedo.es\/electroanalysis\/index.php\/wp-json\/wp\/v2\/pages\/2060\/revisions"}],"predecessor-version":[{"id":2072,"href":"https:\/\/www.unioviedo.es\/electroanalysis\/index.php\/wp-json\/wp\/v2\/pages\/2060\/revisions\/2072"}],"wp:attachment":[{"href":"https:\/\/www.unioviedo.es\/electroanalysis\/index.php\/wp-json\/wp\/v2\/media?parent=2060"}],"curies":[{"name":"wp","href":"https:\/\/api.w.org\/{rel}","templated":true}]}}