{"id":29,"date":"2021-06-02T11:36:14","date_gmt":"2021-06-02T11:36:14","guid":{"rendered":"https:\/\/www.unioviedo.es\/electroanalysis\/?page_id=29"},"modified":"2026-02-16T12:20:44","modified_gmt":"2026-02-16T12:20:44","slug":"research-projects","status":"publish","type":"page","link":"https:\/\/www.unioviedo.es\/electroanalysis\/index.php\/research-projects\/","title":{"rendered":"Research projects"},"content":{"rendered":"\n<p><\/p>\n\n\n\n<ul class=\"wp-block-list\">\n<li><strong>HORIZON-MSCA-2023-DN-01<\/strong>.  Project: 101169504 \u2014 STRIM \u2014<em> Scientific Training for Post-Translational Modification Detection in Cancer Screening<\/em>. 01\/10\/2024 -30\/09\/2028<\/li>\n<\/ul>\n\n\n<div class=\"wp-block-image\">\n<figure class=\"aligncenter size-large is-resized\"><img loading=\"lazy\" decoding=\"async\" width=\"1024\" height=\"778\" src=\"https:\/\/www.unioviedo.es\/electroanalysis\/wp-content\/uploads\/2024\/09\/imagen-1-1024x778.png\" alt=\"\" class=\"wp-image-2058\" style=\"width:404px;height:auto\" srcset=\"https:\/\/www.unioviedo.es\/electroanalysis\/wp-content\/uploads\/2024\/09\/imagen-1-1024x778.png 1024w, https:\/\/www.unioviedo.es\/electroanalysis\/wp-content\/uploads\/2024\/09\/imagen-1-300x228.png 300w, https:\/\/www.unioviedo.es\/electroanalysis\/wp-content\/uploads\/2024\/09\/imagen-1-768x584.png 768w, https:\/\/www.unioviedo.es\/electroanalysis\/wp-content\/uploads\/2024\/09\/imagen-1-1536x1167.png 1536w, https:\/\/www.unioviedo.es\/electroanalysis\/wp-content\/uploads\/2024\/09\/imagen-1-2048x1556.png 2048w\" sizes=\"auto, (max-width: 767px) 89vw, (max-width: 1000px) 54vw, (max-width: 1071px) 543px, 580px\" \/><\/figure>\n<\/div>\n\n\n<p><em>Partners<\/em>:  Aarhus University (Denmark, Coordinator), Dublin City University (Irland), University of Oviedo (Spain), Zimmer &amp; Peacock AS (Norway), Leibniz University of Hannover (Germany), Erasmus University Medical Center of Rotterdam (The Netherlands), Danish Cancer Society (Denmark), Helmhotz-Zentrum Dresden-Rossendorf EV (Germany).<\/p>\n\n\n\n<p>Official website: <a href=\"https:\/\/eu-strim.com\/\" data-type=\"link\" data-id=\"https:\/\/eu-strim.com\/\"><mark style=\"background-color:rgba(0, 0, 0, 0)\" class=\"has-inline-color has-vivid-purple-color\"><strong>STRIM<\/strong><\/mark><\/a><\/p>\n\n\n\n<p><strong>R&amp;D National Plan<\/strong><\/p>\n\n\n\n<ul class=\"wp-block-list\">\n<li>PID2024-156199NB-I00: <strong>Nucleic acid-based wearable and portable electrochemical sensors for real-time biomarker detection: enabling personalized digital healthcare (eSENSE)<\/strong>. September 2025- August 2028. PI: MJ Lobo-Casta\u00f1\u00f3n and N. de-los-Santos-\u00c1lvarez<\/li>\n\n\n\n<li>PID2021-123183OB-I00 <strong>Electrochemical nucleic acid-based SENsing platforms for emerging cancer biomarkers: Applications to Clinical diagnosis (ESENCia)<\/strong>. September 2022 &#8211; April 2026. PI: MJ Lobo-Casta\u00f1\u00f3n and N. de-los-Santos-\u00c1lvarez<\/li>\n<\/ul>\n\n\n\n<p><strong>ISCII<\/strong><\/p>\n\n\n\n<ul class=\"wp-block-list\">\n<li>PI25\/00963 <strong>Aptamer-based electrochemical sensors for immunosupresant therapy monitoring (SUPPRESENS<\/strong>) January 2026-Dec 2027. PI. A. D\u00edaz-Fern\u00e1ndez and M. Aller-Pellitero<\/li>\n<\/ul>\n\n\n\n<p><strong>Regional Research Plan <\/strong><\/p>\n\n\n\n<ul class=\"wp-block-list\">\n<li>IDE\/2024\/000677. Grupo de Electroan\u00e1lisis (Agencia de Ciencia, Competitividad Empresarial e Innovaci\u00f3n del Principado de Asturias) 18\/09\/2024-31\/12\/2026. PI: MJ Lobo-Casta\u00f1\u00f3n<\/li>\n<\/ul>\n\n\n\n<h3 class=\"wp-block-heading\"><strong>Contracts with companies<\/strong><\/h3>\n\n\n\n<ul class=\"wp-block-list\">\n<li>Optimizaci\u00f3n de aptasensores electroqu\u00edmicos para monitorizaci\u00f3n no invasiva (Arquimea Research Center SLU). 2024-2025 PI. M. Aller-Pellitero and MJ Lobo-Casta\u00f1\u00f3n<\/li>\n<\/ul>\n\n\n\n<p><\/p>\n\n\n\n<p><strong>FINISHED PROJECTS<\/strong><\/p>\n\n\n\n<h3 class=\"wp-block-heading\"><strong>International Projects<\/strong><\/h3>\n\n\n\n<ul class=\"wp-block-list\">\n<li>FP7- IRSES-2013-63409 <strong>Monitoring Genetically Modified Organisms in Food and Feed by Innovative Biosensor Approaches<\/strong>. 10\/1\/2013 &#8211; 9\/30\/2015 PI(Uniovi): MJ Lobo-Casta\u00f1\u00f3n<\/li>\n\n\n\n<li>PRI-AIBPT-2011-0769. <strong>Development of electrochemical and optical genosensors for the detection of transgenic food<\/strong>. 12\/1\/2011 &#8211; 12\/1\/2013. PI. N. de-los-Santos\u00c1lvarez<\/li>\n<\/ul>\n\n\n\n<p><\/p>\n\n\n\n<p><strong>R&amp;D National Plan<\/strong><\/p>\n\n\n\n<ul class=\"wp-block-list\">\n<li>PDC2022-133435-I00 <strong>Molecular diagnostic test for prostate cancer through aptamer-based glycan detection of PSA (PROTAG).<\/strong> December 2022 &#8211; April 2025. PI: PI: MJ Lobo-Casta\u00f1\u00f3n and N. de-los-Santos-\u00c1lvarez (<a href=\"https:\/\/www.unioviedo.es\/electroanalysis\/index.php\/protag\/\" data-type=\"page\" data-id=\"2060\">more info<\/a>)<\/li>\n\n\n\n<li>PID2021-123183OB-I00 <strong>Electrochemical nucleic acid-based SENsing platforms for emerging cancer biomarkers: Applications to Clinical diagnosis (ESENCia)<\/strong>. September 2022 &#8211; April 2026. PI: MJ Lobo-Casta\u00f1\u00f3n and N. de-los-Santos-\u00c1lvarez<\/li>\n\n\n\n<li>RTI2018-095756-B-I00<strong> New strategies for the early diagnostic of pancreatic ductal adenocarcinoma<\/strong>. January 2019 &#8211; September 2022  PI: MJ Lobo-Casta\u00f1\u00f3n and N. de-los-Santos-\u00c1lvarez<\/li>\n\n\n\n<li>MINECO-16-CTQ2015-63567-R <strong>Selection and modification of aptamers as specific receptors for the detection of serological tumor markers<\/strong>. January 2016 &#8211; June 2019. PI: MJ Lobo-Casta\u00f1\u00f3n and N. de-los-Santos-\u00c1lvarez<\/li>\n\n\n\n<li>CTQ 2012-31157 <strong>Detection of alergenic proteins and pathogen agents in food using electrochemical sensors<\/strong>. January 2012 &#8211; December 2015 PI: MJ Lobo-Casta\u00f1\u00f3n<\/li>\n\n\n\n<li>CTQ2008-02429. <strong>Molecular design of affinity and catalytic receptors based on nucleic acids and molecularly imprinted polymers<\/strong>: Analytical applications. January 1, 2009 &#8211; December 31, 2013 PI: P. Tu\u00f1\u00f3n Blanco and MJ Lobo-Casta\u00f1\u00f3n<\/li>\n\n\n\n<li>DGICYT CTQ2005-01376\/BQU. <strong>Molecular computational design of artificial enzymes and affinity receptors based on molecularly imprinted polymers: Biomimetic electrochemical sensors<\/strong>. October 15, 2005 &#8211; October 14, 2008. PI: P. Tu\u00f1\u00f3n Blanco<\/li>\n\n\n\n<li>DGICYT BQU 2002-00261. <strong>Voltammetric and piezoelectric sensors based on molecularly imprinted polymers for the molecular recognition event<\/strong>. November 1, 2002 &#8211; October 31, 2005. PI: P. Tu\u00f1\u00f3n Blanco<\/li>\n\n\n\n<li>DGICYT PB 97-1304. <strong>Electrochemical sensors based on molecularly imprinted polymers for the molecular recognition event<\/strong>. August 1, 1998 &#8211; July 31, 2001. PI: P. Tu\u00f1\u00f3n Blanco<\/li>\n\n\n\n<li>DGICYT PB 94-1329. <strong>Conducting polymers as electrode materials in biosensors.<\/strong> August 1, 1995 &#8211; July 31, 1998. PI: P. Tu\u00f1\u00f3n Blanco<\/li>\n\n\n\n<li>DGICYT PB 90-0381. <strong>Amperometric biosensors based on carbon modified electrodes. Clinical Chemistry and Food Technology Application<\/strong>s. 1991 &#8211; 1994. PI: P. Tu\u00f1\u00f3n Blanco<\/li>\n\n\n\n<li>DGICYT PB 87-1041. <strong>Stripping voltammetry with modified electrodes and ultramicroelectrodes. Applications to the determination of antitumoral drugs and related biomolecules<\/strong>. 1988 &#8211; 1990. PI: P. Tu\u00f1\u00f3n Blanco<\/li>\n\n\n\n<li>CAICYT Ref 1182\/81. <strong>Novel voltammetric and coulometric applications to the analytical and pharmaceutical study of antineoplastic drugs in human beings in chemotherapy<\/strong>. 1983 &#8211; 1986. PI: P. Tu\u00f1\u00f3n Blanco<\/li>\n<\/ul>\n\n\n\n<h3 class=\"wp-block-heading\"><strong>Regional Research Plan <\/strong><\/h3>\n\n\n\n<ul class=\"wp-block-list\">\n<li>FC-GRUPIN-IDI\/2018\/000217 Ayudas a grupos de investigaci\u00f3n del Principado de Asturias. 1-1-2018 a 31-12-2020. PI. MJ. Lobo Casta\u00f1\u00f3n<\/li>\n\n\n\n<li>FC-15-GRUPIN 14-025 <strong>Desarrollo de nuevas estrategias de detecci\u00f3n de al\u00e9rgenos.<\/strong> 1-2015 a 31-12-2017. PI. MJ. Lobo Casta\u00f1\u00f3n<\/li>\n\n\n\n<li>COF09-20 <strong>Molecular design of affinity and catalytic receptors based on nucleic acids and molecularly imprinted polymers: Analytical applications<\/strong>. 2009 &#8211; 2011. PI: P. Tu\u00f1\u00f3n Blanco<\/li>\n\n\n\n<li>FICYT IB08-087. <strong>Gold and semiconductor nanoparticles as markers for the electrochemical and surface plasmon resonance spectroscopic detection in bioassays using nucleic acids probes<\/strong>. 2008 &#8211; 2010. PI: P. Tu\u00f1\u00f3n Blanco<\/li>\n\n\n\n<li>FICYT IB05-048: <strong>Aptamers and structured oligonucleotides for the molecular recognition of DNA, citokines and drugs with electrochemical sensors<\/strong>. December 1, 2005 &#8211; December 31, 2007. PI: P. Tu\u00f1\u00f3n Blanco<\/li>\n\n\n\n<li>FICYT PB-EXP01-28. <strong>DNA-based electrocatalytic sensors for the detection of specific sequences of pathogen<\/strong>s. July 1, 2001 &#8211; December 31, 2003. PI: P. Tu\u00f1\u00f3n Blanco<\/li>\n<\/ul>\n\n\n\n<p><strong>Contracts with companies<\/strong><\/p>\n\n\n\n<ul class=\"wp-block-list\">\n<li>Caracterizaci\u00f3n de apt\u00e1meros por SPR (Lincbiotech S.L) <\/li>\n\n\n\n<li>Selecci\u00f3n de apt\u00e1meros para dos dianas definidas por Lincbiotech (Lincbiotech S.L)<\/li>\n\n\n\n<li>Estudio de proporcionalidad de se\u00f1al y l\u00edmite de sensibilidad de la m\u00e1quina de SPR denominada Indicador de SENSIA (Sensia S.L)<\/li>\n<\/ul>\n","protected":false},"excerpt":{"rendered":"<p>Partners: Aarhus University (Denmark, Coordinator), Dublin City University (Irland), University of Oviedo (Spain), Zimmer &amp; Peacock AS (Norway), Leibniz University of Hannover (Germany), Erasmus University Medical Center of Rotterdam (The Netherlands), Danish Cancer Society (Denmark), Helmhotz-Zentrum Dresden-Rossendorf EV (Germany). Official website: STRIM R&amp;D National Plan ISCII Regional Research Plan Contracts with companies FINISHED PROJECTS International &hellip; <\/p>\n<p class=\"link-more\"><a href=\"https:\/\/www.unioviedo.es\/electroanalysis\/index.php\/research-projects\/\" class=\"more-link\">Continuar leyendo<span class=\"screen-reader-text\"> \u00abResearch projects\u00bb<\/span><\/a><\/p>\n","protected":false},"author":1,"featured_media":0,"parent":0,"menu_order":0,"comment_status":"closed","ping_status":"closed","template":"","meta":{"footnotes":""},"class_list":["post-29","page","type-page","status-publish","hentry"],"_links":{"self":[{"href":"https:\/\/www.unioviedo.es\/electroanalysis\/index.php\/wp-json\/wp\/v2\/pages\/29","targetHints":{"allow":["GET"]}}],"collection":[{"href":"https:\/\/www.unioviedo.es\/electroanalysis\/index.php\/wp-json\/wp\/v2\/pages"}],"about":[{"href":"https:\/\/www.unioviedo.es\/electroanalysis\/index.php\/wp-json\/wp\/v2\/types\/page"}],"author":[{"embeddable":true,"href":"https:\/\/www.unioviedo.es\/electroanalysis\/index.php\/wp-json\/wp\/v2\/users\/1"}],"replies":[{"embeddable":true,"href":"https:\/\/www.unioviedo.es\/electroanalysis\/index.php\/wp-json\/wp\/v2\/comments?post=29"}],"version-history":[{"count":16,"href":"https:\/\/www.unioviedo.es\/electroanalysis\/index.php\/wp-json\/wp\/v2\/pages\/29\/revisions"}],"predecessor-version":[{"id":2487,"href":"https:\/\/www.unioviedo.es\/electroanalysis\/index.php\/wp-json\/wp\/v2\/pages\/29\/revisions\/2487"}],"wp:attachment":[{"href":"https:\/\/www.unioviedo.es\/electroanalysis\/index.php\/wp-json\/wp\/v2\/media?parent=29"}],"curies":[{"name":"wp","href":"https:\/\/api.w.org\/{rel}","templated":true}]}}