{"id":717,"date":"2021-07-07T07:00:30","date_gmt":"2021-07-07T07:00:30","guid":{"rendered":"https:\/\/www.unioviedo.es\/electroanalysis\/?page_id=717"},"modified":"2023-11-05T12:12:33","modified_gmt":"2023-11-05T12:12:33","slug":"book-chapters","status":"publish","type":"page","link":"https:\/\/www.unioviedo.es\/electroanalysis\/index.php\/book-chapters\/","title":{"rendered":"Book Chapters"},"content":{"rendered":"<div class=\"su-posts su-posts-my_default-loop\">\n<div class=\"su-pub_post\">\n<span class=\"su-pub_post_authors\">M. C. Blanco- L\u00f3pez, M.J. Lobo Casta\u00f1\u00f3n, M.T. Fern\u00e1ndez Abedul.<\/span>\n<span class=\"su-pub_post_title\">Bienzymatic amperometric glucose biosensor.<\/span>\n<span class=\"su-pub_post_publish\">Chapter 17, 173-181 in Laboratory Methods in Dynamic Electroanalysis<\/span><br>\n<span class=\"su-pub_post_doi\">M.T. Fern\u00e1ndez Abedul Ed. Elsevier Science BV (The Netherlands) 2019<\/span>\n<span class=\"su-pub_post_abstract\">ISBN: 9780128159323<\/span>\n<\/div>\n<div class=\"su-pub_post\">\n<span class=\"su-pub_post_authors\">R. Miranda-Castro, M.J. Lobo Casta\u00f1\u00f3n.<\/span>\n<span class=\"su-pub_post_title\">Determination of ethyl alcohol in beverages using an electrochemical enzymatic sensor.<\/span>\n<span class=\"su-pub_post_publish\">vol. 1, chapter 18, 183-192 in Laboratory Methods in Dynamic Electroanalysis<\/span><br>\n<span class=\"su-pub_post_doi\">M.T. Fern\u00e1ndez Abedul Ed. Elsevier Science (The Netherlands) 2019<\/span>\n<span class=\"su-pub_post_abstract\">ISBN: 9780128159323<\/span>\n<\/div>\n<div class=\"su-pub_post\">\n<span class=\"su-pub_post_authors\">M.J. Lobo Casta\u00f1\u00f3n, M.T. Fern\u00e1ndez-Abedul.<\/span>\n<span class=\"su-pub_post_title\">Bibliographic resources in electroanalysis.<\/span>\n<span class=\"su-pub_post_publish\">Vol 1, chapter 36, pp. 373-378, in Laboratory Methods in Dynamic Electroanalysis<\/span><br>\n<span class=\"su-pub_post_doi\">Fern\u00e1ndez-Abedul M.T. Ed., Elsevier (The Netherlands), 2019,<\/span>\n<span class=\"su-pub_post_abstract\">ISBN: 9780128159323<\/span>\n<\/div>\n<div class=\"su-pub_post\">\n<span class=\"su-pub_post_authors\">N. de-los-Santos-Alvarez, M. T. Fern\u00e1ndez-Abedul.<\/span>\n<span class=\"su-pub_post_title\">Determination of ascorbic acid in dietary supplements by cyclic voltammetry.<\/span>\n<span class=\"su-pub_post_publish\">vol. 1, chapter 2, pp. 13-23 in Laboratory Methods in Dynamic Electroanalysis<\/span><br>\n<span class=\"su-pub_post_doi\">M. T. Fern\u00e1ndez Abedul Ed. Elsevier Science BV (The Netherlands) 2019<\/span>\n<span class=\"su-pub_post_abstract\">ISBN: 9780128159323<\/span>\n<\/div>\n<div class=\"su-pub_post\">\n<span class=\"su-pub_post_authors\">N. de-los-Santos-\u00c1lvarez, R. Miranda-Castro, M. J. Lobo-Casta\u00f1\u00f3n.<\/span>\n<span class=\"su-pub_post_title\">Impedimetric aptasensor for determination of antibiotic neomycin BI.<\/span>\n<span class=\"su-pub_post_publish\">vol. 1, chapter 11, pp. 109-118 in Laboratory Methods in Dynamic Electroanalysis<\/span><br>\n<span class=\"su-pub_post_doi\">M.T. Fern\u00e1ndez Abedul Ed. Elsevier Science BV (The Netherlands) 2019<\/span>\n<span class=\"su-pub_post_abstract\">ISBN: 9780128159323<\/span>\n<\/div>\n<div class=\"su-pub_post\">\n<span class=\"su-pub_post_authors\">R. Miranda-Castro, N. de-los-Santos-\u00c1lvarez, M. J. Lobo-Casta\u00f1\u00f3n.<\/span>\n<span class=\"su-pub_post_title\">Aptamer-based magnetoassay for gluten determinations.<\/span>\n<span class=\"su-pub_post_publish\">vol. 1, chapter 22, pp. 223-231 in Laboratory Methods in Dynamic Electroanalysis<\/span><br>\n<span class=\"su-pub_post_doi\">M.T. Fern\u00e1ndez Abedul. Ed. Elsevier Science BV (The Netherlands) 2019<\/span>\n<span class=\"su-pub_post_abstract\">ISBN: 9780128159323<\/span>\n<\/div>\n<div class=\"su-pub_post\">\n<span class=\"su-pub_post_authors\">R. Miranda-Castro, N. de-los-Santos-\u00c1lvarez, M. J. Lobo-Casta\u00f1\u00f3n.<\/span>\n<span class=\"su-pub_post_title\">Amperometric detection of NADH using carbon-based electrodes.<\/span>\n<span class=\"su-pub_post_publish\">vol. 1, chapter 7, pp. 67-74 in Laboratory Methods in Dynamic Electroanalysis<\/span><br>\n<span class=\"su-pub_post_doi\">M.T. Fern\u00e1ndez Abedul. Ed. Elsevier Science BV (The Netherlands) 2019<\/span>\n<span class=\"su-pub_post_abstract\">ISBN: 9780128159323<\/span>\n<\/div>\n<div class=\"su-pub_post\">\n<span class=\"su-pub_post_authors\">R. Miranda-Castro, N. de-los-Santos-\u00c1lvarez, M. J. Lobo-Casta\u00f1\u00f3n.<\/span>\n<span class=\"su-pub_post_title\">Characterization of aptamer-ligand complexes.<\/span>\n<span class=\"su-pub_post_publish\">Aptamers for Analytical Applications: Affinity Acquisition and Method Design<\/span><br>\n<span class=\"su-pub_post_doi\">Ed. Y. Dong<\/span>\n<span class=\"su-pub_post_abstract\">chapter 4<\/span>\n<\/div>\n<div class=\"su-pub_post\">\n<span class=\"su-pub_post_authors\">R. Miranda-Castro, N. de-los-Santos-\u00c1lvarez, M. J. Lobo-Casta\u00f1\u00f3n.<\/span>\n<span class=\"su-pub_post_title\">Aptamers as synthetic receptors for food quality and safety control.<\/span>\n<span class=\"su-pub_post_publish\">Biosensors for sustainable food: new opportunities and technical challenges<\/span><br>\n<span class=\"su-pub_post_doi\">V. Scognamiglio, G. Rea, F. Arduini and G. Palleschi Eds.<\/span>\n<span class=\"su-pub_post_abstract\">vol 74, chapter 7, pp. 155-191<\/span>\n<\/div>\n<div class=\"su-pub_post\">\n<span class=\"su-pub_post_authors\">D. Antu\u00f1a-Jim\u00e9nez, G. D\u00edaz-D\u00edaz, M. C. Blanco L\u00f3pez, M. J. Lobo Casta\u00f1\u00f3n, A. J. Miranda Ordieres, P. Tu\u00f1\u00f3n Blanco.<\/span>\n<span class=\"su-pub_post_title\">Molecularly imprinted electrochemical sensors: past, present, and future.<\/span>\n<span class=\"su-pub_post_publish\">Molecularly imprinted sensors. Overview and applications<\/span><br>\n<span class=\"su-pub_post_doi\">Eds. S. Li, Y. Ge, S.A. Piletsku, J. Lunec<\/span>\n<span class=\"su-pub_post_abstract\"><\/span>\n<\/div>\n<div class=\"su-pub_post\">\n<span class=\"su-pub_post_authors\">B. L\u00f3pez-Ruiz, M. S\u00e1nchez-Paniagua, A. J. Miranda-Ordieres, N. de-los-Santos-\u00c1lvarez.<\/span>\n<span class=\"su-pub_post_title\">Biosensors.<\/span>\n<span class=\"su-pub_post_publish\">Advances in Fermentation Technology<\/span><br>\n<span class=\"su-pub_post_doi\">C. Larroche, C. R. Soccol, C. G. Dussap, Ashok Pandey<\/span>\n<span class=\"su-pub_post_abstract\">chapter 4, pp. 89-120<\/span>\n<\/div>\n<div class=\"su-pub_post\">\n<span class=\"su-pub_post_authors\">N. de los Santos \u00c1lvarez, P. de los Santos \u00c1lvarez, M. J. Lobo Casta\u00f1\u00f3n, A. J. Miranda Ordieres, P. Tu\u00f1\u00f3n Blanco.<\/span>\n<span class=\"su-pub_post_title\">NADH-based electrochemical sensors.<\/span>\n<span class=\"su-pub_post_publish\">Encyclopedia of Sensors<\/span><br>\n<span class=\"su-pub_post_doi\">C. A. Grimes, E. C. Dickey, M. V. Pishko<\/span>\n<span class=\"su-pub_post_abstract\">vol. 6, pp. 349-378<\/span>\n<\/div>\n<div class=\"su-pub_post\">\n<span class=\"su-pub_post_authors\">.<\/span>\n<span class=\"su-pub_post_title\">Developments on NADH detection at conducting polymers or adenine derivatives modified electrodes.<\/span>\n<span class=\"su-pub_post_publish\">Recent Research developments in Analytical Chemistry<\/span><br>\n<span class=\"su-pub_post_doi\">S. G. Pandalai (Managing Editor)<\/span>\n<span class=\"su-pub_post_abstract\">vol. 2, pp. 1-11<\/span>\n<\/div>\n<div class=\"su-pub_post\">\n<span class=\"su-pub_post_authors\">J .M. L\u00f3pez Fonseca, J. L. Mu\u00f1\u00edz \u00c1lvarez, J. Garc\u00eda Calz\u00f3n, A. J. Miranda Ordieres, D. Foj\u00f3n.<\/span>\n<span class=\"su-pub_post_title\">Electrocatalytic reduction of metal ions by adsorbed organic nitrogen bases on mercury electrodes.<\/span>\n<span class=\"su-pub_post_publish\">Recent Research Developments in Electrochemistry<\/span><br>\n<span class=\"su-pub_post_doi\">S. G. Pandalai (Managing Editor)<\/span>\n<span class=\"su-pub_post_abstract\">vol. 1,  pp. 281-293<\/span>\n<\/div>\n<\/div>\n\n","protected":false},"excerpt":{"rendered":"","protected":false},"author":1,"featured_media":0,"parent":0,"menu_order":0,"comment_status":"closed","ping_status":"closed","template":"","meta":{"footnotes":""},"class_list":["post-717","page","type-page","status-publish","hentry"],"_links":{"self":[{"href":"https:\/\/www.unioviedo.es\/electroanalysis\/index.php\/wp-json\/wp\/v2\/pages\/717","targetHints":{"allow":["GET"]}}],"collection":[{"href":"https:\/\/www.unioviedo.es\/electroanalysis\/index.php\/wp-json\/wp\/v2\/pages"}],"about":[{"href":"https:\/\/www.unioviedo.es\/electroanalysis\/index.php\/wp-json\/wp\/v2\/types\/page"}],"author":[{"embeddable":true,"href":"https:\/\/www.unioviedo.es\/electroanalysis\/index.php\/wp-json\/wp\/v2\/users\/1"}],"replies":[{"embeddable":true,"href":"https:\/\/www.unioviedo.es\/electroanalysis\/index.php\/wp-json\/wp\/v2\/comments?post=717"}],"version-history":[{"count":5,"href":"https:\/\/www.unioviedo.es\/electroanalysis\/index.php\/wp-json\/wp\/v2\/pages\/717\/revisions"}],"predecessor-version":[{"id":1830,"href":"https:\/\/www.unioviedo.es\/electroanalysis\/index.php\/wp-json\/wp\/v2\/pages\/717\/revisions\/1830"}],"wp:attachment":[{"href":"https:\/\/www.unioviedo.es\/electroanalysis\/index.php\/wp-json\/wp\/v2\/media?parent=717"}],"curies":[{"name":"wp","href":"https:\/\/api.w.org\/{rel}","templated":true}]}}