{"id":116,"date":"2020-12-07T14:42:24","date_gmt":"2020-12-07T13:42:24","guid":{"rendered":"https:\/\/www.unioviedo.es\/epidemia\/?page_id=116"},"modified":"2020-12-18T19:19:23","modified_gmt":"2020-12-18T18:19:23","slug":"mapas-sobre-epidemias","status":"publish","type":"page","link":"https:\/\/www.unioviedo.es\/epidemia\/index.php\/mapas-sobre-epidemias\/","title":{"rendered":"Mapas sobre Epidemias"},"content":{"rendered":"\n<p class=\"has-drop-cap\" style=\"font-size:20px\">Las nuevas herramientas web interactivas permiten acercar al gran p\u00fablico tem\u00e1ticas hist\u00f3ricas de muy diversa \u00edndole de una manera amena, visual y rigurosa. Para este proyecto hemos escogido la aplicaci\u00f3n\u00a0<em>Arcgis Storymaps<\/em>\u00a0-de gran predicamento entre los grupos de investigaci\u00f3n que desarrollan estrategias de transferencia del conocimiento- para poner a disposici\u00f3n de nuestros conciudadanos una selecci\u00f3n de las pandemias m\u00e1s significativas que han sacudido la vida cotidiana de las sociedades del pasado. En aras de una mejor comprensi\u00f3n del fen\u00f3meno estudiado, hemos agrupado las informaciones hist\u00f3ricas relativas a cada epidemia en una serie de ep\u00edgrafes (caracterizaci\u00f3n m\u00e9dica, impacto sanitario-poblacional, impacto social\u2026) que compilan y hacen m\u00e1s accesibles a los lectores las principales cuestiones que deben ser tenidas en cuenta a la hora de afrontar el an\u00e1lisis de los episodios pand\u00e9micos. Adem\u00e1s, todas las presentaciones contienen en la parte final una bibliograf\u00eda actualizada sobre cada epidemia analizada, que permitir\u00e1 futuros acercamientos a esta tem\u00e1tica. Sin perder un \u00e1pice de rigurosidad cient\u00edfica y, al mismo tiempo, utilizando un formato atractivo, intuitivo y accesible, con este innovador proyecto pretendemos trasladar a la sociedad que los dram\u00e1ticos impactos demogr\u00e1ficos, sociales, econ\u00f3micos, pol\u00edticos y culturales derivados de las pandemias hist\u00f3ricas fueron superados por la enorme capacidad de resiliencia del ser humano. Y ahora no va a ser diferente.<\/p>\n\n\n\n<iframe loading=\"lazy\" src=\"https:\/\/storymaps.arcgis.com\/collections\/0f066b26792a4e2abdcff7faf3b89220\" width=\"100%\" height=\"1000px\" frameborder=\"0\" allowfullscreen=\"\" allow=\"geolocation\"><\/iframe>\n\n\n\n<p class=\"has-text-align-center has-small-font-size\"><a href=\"https:\/\/arcg.is\/14u8PD\">https:\/\/arcg.is\/14u8PD<\/a><\/p>\n","protected":false},"excerpt":{"rendered":"<p>Las nuevas herramientas web interactivas permiten acercar al gran p\u00fablico tem\u00e1ticas hist\u00f3ricas de muy diversa \u00edndole de una manera amena, visual y rigurosa. Para este proyecto hemos escogido la aplicaci\u00f3n\u00a0Arcgis Storymaps\u00a0-de gran predicamento entre los grupos de investigaci\u00f3n que desarrollan estrategias de transferencia del conocimiento- para poner a disposici\u00f3n de nuestros conciudadanos una selecci\u00f3n de [&hellip;]<\/p>\n","protected":false},"author":1,"featured_media":0,"parent":0,"menu_order":0,"comment_status":"closed","ping_status":"closed","template":"","meta":{"footnotes":""},"class_list":["post-116","page","type-page","status-publish","hentry","entry"],"_links":{"self":[{"href":"https:\/\/www.unioviedo.es\/epidemia\/index.php\/wp-json\/wp\/v2\/pages\/116","targetHints":{"allow":["GET"]}}],"collection":[{"href":"https:\/\/www.unioviedo.es\/epidemia\/index.php\/wp-json\/wp\/v2\/pages"}],"about":[{"href":"https:\/\/www.unioviedo.es\/epidemia\/index.php\/wp-json\/wp\/v2\/types\/page"}],"author":[{"embeddable":true,"href":"https:\/\/www.unioviedo.es\/epidemia\/index.php\/wp-json\/wp\/v2\/users\/1"}],"replies":[{"embeddable":true,"href":"https:\/\/www.unioviedo.es\/epidemia\/index.php\/wp-json\/wp\/v2\/comments?post=116"}],"version-history":[{"count":6,"href":"https:\/\/www.unioviedo.es\/epidemia\/index.php\/wp-json\/wp\/v2\/pages\/116\/revisions"}],"predecessor-version":[{"id":375,"href":"https:\/\/www.unioviedo.es\/epidemia\/index.php\/wp-json\/wp\/v2\/pages\/116\/revisions\/375"}],"wp:attachment":[{"href":"https:\/\/www.unioviedo.es\/epidemia\/index.php\/wp-json\/wp\/v2\/media?parent=116"}],"curies":[{"name":"wp","href":"https:\/\/api.w.org\/{rel}","templated":true}]}}