{"id":124,"date":"2020-12-07T14:52:31","date_gmt":"2020-12-07T13:52:31","guid":{"rendered":"https:\/\/www.unioviedo.es\/epidemia\/?page_id=124"},"modified":"2020-12-17T12:29:05","modified_gmt":"2020-12-17T11:29:05","slug":"iconografia-epidemica","status":"publish","type":"page","link":"https:\/\/www.unioviedo.es\/epidemia\/index.php\/iconografia-epidemica\/","title":{"rendered":"Iconograf\u00eda Epid\u00e9mica"},"content":{"rendered":"\n<hr class=\"wp-block-separator is-style-wide\"\/>\n\n\n\n<div class=\"wp-block-image\"><figure class=\"aligncenter size-large\"><img loading=\"lazy\" decoding=\"async\" width=\"800\" height=\"614\" src=\"https:\/\/www.unioviedo.es\/epidemia\/wp-content\/uploads\/2020\/12\/TaullLlatzer.jpg\" alt=\"\" class=\"wp-image-269\" srcset=\"https:\/\/www.unioviedo.es\/epidemia\/wp-content\/uploads\/2020\/12\/TaullLlatzer.jpg 800w, https:\/\/www.unioviedo.es\/epidemia\/wp-content\/uploads\/2020\/12\/TaullLlatzer-300x230.jpg 300w, https:\/\/www.unioviedo.es\/epidemia\/wp-content\/uploads\/2020\/12\/TaullLlatzer-768x589.jpg 768w\" sizes=\"auto, (max-width: 800px) 100vw, 800px\" \/><figcaption>La curaci\u00f3n del leproso. Maestro de Tahull (siglo XII). Museo Nacional de Arte de Catalu\u00f1a (Barcelona)<\/figcaption><\/figure><\/div>\n\n\n\n<hr class=\"wp-block-separator is-style-wide\"\/>\n\n\n\n<div class=\"wp-block-image\"><figure class=\"aligncenter size-large\"><img loading=\"lazy\" decoding=\"async\" width=\"435\" height=\"599\" src=\"https:\/\/www.unioviedo.es\/epidemia\/wp-content\/uploads\/2020\/12\/Doctor-de-la-Peste-1656-1.jpg\" alt=\"\" class=\"wp-image-270\" srcset=\"https:\/\/www.unioviedo.es\/epidemia\/wp-content\/uploads\/2020\/12\/Doctor-de-la-Peste-1656-1.jpg 435w, https:\/\/www.unioviedo.es\/epidemia\/wp-content\/uploads\/2020\/12\/Doctor-de-la-Peste-1656-1-218x300.jpg 218w\" sizes=\"auto, (max-width: 435px) 100vw, 435px\" \/><figcaption>El \u201cDoctor de la Peste\u201d con su m\u00e1scara de pico, en un grabado alem\u00e1n de 1656<\/figcaption><\/figure><\/div>\n\n\n\n<hr class=\"wp-block-separator is-style-wide\"\/>\n\n\n\n<div class=\"wp-block-image\"><figure class=\"aligncenter size-large\"><img loading=\"lazy\" decoding=\"async\" width=\"992\" height=\"556\" src=\"https:\/\/www.unioviedo.es\/epidemia\/wp-content\/uploads\/2020\/12\/Fosa-comun-de-la-peste-negra-1.jpg\" alt=\"\" class=\"wp-image-271\" srcset=\"https:\/\/www.unioviedo.es\/epidemia\/wp-content\/uploads\/2020\/12\/Fosa-comun-de-la-peste-negra-1.jpg 992w, https:\/\/www.unioviedo.es\/epidemia\/wp-content\/uploads\/2020\/12\/Fosa-comun-de-la-peste-negra-1-300x168.jpg 300w, https:\/\/www.unioviedo.es\/epidemia\/wp-content\/uploads\/2020\/12\/Fosa-comun-de-la-peste-negra-1-768x430.jpg 768w\" sizes=\"auto, (max-width: 992px) 100vw, 992px\" \/><figcaption>Fosa com\u00fan de la \u00e9poca de la peste negra encontrada en Toulouse (Max Planck Institute). \u00a9Archeodunum SAS, Gourvennec Mich\u00e4el<\/figcaption><\/figure><\/div>\n\n\n\n<hr class=\"wp-block-separator is-style-wide\"\/>\n\n\n\n<div class=\"wp-block-image\"><figure class=\"aligncenter size-large\"><img loading=\"lazy\" decoding=\"async\" width=\"1024\" height=\"680\" src=\"https:\/\/www.unioviedo.es\/epidemia\/wp-content\/uploads\/2020\/12\/Marco-Fig.-116-1024x680.jpg\" alt=\"\" class=\"wp-image-339\" srcset=\"https:\/\/www.unioviedo.es\/epidemia\/wp-content\/uploads\/2020\/12\/Marco-Fig.-116-1024x680.jpg 1024w, https:\/\/www.unioviedo.es\/epidemia\/wp-content\/uploads\/2020\/12\/Marco-Fig.-116-300x199.jpg 300w, https:\/\/www.unioviedo.es\/epidemia\/wp-content\/uploads\/2020\/12\/Marco-Fig.-116-768x510.jpg 768w, https:\/\/www.unioviedo.es\/epidemia\/wp-content\/uploads\/2020\/12\/Marco-Fig.-116-1536x1020.jpg 1536w, https:\/\/www.unioviedo.es\/epidemia\/wp-content\/uploads\/2020\/12\/Marco-Fig.-116-2048x1360.jpg 2048w, https:\/\/www.unioviedo.es\/epidemia\/wp-content\/uploads\/2020\/12\/Marco-Fig.-116-1568x1041.jpg 1568w\" sizes=\"auto, (max-width: 1024px) 100vw, 1024px\" \/><figcaption>Mapa de la distribuci\u00f3n euroasi\u00e1tica de los grupos neandertales.<\/figcaption><\/figure><\/div>\n\n\n\n<div class=\"wp-block-image\"><figure class=\"aligncenter size-large\"><img loading=\"lazy\" decoding=\"async\" width=\"1024\" height=\"576\" src=\"https:\/\/www.unioviedo.es\/epidemia\/wp-content\/uploads\/2020\/12\/Italie_Ravenne_basilique_SantApollinare_Nuovo_Italie_Ravenne_basilique_SantApollinare_Nuovo_mosaique_du_cortege_des_martyrs_detail_48087054963-1024x576.jpg\" alt=\"\" class=\"wp-image-340\" srcset=\"https:\/\/www.unioviedo.es\/epidemia\/wp-content\/uploads\/2020\/12\/Italie_Ravenne_basilique_SantApollinare_Nuovo_Italie_Ravenne_basilique_SantApollinare_Nuovo_mosaique_du_cortege_des_martyrs_detail_48087054963-1024x576.jpg 1024w, https:\/\/www.unioviedo.es\/epidemia\/wp-content\/uploads\/2020\/12\/Italie_Ravenne_basilique_SantApollinare_Nuovo_Italie_Ravenne_basilique_SantApollinare_Nuovo_mosaique_du_cortege_des_martyrs_detail_48087054963-300x169.jpg 300w, https:\/\/www.unioviedo.es\/epidemia\/wp-content\/uploads\/2020\/12\/Italie_Ravenne_basilique_SantApollinare_Nuovo_Italie_Ravenne_basilique_SantApollinare_Nuovo_mosaique_du_cortege_des_martyrs_detail_48087054963-768x432.jpg 768w, https:\/\/www.unioviedo.es\/epidemia\/wp-content\/uploads\/2020\/12\/Italie_Ravenne_basilique_SantApollinare_Nuovo_Italie_Ravenne_basilique_SantApollinare_Nuovo_mosaique_du_cortege_des_martyrs_detail_48087054963-1536x864.jpg 1536w, https:\/\/www.unioviedo.es\/epidemia\/wp-content\/uploads\/2020\/12\/Italie_Ravenne_basilique_SantApollinare_Nuovo_Italie_Ravenne_basilique_SantApollinare_Nuovo_mosaique_du_cortege_des_martyrs_detail_48087054963-2048x1152.jpg 2048w, https:\/\/www.unioviedo.es\/epidemia\/wp-content\/uploads\/2020\/12\/Italie_Ravenne_basilique_SantApollinare_Nuovo_Italie_Ravenne_basilique_SantApollinare_Nuovo_mosaique_du_cortege_des_martyrs_detail_48087054963-1568x882.jpg 1568w\" sizes=\"auto, (max-width: 1024px) 100vw, 1024px\" \/><figcaption>Procesi\u00f3n de los m\u00e1rtires en la iglesia de San Apolinar el Nuevo de R\u00e1vena (Italia), del s. VI<\/figcaption><\/figure><\/div>\n\n\n\n<div class=\"wp-block-image\"><figure class=\"aligncenter size-large\"><img loading=\"lazy\" decoding=\"async\" width=\"800\" height=\"499\" src=\"https:\/\/www.unioviedo.es\/epidemia\/wp-content\/uploads\/2020\/12\/800px-Sanvitale03.jpg\" alt=\"\" class=\"wp-image-341\" srcset=\"https:\/\/www.unioviedo.es\/epidemia\/wp-content\/uploads\/2020\/12\/800px-Sanvitale03.jpg 800w, https:\/\/www.unioviedo.es\/epidemia\/wp-content\/uploads\/2020\/12\/800px-Sanvitale03-300x187.jpg 300w, https:\/\/www.unioviedo.es\/epidemia\/wp-content\/uploads\/2020\/12\/800px-Sanvitale03-768x479.jpg 768w\" sizes=\"auto, (max-width: 800px) 100vw, 800px\" \/><figcaption>El emperador Justiniano y su corte en la iglesia de San Vital de R\u00e1vena (Italia), del s. VI<\/figcaption><\/figure><\/div>\n\n\n\n<div class=\"wp-block-image\"><figure class=\"aligncenter size-large\"><img loading=\"lazy\" decoding=\"async\" width=\"1024\" height=\"683\" src=\"https:\/\/www.unioviedo.es\/epidemia\/wp-content\/uploads\/2020\/12\/EnglishSweatingsickness_1050x700-1024x683.jpg\" alt=\"\" class=\"wp-image-343\" srcset=\"https:\/\/www.unioviedo.es\/epidemia\/wp-content\/uploads\/2020\/12\/EnglishSweatingsickness_1050x700-1024x683.jpg 1024w, https:\/\/www.unioviedo.es\/epidemia\/wp-content\/uploads\/2020\/12\/EnglishSweatingsickness_1050x700-300x200.jpg 300w, https:\/\/www.unioviedo.es\/epidemia\/wp-content\/uploads\/2020\/12\/EnglishSweatingsickness_1050x700-768x512.jpg 768w, https:\/\/www.unioviedo.es\/epidemia\/wp-content\/uploads\/2020\/12\/EnglishSweatingsickness_1050x700.jpg 1050w\" sizes=\"auto, (max-width: 1024px) 100vw, 1024px\" \/><figcaption>\u00abDanza macabra\u00bb, de 1493<\/figcaption><\/figure><\/div>\n\n\n\n<div class=\"wp-block-image\"><figure class=\"aligncenter size-large\"><img loading=\"lazy\" decoding=\"async\" width=\"353\" height=\"547\" src=\"https:\/\/www.unioviedo.es\/epidemia\/wp-content\/uploads\/2020\/12\/Tabardillo.jpg\" alt=\"\" class=\"wp-image-344\" srcset=\"https:\/\/www.unioviedo.es\/epidemia\/wp-content\/uploads\/2020\/12\/Tabardillo.jpg 353w, https:\/\/www.unioviedo.es\/epidemia\/wp-content\/uploads\/2020\/12\/Tabardillo-194x300.jpg 194w\" sizes=\"auto, (max-width: 353px) 100vw, 353px\" \/><figcaption>Portada del <em>Libro de morbo pustulato<\/em> (1584), de Alonso L\u00f3pez de Corella (Ca. 1519-1584) <\/figcaption><\/figure><\/div>\n\n\n\n<div class=\"wp-block-image\"><figure class=\"aligncenter size-large is-resized\"><img loading=\"lazy\" decoding=\"async\" src=\"https:\/\/www.unioviedo.es\/epidemia\/wp-content\/uploads\/2020\/12\/Peste-1656-Roma-wellcome-collection.-Europeana.jpg\" alt=\"\" class=\"wp-image-345\" width=\"854\" height=\"739\" srcset=\"https:\/\/www.unioviedo.es\/epidemia\/wp-content\/uploads\/2020\/12\/Peste-1656-Roma-wellcome-collection.-Europeana.jpg 1024w, https:\/\/www.unioviedo.es\/epidemia\/wp-content\/uploads\/2020\/12\/Peste-1656-Roma-wellcome-collection.-Europeana-300x260.jpg 300w, https:\/\/www.unioviedo.es\/epidemia\/wp-content\/uploads\/2020\/12\/Peste-1656-Roma-wellcome-collection.-Europeana-768x665.jpg 768w\" sizes=\"auto, (max-width: 854px) 100vw, 854px\" \/><figcaption>Escenas de la peste de 1656 en Roma (<strong>Wellcome\u00a0Collection<\/strong>)<\/figcaption><\/figure><\/div>\n\n\n\n<div class=\"wp-block-image\"><figure class=\"aligncenter size-large\"><img loading=\"lazy\" decoding=\"async\" width=\"960\" height=\"696\" src=\"https:\/\/www.unioviedo.es\/epidemia\/wp-content\/uploads\/2020\/12\/Peste-de-1679-en-Antequera.jpg\" alt=\"\" class=\"wp-image-346\" srcset=\"https:\/\/www.unioviedo.es\/epidemia\/wp-content\/uploads\/2020\/12\/Peste-de-1679-en-Antequera.jpg 960w, https:\/\/www.unioviedo.es\/epidemia\/wp-content\/uploads\/2020\/12\/Peste-de-1679-en-Antequera-300x218.jpg 300w, https:\/\/www.unioviedo.es\/epidemia\/wp-content\/uploads\/2020\/12\/Peste-de-1679-en-Antequera-768x557.jpg 768w\" sizes=\"auto, (max-width: 960px) 100vw, 960px\" \/><figcaption>La Peste de 1656 en Antequera (an\u00f3nimo)<\/figcaption><\/figure><\/div>\n\n\n\n<div class=\"wp-block-image\"><figure class=\"aligncenter size-large\"><img loading=\"lazy\" decoding=\"async\" width=\"1024\" height=\"737\" src=\"https:\/\/www.unioviedo.es\/epidemia\/wp-content\/uploads\/2020\/12\/Peste-de-Marsella-de-1720.-Imagen-1024x737.jpg\" alt=\"\" class=\"wp-image-347\" srcset=\"https:\/\/www.unioviedo.es\/epidemia\/wp-content\/uploads\/2020\/12\/Peste-de-Marsella-de-1720.-Imagen-1024x737.jpg 1024w, https:\/\/www.unioviedo.es\/epidemia\/wp-content\/uploads\/2020\/12\/Peste-de-Marsella-de-1720.-Imagen-300x216.jpg 300w, https:\/\/www.unioviedo.es\/epidemia\/wp-content\/uploads\/2020\/12\/Peste-de-Marsella-de-1720.-Imagen-768x553.jpg 768w, https:\/\/www.unioviedo.es\/epidemia\/wp-content\/uploads\/2020\/12\/Peste-de-Marsella-de-1720.-Imagen.jpg 1465w\" sizes=\"auto, (max-width: 1024px) 100vw, 1024px\" \/><figcaption><em>Peste de Marsella de 1720<\/em>, de Michel de Serre (1658-1733). Wellcome Collection<\/figcaption><\/figure><\/div>\n\n\n\n<div class=\"wp-block-image\"><figure class=\"aligncenter size-large\"><img loading=\"lazy\" decoding=\"async\" width=\"800\" height=\"545\" src=\"https:\/\/www.unioviedo.es\/epidemia\/wp-content\/uploads\/2020\/12\/Harpers_weekly_1865_14579111807.jpg\" alt=\"\" class=\"wp-image-348\" srcset=\"https:\/\/www.unioviedo.es\/epidemia\/wp-content\/uploads\/2020\/12\/Harpers_weekly_1865_14579111807.jpg 800w, https:\/\/www.unioviedo.es\/epidemia\/wp-content\/uploads\/2020\/12\/Harpers_weekly_1865_14579111807-300x204.jpg 300w, https:\/\/www.unioviedo.es\/epidemia\/wp-content\/uploads\/2020\/12\/Harpers_weekly_1865_14579111807-768x523.jpg 768w\" sizes=\"auto, (max-width: 800px) 100vw, 800px\" \/><figcaption><em>C\u00f3lera en Marsella<\/em>, en Harper&#8217;s weekly (1857)<br><\/figcaption><\/figure><\/div>\n\n\n\n<div class=\"wp-block-image\"><figure class=\"aligncenter size-large\"><img loading=\"lazy\" decoding=\"async\" width=\"800\" height=\"636\" src=\"https:\/\/www.unioviedo.es\/epidemia\/wp-content\/uploads\/2020\/12\/Ultima_hora.tif.jpg\" alt=\"\" class=\"wp-image-349\" srcset=\"https:\/\/www.unioviedo.es\/epidemia\/wp-content\/uploads\/2020\/12\/Ultima_hora.tif.jpg 800w, https:\/\/www.unioviedo.es\/epidemia\/wp-content\/uploads\/2020\/12\/Ultima_hora.tif-300x239.jpg 300w, https:\/\/www.unioviedo.es\/epidemia\/wp-content\/uploads\/2020\/12\/Ultima_hora.tif-768x611.jpg 768w\" sizes=\"auto, (max-width: 800px) 100vw, 800px\" \/><figcaption>El Soldado de N\u00e1poles (met\u00e1fora de la gripe espa\u00f1ola en Espa\u00f1a). Lorenzo Aguirre en<em> El F\u00edgaro<\/em><br><\/figcaption><\/figure><\/div>\n\n\n\n<div class=\"wp-block-image\"><figure class=\"aligncenter size-large\"><img loading=\"lazy\" decoding=\"async\" width=\"643\" height=\"437\" src=\"https:\/\/www.unioviedo.es\/epidemia\/wp-content\/uploads\/2020\/12\/cambies-vida-Sida_EDIIMA20191127_0478_19.jpg\" alt=\"\" class=\"wp-image-350\" srcset=\"https:\/\/www.unioviedo.es\/epidemia\/wp-content\/uploads\/2020\/12\/cambies-vida-Sida_EDIIMA20191127_0478_19.jpg 643w, https:\/\/www.unioviedo.es\/epidemia\/wp-content\/uploads\/2020\/12\/cambies-vida-Sida_EDIIMA20191127_0478_19-300x204.jpg 300w\" sizes=\"auto, (max-width: 643px) 100vw, 643px\" \/><figcaption>Campa\u00f1a lanzada para el D\u00eda Mundial de 1987 en Espa\u00f1a (Ministerio de Sanidad y Consumo)<\/figcaption><\/figure><\/div>\n","protected":false},"excerpt":{"rendered":"","protected":false},"author":1,"featured_media":0,"parent":0,"menu_order":0,"comment_status":"closed","ping_status":"closed","template":"","meta":{"footnotes":""},"class_list":["post-124","page","type-page","status-publish","hentry","entry"],"_links":{"self":[{"href":"https:\/\/www.unioviedo.es\/epidemia\/index.php\/wp-json\/wp\/v2\/pages\/124","targetHints":{"allow":["GET"]}}],"collection":[{"href":"https:\/\/www.unioviedo.es\/epidemia\/index.php\/wp-json\/wp\/v2\/pages"}],"about":[{"href":"https:\/\/www.unioviedo.es\/epidemia\/index.php\/wp-json\/wp\/v2\/types\/page"}],"author":[{"embeddable":true,"href":"https:\/\/www.unioviedo.es\/epidemia\/index.php\/wp-json\/wp\/v2\/users\/1"}],"replies":[{"embeddable":true,"href":"https:\/\/www.unioviedo.es\/epidemia\/index.php\/wp-json\/wp\/v2\/comments?post=124"}],"version-history":[{"count":5,"href":"https:\/\/www.unioviedo.es\/epidemia\/index.php\/wp-json\/wp\/v2\/pages\/124\/revisions"}],"predecessor-version":[{"id":352,"href":"https:\/\/www.unioviedo.es\/epidemia\/index.php\/wp-json\/wp\/v2\/pages\/124\/revisions\/352"}],"wp:attachment":[{"href":"https:\/\/www.unioviedo.es\/epidemia\/index.php\/wp-json\/wp\/v2\/media?parent=124"}],"curies":[{"name":"wp","href":"https:\/\/api.w.org\/{rel}","templated":true}]}}