{"id":156,"date":"2020-12-07T19:29:42","date_gmt":"2020-12-07T18:29:42","guid":{"rendered":"https:\/\/www.unioviedo.es\/epidemia\/?page_id=156"},"modified":"2020-12-17T12:40:40","modified_gmt":"2020-12-17T11:40:40","slug":"alvaro-solano-fernandez-sordo","status":"publish","type":"page","link":"https:\/\/www.unioviedo.es\/epidemia\/index.php\/acerca-de\/alvaro-solano-fernandez-sordo\/","title":{"rendered":"\u00c1lvaro Solano Fern\u00e1ndez-Sordo"},"content":{"rendered":"\n<p class=\"has-text-align-left\" style=\"font-size:20px\"><strong>(Departamento de Historia. \u00c1rea de Historia Medieval)<\/strong><\/p>\n\n\n\n<div class=\"wp-block-image\"><figure class=\"aligncenter size-large\"><img loading=\"lazy\" decoding=\"async\" width=\"305\" height=\"280\" src=\"https:\/\/www.unioviedo.es\/epidemia\/wp-content\/uploads\/2020\/12\/Alvaro.jpg\" alt=\"\" class=\"wp-image-157\" srcset=\"https:\/\/www.unioviedo.es\/epidemia\/wp-content\/uploads\/2020\/12\/Alvaro.jpg 305w, https:\/\/www.unioviedo.es\/epidemia\/wp-content\/uploads\/2020\/12\/Alvaro-300x275.jpg 300w\" sizes=\"auto, (max-width: 305px) 100vw, 305px\" \/><\/figure><\/div>\n\n\n\n<p class=\"has-drop-cap\" style=\"font-size:15px\">Licenciado en Historia (Especialidad en Historia Medieval) por la Universidad Complutense de Madrid en 2010. Gracias a una beca predoctoral del programa FPU alcanz\u00f3 en 2015 el grado de Doctor por la Universidad de Oviedo, obteniendo el Premio Extraordinario de Doctorado 2015-16. En esta \u00faltima es en la actualidad profesor sustituto en el \u00c1rea de Historia Medieval del Departamento de Historia.<\/p>\n\n\n\n<p style=\"font-size:15px\">Entre sus intereses investigadores figura el estudio de la organizaci\u00f3n social del espacio desde diversas perspectivas \u2014singularmente a trav\u00e9s del estudio de las sociedades urbanas y el papel de los monasterios en los siglos medievales, con especial atenci\u00f3n a los casos de la periferia peninsular septentrional\u2014; as\u00ed como una segunda l\u00ednea de investigaci\u00f3n centrada en el estudio de los discursos ideol\u00f3gicos del poder en la Alta Edad Media del noroeste peninsular, con especial predilecci\u00f3n por el caso del Reino de Asturias y el proceso de elaboraci\u00f3n de su relato hist\u00f3rico. Pueden se\u00f1alarse trabajos suyos como \u201cLa ideolog\u00eda del Reino de Asturias a trav\u00e9s de sus <em>Cr\u00f3nicas<\/em>\u201d (2009), <em>De Maliayo a Villaviciosa. Un territorio de la Marina centro-oriental de Asturias en la Edad Media<\/em> (2016), \u201cLa construcci\u00f3n de una memoria del linaje regio. La noci\u00f3n de pante\u00f3n din\u00e1stico de la dinast\u00eda asturleonesa (ss. IX-XI)\u201d (2017), <em>Las reinas de la Monarqu\u00eda Asturiana y su tiempo (710-925) <\/em>(2018) o \u201c<em>Extra Archam<\/em>: santa Eulalia en Oviedo. Viajes de reliquias, <em>thesaurum<\/em> y legitimaci\u00f3n del poder\u201d (2020). Desde el a\u00f1o 2018 forma parte del grupo de investigaci\u00f3n \u201cDem\u00e9ter. Maternidad, G\u00e9nero y Familia\u201d, coordinado por la profesora Rosa Mar\u00eda Cid L\u00f3pez; y en la actualidad participa en el proyecto \u201cEl ejercicio del poder en la Edad Media: espacios, agentes y escrituras (siglos XI-XV)\u201d (HAR2017-84718-P) dirigido por Carlos M. Reglero de la Fuente (U. Valladolid).<\/p>\n\n\n\n<hr class=\"wp-block-separator is-style-wide\"\/>\n\n\n\n<p class=\"has-text-align-center\" style=\"font-size:15px\">P\u00e1gina del Departamento de Historia: <\/p>\n\n\n\n<p class=\"has-text-align-center\" style=\"font-size:15px\"><a href=\"https:\/\/historia.uniovi.es\/pdi\/-\/asset_publisher\/5ZkG\/content\/solano-fernandez-sordo-alvaro?redirect=%2Fpdi\">https:\/\/historia.uniovi.es\/pdi\/-\/asset_publisher\/5ZkG\/content\/solano-fernandez-sordo-alvaro?redirect=%2Fpdi<\/a><\/p>\n\n\n\n<p class=\"has-text-align-center\" style=\"font-size:15px\">P\u00e1gina de Academia.edu: <a href=\"https:\/\/uniovi.academia.edu\/alvarosolanofernandezsordo\">https:\/\/uniovi.academia.edu\/alvarosolanofernandezsordo<\/a><\/p>\n\n\n\n<p class=\"has-text-align-center\" style=\"font-size:15px\">N\u00famero ORCID: <a href=\"https:\/\/orcid.org\/0000-0001-9788-7565\">https:\/\/orcid.org\/0000-0001-9788-7565<\/a><\/p>\n\n\n\n<p class=\"has-text-align-center\" style=\"font-size:15px\">P\u00e1gina de Researchgate: <a href=\"https:\/\/www.researchgate.net\/profile\/Alvaro_Solano_Fernandez-Sordo\">https:\/\/www.researchgate.net\/profile\/Alvaro_Solano_Fernandez-Sordo<\/a><\/p>\n\n\n\n<p class=\"has-text-align-center\" style=\"font-size:15px\">P\u00e1gina de Google Acad\u00e9mico: <a href=\"https:\/\/scholar.google.es\/citations?hl=es&amp;pli=1&amp;user=FupKe2cAAAAJ\">https:\/\/scholar.google.es\/citations?hl=es&amp;pli=1&amp;user=FupKe2cAAAAJ<\/a><\/p>\n","protected":false},"excerpt":{"rendered":"<p>(Departamento de Historia. \u00c1rea de Historia Medieval) Licenciado en Historia (Especialidad en Historia Medieval) por la Universidad Complutense de Madrid en 2010. Gracias a una beca predoctoral del programa FPU alcanz\u00f3 en 2015 el grado de Doctor por la Universidad de Oviedo, obteniendo el Premio Extraordinario de Doctorado 2015-16. En esta \u00faltima es en la [&hellip;]<\/p>\n","protected":false},"author":1,"featured_media":0,"parent":5,"menu_order":0,"comment_status":"closed","ping_status":"closed","template":"","meta":{"footnotes":""},"class_list":["post-156","page","type-page","status-publish","hentry","entry"],"_links":{"self":[{"href":"https:\/\/www.unioviedo.es\/epidemia\/index.php\/wp-json\/wp\/v2\/pages\/156","targetHints":{"allow":["GET"]}}],"collection":[{"href":"https:\/\/www.unioviedo.es\/epidemia\/index.php\/wp-json\/wp\/v2\/pages"}],"about":[{"href":"https:\/\/www.unioviedo.es\/epidemia\/index.php\/wp-json\/wp\/v2\/types\/page"}],"author":[{"embeddable":true,"href":"https:\/\/www.unioviedo.es\/epidemia\/index.php\/wp-json\/wp\/v2\/users\/1"}],"replies":[{"embeddable":true,"href":"https:\/\/www.unioviedo.es\/epidemia\/index.php\/wp-json\/wp\/v2\/comments?post=156"}],"version-history":[{"count":3,"href":"https:\/\/www.unioviedo.es\/epidemia\/index.php\/wp-json\/wp\/v2\/pages\/156\/revisions"}],"predecessor-version":[{"id":355,"href":"https:\/\/www.unioviedo.es\/epidemia\/index.php\/wp-json\/wp\/v2\/pages\/156\/revisions\/355"}],"up":[{"embeddable":true,"href":"https:\/\/www.unioviedo.es\/epidemia\/index.php\/wp-json\/wp\/v2\/pages\/5"}],"wp:attachment":[{"href":"https:\/\/www.unioviedo.es\/epidemia\/index.php\/wp-json\/wp\/v2\/media?parent=156"}],"curies":[{"name":"wp","href":"https:\/\/api.w.org\/{rel}","templated":true}]}}