{"id":162,"date":"2020-12-07T19:45:13","date_gmt":"2020-12-07T18:45:13","guid":{"rendered":"https:\/\/www.unioviedo.es\/epidemia\/?page_id=162"},"modified":"2020-12-17T12:41:56","modified_gmt":"2020-12-17T11:41:56","slug":"carla-rubiera-cancelas","status":"publish","type":"page","link":"https:\/\/www.unioviedo.es\/epidemia\/index.php\/acerca-de\/carla-rubiera-cancelas\/","title":{"rendered":"Carla Rubiera Cancelas"},"content":{"rendered":"\n<p style=\"font-size:20px\"><strong>(Departamento de Historia. \u00c1rea de Historia Antigua)<\/strong><\/p>\n\n\n\n<div class=\"wp-block-image\"><figure class=\"aligncenter size-large\"><img loading=\"lazy\" decoding=\"async\" width=\"306\" height=\"287\" src=\"https:\/\/www.unioviedo.es\/epidemia\/wp-content\/uploads\/2020\/12\/Carla.jpg\" alt=\"\" class=\"wp-image-163\" srcset=\"https:\/\/www.unioviedo.es\/epidemia\/wp-content\/uploads\/2020\/12\/Carla.jpg 306w, https:\/\/www.unioviedo.es\/epidemia\/wp-content\/uploads\/2020\/12\/Carla-300x281.jpg 300w\" sizes=\"auto, (max-width: 306px) 100vw, 306px\" \/><\/figure><\/div>\n\n\n\n<p class=\"has-drop-cap\" style=\"font-size:15px\">Licenciada por la Universidad de Oviedo en 2008 y con M\u00e1ster Erasmus Mundus en Estudios de Mujeres y de G\u00e9nero (Universidad de Oviedo\/Universidad de Bolonia), obtuvo en el a\u00f1o 2009 una beca predoctoral de la Fundaci\u00f3n para el Fomento en Asturias de la Investigaci\u00f3n Cient\u00edfica Aplicada y Tecnolog\u00eda (programa Severo Ochoa) para la realizaci\u00f3n de su Tesis Doctoral, dedicada a la esclavitud femenina en la sociedad romana antigua y que le vali\u00f3 el grado de Doctora con Menci\u00f3n Internacional en el a\u00f1o 2014, as\u00ed como el Premio Extraordinario de Doctorado. Durante los a\u00f1os 2014 a 2016 disfrut\u00f3 de una beca postdoctoral en la Universidad de Edimburgo, donde continu\u00f3 con sus labores de investigaci\u00f3n; entre los a\u00f1os 2018 a 2019 disfrut\u00f3 de un contrato postdoctoral en la Universidad de Oviedo. Desde octubre de ese \u00faltimo a\u00f1o forma parte del personal docente e investigador del Departamento de Historia de la Universidad de Oviedo en la categor\u00eda de Profesora Ayudante Doctora. Desde el a\u00f1o 2014 es integrante del grupo de investigaci\u00f3n \u201cDem\u00e9ter. Maternidad, G\u00e9nero y Familia\u201d, coordinado por la profesora Rosa Mar\u00eda Cid L\u00f3pez y, en la actualidad participa en el proyecto \u201cMaternidades, filiaciones y sentimientos en las sociedades griega y romana de la Antig\u00fcedad. Familias alternativas y otras relaciones de parentesco fuera de la norma\u201d (HAR2017-82521-P). Tambi\u00e9n forma parte del proyecto \u201cPastwomen: Mujeres y g\u00e9nero en las sociedades prehist\u00f3ricas y antiguas, de la investigaci\u00f3n a la educaci\u00f3n\u201d (RED2018-102526-T), coordinado por Paloma Gonz\u00e1lez Marc\u00e9n.<\/p>\n\n\n\n<hr class=\"wp-block-separator is-style-wide\"\/>\n\n\n\n<p class=\"has-text-align-center\" style=\"font-size:15px\">P\u00e1gina del Departamento de Historia: <a href=\"https:\/\/historia.uniovi.es\/pdi\/-\/asset_publisher\/5ZkG\/content\/rubiera-cancelas-carla-2?redirect=%2Fpdi\">https:\/\/historia.uniovi.es\/pdi\/-\/asset_publisher\/5ZkG\/content\/rubiera-cancelas-carla-2?redirect=%2Fpdi<\/a><\/p>\n\n\n\n<p class=\"has-text-align-center\" style=\"font-size:15px\">P\u00e1gina de Academia.edu: <a href=\"https:\/\/uniovi.academia.edu\/CarlaRubieraCancelas\">https:\/\/uniovi.academia.edu\/CarlaRubieraCancelas<\/a><\/p>\n\n\n\n<p class=\"has-text-align-center\" style=\"font-size:15px\">N\u00famero Orcid: <a href=\"https:\/\/orcid.org\/0000-0002-1209-8100\">https:\/\/orcid.org\/0000-0002-1209-8100<\/a><\/p>\n\n\n\n<p class=\"has-text-align-center\" style=\"font-size:15px\">P\u00e1gina de Researchgate: <a href=\"https:\/\/www.researchgate.net\/profile\/Carla_Rubiera_Cancelas\">https:\/\/www.researchgate.net\/profile\/Carla_Rubiera_Cancelas<\/a><\/p>\n\n\n\n<p class=\"has-text-align-center\" style=\"font-size:15px\">P\u00e1gina de Google Acad\u00e9mico: <a href=\"https:\/\/scholar.google.es\/citations?user=9NKVeKIAAAAJ&amp;hl=es \">https:\/\/scholar.google.es\/citations?user=9NKVeKIAAAAJ&amp;hl=es <\/a><\/p>\n","protected":false},"excerpt":{"rendered":"<p>(Departamento de Historia. \u00c1rea de Historia Antigua) Licenciada por la Universidad de Oviedo en 2008 y con M\u00e1ster Erasmus Mundus en Estudios de Mujeres y de G\u00e9nero (Universidad de Oviedo\/Universidad de Bolonia), obtuvo en el a\u00f1o 2009 una beca predoctoral de la Fundaci\u00f3n para el Fomento en Asturias de la Investigaci\u00f3n Cient\u00edfica Aplicada y Tecnolog\u00eda [&hellip;]<\/p>\n","protected":false},"author":1,"featured_media":0,"parent":5,"menu_order":0,"comment_status":"closed","ping_status":"closed","template":"","meta":{"footnotes":""},"class_list":["post-162","page","type-page","status-publish","hentry","entry"],"_links":{"self":[{"href":"https:\/\/www.unioviedo.es\/epidemia\/index.php\/wp-json\/wp\/v2\/pages\/162","targetHints":{"allow":["GET"]}}],"collection":[{"href":"https:\/\/www.unioviedo.es\/epidemia\/index.php\/wp-json\/wp\/v2\/pages"}],"about":[{"href":"https:\/\/www.unioviedo.es\/epidemia\/index.php\/wp-json\/wp\/v2\/types\/page"}],"author":[{"embeddable":true,"href":"https:\/\/www.unioviedo.es\/epidemia\/index.php\/wp-json\/wp\/v2\/users\/1"}],"replies":[{"embeddable":true,"href":"https:\/\/www.unioviedo.es\/epidemia\/index.php\/wp-json\/wp\/v2\/comments?post=162"}],"version-history":[{"count":3,"href":"https:\/\/www.unioviedo.es\/epidemia\/index.php\/wp-json\/wp\/v2\/pages\/162\/revisions"}],"predecessor-version":[{"id":356,"href":"https:\/\/www.unioviedo.es\/epidemia\/index.php\/wp-json\/wp\/v2\/pages\/162\/revisions\/356"}],"up":[{"embeddable":true,"href":"https:\/\/www.unioviedo.es\/epidemia\/index.php\/wp-json\/wp\/v2\/pages\/5"}],"wp:attachment":[{"href":"https:\/\/www.unioviedo.es\/epidemia\/index.php\/wp-json\/wp\/v2\/media?parent=162"}],"curies":[{"name":"wp","href":"https:\/\/api.w.org\/{rel}","templated":true}]}}