{"id":171,"date":"2020-12-07T19:52:04","date_gmt":"2020-12-07T18:52:04","guid":{"rendered":"https:\/\/www.unioviedo.es\/epidemia\/?page_id=171"},"modified":"2020-12-17T12:42:45","modified_gmt":"2020-12-17T11:42:45","slug":"fernando-manzano-ledesma","status":"publish","type":"page","link":"https:\/\/www.unioviedo.es\/epidemia\/index.php\/fernando-manzano-ledesma\/","title":{"rendered":"Fernando Manzano Ledesma"},"content":{"rendered":"\n<p style=\"font-size:20px\"><strong><strong>(Departamento de Historia<\/strong>. \u00c1rea de Historia Moderna)<\/strong><\/p>\n\n\n\n<div class=\"wp-block-image\"><figure class=\"aligncenter size-large\"><img loading=\"lazy\" decoding=\"async\" width=\"236\" height=\"435\" src=\"https:\/\/www.unioviedo.es\/epidemia\/wp-content\/uploads\/2020\/12\/Fernando-Manzano.jpg\" alt=\"\" class=\"wp-image-172\" srcset=\"https:\/\/www.unioviedo.es\/epidemia\/wp-content\/uploads\/2020\/12\/Fernando-Manzano.jpg 236w, https:\/\/www.unioviedo.es\/epidemia\/wp-content\/uploads\/2020\/12\/Fernando-Manzano-163x300.jpg 163w\" sizes=\"auto, (max-width: 236px) 100vw, 236px\" \/><\/figure><\/div>\n\n\n\n<p class=\"has-drop-cap\" style=\"font-size:15px\">En la \u00faltima d\u00e9cada mis l\u00edneas de investigaci\u00f3n puedo circunscribirlas a cuatro tem\u00e1ticas generales: historia del asociacionismo religioso en la edad moderna espa\u00f1ola, estudios sobre la hacienda borb\u00f3nica, historia social de la nobleza e historia social de la familia. Mi tesina de licenciatura cristaliz\u00f3 en el libro Un escuadr\u00f3n de muchos bien ordenados y compuestos. Las cofrad\u00edas benaventanas en la edad moderna y, posteriormente, y dentro de esta misma tem\u00e1tica he publicado una serie de art\u00edculos sobre sociabilidad religiosa en el Antiguo R\u00e9gimen, de entre los que puedo destacar el trabajo que vio la luz en Studia Historica. Historia Moderna titulado \u201cLa religiosidad popular de los vallisoletanos en el siglo XVIII: el informe sobre las cofrad\u00edas de la provincia de Valladolid de 1773\u201d. En cuanto mis investigaciones acerca de la hacienda borb\u00f3nica, me he centrado en el estudio del Catastro del Marqu\u00e9s de la Ensenada. He trabajado esta fuente documental en dos de mis libros (Benavente. 1752 y Las respuestas generales del catastro de Ensenada del Principado de Asturias) y he sido coordinador y editor de un tercero de reciente aparici\u00f3n: Las respuestas generales del catastro de Ensenada de la tierra de Benavente.<\/p>\n\n\n\n<p style=\"font-size:15px\">Asimismo, particip\u00e9 en el proyecto Nobilitas, patrocinado por la Fundaci\u00f3n S\u00e9neca y la Universidad de Murcia, centrado en el estudio de la nobleza espa\u00f1ola y europea durante la edad moderna. Este proyecto culmin\u00f3 en el libro Nobilitas. Estudios sobre la nobleza y lo nobiliario en la Europa Moderna, publicado en 2015, y en el que particip\u00e9 con un cap\u00edtulo dedicado a la baja nobleza asturiana.<\/p>\n\n\n\n<p style=\"font-size:15px\">Finalmente, los \u00faltimos ochos a\u00f1os he estado engastado en el cuadro investigador de una serie de proyectos del Programa Estatal de I+D+, cuyos investigadores principales son los catedr\u00e1ticos de la Universidad de Murcia Francisco Chac\u00f3n Jim\u00e9nez y Juan Hern\u00e1ndez Franco. Desde la perspectiva de la historia social de la familia, mis contribuciones han estado encaminadas al estudio y an\u00e1lisis de los matrimonios entre parientes en una horquilla cronol\u00f3gica que abarca desde 1650 hasta 1900. El territorio objeto de estudio en estos \u00faltimos a\u00f1os han sido las provincias de Le\u00f3n y Zamora y el Principado de Asturias.<\/p>\n\n\n\n<hr class=\"wp-block-separator is-style-wide\"\/>\n","protected":false},"excerpt":{"rendered":"<p>(Departamento de Historia. \u00c1rea de Historia Moderna) En la \u00faltima d\u00e9cada mis l\u00edneas de investigaci\u00f3n puedo circunscribirlas a cuatro tem\u00e1ticas generales: historia del asociacionismo religioso en la edad moderna espa\u00f1ola, estudios sobre la hacienda borb\u00f3nica, historia social de la nobleza e historia social de la familia. Mi tesina de licenciatura cristaliz\u00f3 en el libro Un [&hellip;]<\/p>\n","protected":false},"author":1,"featured_media":0,"parent":0,"menu_order":0,"comment_status":"closed","ping_status":"closed","template":"","meta":{"footnotes":""},"class_list":["post-171","page","type-page","status-publish","hentry","entry"],"_links":{"self":[{"href":"https:\/\/www.unioviedo.es\/epidemia\/index.php\/wp-json\/wp\/v2\/pages\/171","targetHints":{"allow":["GET"]}}],"collection":[{"href":"https:\/\/www.unioviedo.es\/epidemia\/index.php\/wp-json\/wp\/v2\/pages"}],"about":[{"href":"https:\/\/www.unioviedo.es\/epidemia\/index.php\/wp-json\/wp\/v2\/types\/page"}],"author":[{"embeddable":true,"href":"https:\/\/www.unioviedo.es\/epidemia\/index.php\/wp-json\/wp\/v2\/users\/1"}],"replies":[{"embeddable":true,"href":"https:\/\/www.unioviedo.es\/epidemia\/index.php\/wp-json\/wp\/v2\/comments?post=171"}],"version-history":[{"count":3,"href":"https:\/\/www.unioviedo.es\/epidemia\/index.php\/wp-json\/wp\/v2\/pages\/171\/revisions"}],"predecessor-version":[{"id":358,"href":"https:\/\/www.unioviedo.es\/epidemia\/index.php\/wp-json\/wp\/v2\/pages\/171\/revisions\/358"}],"wp:attachment":[{"href":"https:\/\/www.unioviedo.es\/epidemia\/index.php\/wp-json\/wp\/v2\/media?parent=171"}],"curies":[{"name":"wp","href":"https:\/\/api.w.org\/{rel}","templated":true}]}}