{"id":177,"date":"2020-12-07T20:04:08","date_gmt":"2020-12-07T19:04:08","guid":{"rendered":"https:\/\/www.unioviedo.es\/epidemia\/?page_id=177"},"modified":"2020-12-17T12:43:22","modified_gmt":"2020-12-17T11:43:22","slug":"fernando-rodriguez-del-cueto","status":"publish","type":"page","link":"https:\/\/www.unioviedo.es\/epidemia\/index.php\/fernando-rodriguez-del-cueto\/","title":{"rendered":"Fernando Rodr\u00edguez del Cueto"},"content":{"rendered":"\n<p style=\"font-size:20px\"><strong>(Departamento de Historia. \u00c1rea de Prehistoria)<\/strong><\/p>\n\n\n\n<div class=\"wp-block-image\"><figure class=\"aligncenter size-large is-resized\"><img loading=\"lazy\" decoding=\"async\" src=\"https:\/\/www.unioviedo.es\/epidemia\/wp-content\/uploads\/2020\/12\/frc.jpg\" alt=\"\" class=\"wp-image-178\" width=\"353\" height=\"249\" srcset=\"https:\/\/www.unioviedo.es\/epidemia\/wp-content\/uploads\/2020\/12\/frc.jpg 343w, https:\/\/www.unioviedo.es\/epidemia\/wp-content\/uploads\/2020\/12\/frc-300x212.jpg 300w\" sizes=\"auto, (max-width: 353px) 100vw, 353px\" \/><\/figure><\/div>\n\n\n\n<p class=\"has-drop-cap\" style=\"font-size:15px\">Licenciado por la Universidad de Oviedo en 2002, con Diploma de Estudios Avanzados en 2004.&nbsp;Como arque\u00f3logo profesional (entre los a\u00f1os 2002 y 2009) ha participado en excavaciones y prospecciones tanto en Asturias, como en otras comunidades de la pen\u00ednsula Ib\u00e9rica (Madrid o Extremadura), e incluso en el extranjero (Escocia, Reino Unido). Entre los a\u00f1os 2009-2013 disfrut\u00f3 de una beca predoctoral <em>Universidad de Oviedo-Banco Santander<\/em>, que le permiti\u00f3 obtener el grado de Doctor en el a\u00f1o 2015. Una estancia de tres meses en la Universidad de Edimburgo y la defensa de su trabajo doctoral en dos idiomas, castellano e ingl\u00e9s, le otorg\u00f3 adem\u00e1s la Menci\u00f3n Internacional. Durante su etapa predoctoral no s\u00f3lo continu\u00f3 con sus trabajos en el castro de Pendia (2003-2013), sino que tambi\u00e9n particip\u00f3 en proyectos de investigaci\u00f3n del \u00e1rea de Prehistoria como el de las Minas del Aramo.&nbsp; Su trabajo doctoral sobre el registro arqueol\u00f3gico del castro de Pendia ha sido recientemente publicado por la editorial&nbsp;<em>British Archaeological Reports<\/em>&nbsp;(International Series). A partir del a\u00f1o 2015 se incorpora como Profesor Asociado al \u00e1rea de Prehistoria de la Universidad de Oviedo y, partir de 2019, en la categor\u00eda de Ayudante Doctor. Desde 2015 dirige, junto con M. A. de Blas Cortina, las iniciativas cient\u00edficas que la Fundaci\u00f3n Vald\u00e9s-Salas ha puesto en marcha vinculadas al estudio de las arquitecturas megal\u00edticas centro-occidentales asturianas. En los \u00faltimos a\u00f1os ha sido autor de un libro, coautor de otro y ha publicado varios art\u00edculos en publicaciones nacionales e internacionales. En total, entre 2012 y 2019 atesora una investigaci\u00f3n que ya ha sido dada a conocer en m\u00e1s de media docena de congresos internacionales. Es miembro de la <em>European Association of Archaeologist<\/em> (EAA) y de la <em>Computer Applications and Quantitative Methods in Archaeology<\/em> (CAA) y, recientemente, se ha incorporado al <em>Hillfort Study Group<\/em> de la Universidad de Oxford. Tambi\u00e9n forma parte, desde 2018, del <em>Grupo Dem\u00e9ter. Maternidad, G\u00e9nero y Familia<\/em> (acreditado ANEP: GR2014-0008) de la Universidad de Oviedo y coordinado por Rosa M. Cid L\u00f3pez.<\/p>\n\n\n\n<hr class=\"wp-block-separator is-style-wide\"\/>\n\n\n\n<p class=\"has-text-align-center\" style=\"font-size:15px\">P\u00e1gina del Departamento de Historia: <\/p>\n\n\n\n<p class=\"has-text-align-center\" style=\"font-size:15px\"><a href=\"https:\/\/historia.uniovi.es\/pdi\/-\/asset_publisher\/5ZkG\/content\/rodriguez-del-cueto-fernando;jsessionid=3960052974048A37368CE941F2F5609E?redirect=%2Fpdi\">https:\/\/historia.uniovi.es\/pdi\/-\/asset_publisher\/5ZkG\/content\/rodriguez-del-cueto-fernando;jsessionid=3960052974048A37368CE941F2F5609E?redirect=%2Fpdi<\/a><\/p>\n\n\n\n<p class=\"has-text-align-center\" style=\"font-size:15px\">P\u00e1gina de Academia.edu: <a href=\"https:\/\/uniovi.academia.edu\/FernandoRodr%C3%ADguezdelCueto\">https:\/\/uniovi.academia.edu\/FernandoRodr%C3%ADguezdelCueto<\/a><\/p>\n\n\n\n<p class=\"has-text-align-center\" style=\"font-size:15px\">P\u00e1gina de Researchgate: <a href=\"https:\/\/www.researchgate.net\/profile\/Fernando_Del_Cueto\">https:\/\/www.researchgate.net\/profile\/Fernando_Del_Cueto<\/a><\/p>\n\n\n\n<p class=\"has-text-align-center\" style=\"font-size:15px\">P\u00e1gina de Google Acad\u00e9mico: <a href=\"https:\/\/scholar.google.es\/citations?hl=es&amp;imq=Fernando+Rodr%C3%ADguez+del+Cueto&amp;user=4bT5SqkAAAAJ\">https:\/\/scholar.google.es\/citations?hl=es&amp;imq=Fernando+Rodr%C3%ADguez+del+Cueto&amp;user=4bT5SqkAAAAJ<\/a><\/p>\n\n\n\n<p class=\"has-text-align-center\" style=\"font-size:15px\">N\u00famero Orcid: <a href=\"https:\/\/orcid.org\/0000-0002-2721-7221\">https:\/\/orcid.org\/0000-0002-2721-7221<\/a><\/p>\n","protected":false},"excerpt":{"rendered":"<p>(Departamento de Historia. \u00c1rea de Prehistoria) Licenciado por la Universidad de Oviedo en 2002, con Diploma de Estudios Avanzados en 2004.&nbsp;Como arque\u00f3logo profesional (entre los a\u00f1os 2002 y 2009) ha participado en excavaciones y prospecciones tanto en Asturias, como en otras comunidades de la pen\u00ednsula Ib\u00e9rica (Madrid o Extremadura), e incluso en el extranjero (Escocia, [&hellip;]<\/p>\n","protected":false},"author":1,"featured_media":0,"parent":0,"menu_order":0,"comment_status":"closed","ping_status":"closed","template":"","meta":{"footnotes":""},"class_list":["post-177","page","type-page","status-publish","hentry","entry"],"_links":{"self":[{"href":"https:\/\/www.unioviedo.es\/epidemia\/index.php\/wp-json\/wp\/v2\/pages\/177","targetHints":{"allow":["GET"]}}],"collection":[{"href":"https:\/\/www.unioviedo.es\/epidemia\/index.php\/wp-json\/wp\/v2\/pages"}],"about":[{"href":"https:\/\/www.unioviedo.es\/epidemia\/index.php\/wp-json\/wp\/v2\/types\/page"}],"author":[{"embeddable":true,"href":"https:\/\/www.unioviedo.es\/epidemia\/index.php\/wp-json\/wp\/v2\/users\/1"}],"replies":[{"embeddable":true,"href":"https:\/\/www.unioviedo.es\/epidemia\/index.php\/wp-json\/wp\/v2\/comments?post=177"}],"version-history":[{"count":5,"href":"https:\/\/www.unioviedo.es\/epidemia\/index.php\/wp-json\/wp\/v2\/pages\/177\/revisions"}],"predecessor-version":[{"id":359,"href":"https:\/\/www.unioviedo.es\/epidemia\/index.php\/wp-json\/wp\/v2\/pages\/177\/revisions\/359"}],"wp:attachment":[{"href":"https:\/\/www.unioviedo.es\/epidemia\/index.php\/wp-json\/wp\/v2\/media?parent=177"}],"curies":[{"name":"wp","href":"https:\/\/api.w.org\/{rel}","templated":true}]}}