{"id":181,"date":"2020-12-07T20:06:41","date_gmt":"2020-12-07T19:06:41","guid":{"rendered":"https:\/\/www.unioviedo.es\/epidemia\/?page_id=181"},"modified":"2020-12-17T12:44:06","modified_gmt":"2020-12-17T11:44:06","slug":"guillermo-fernandez-ortiz","status":"publish","type":"page","link":"https:\/\/www.unioviedo.es\/epidemia\/index.php\/guillermo-fernandez-ortiz\/","title":{"rendered":"Guillermo Fern\u00e1ndez Ortiz"},"content":{"rendered":"\n<p style=\"font-size:20px\">(Departamento de Historia. \u00c1rea de Ciencias y T\u00e9cnicas Historiogr\u00e1ficas)<\/p>\n\n\n\n<div class=\"wp-block-image\"><figure class=\"aligncenter size-large\"><img loading=\"lazy\" decoding=\"async\" width=\"335\" height=\"251\" src=\"https:\/\/www.unioviedo.es\/epidemia\/wp-content\/uploads\/2020\/12\/Guillermo.jpg\" alt=\"\" class=\"wp-image-182\" srcset=\"https:\/\/www.unioviedo.es\/epidemia\/wp-content\/uploads\/2020\/12\/Guillermo.jpg 335w, https:\/\/www.unioviedo.es\/epidemia\/wp-content\/uploads\/2020\/12\/Guillermo-300x225.jpg 300w\" sizes=\"auto, (max-width: 335px) 100vw, 335px\" \/><\/figure><\/div>\n\n\n\n<p class=\"has-drop-cap\" style=\"font-size:15px\">Guillermo Fern\u00e1ndez Ortiz (Vega de Anzo, Grado) es Licenciado (2012) y Doctor en Historia por la Universidad de Oviedo (2017), con una tesis, dirigida por M.\u00aa Josefa Sanz Fuentes, que tuvo por objeto de estudio el archivo del monasterio cisterciense de Santa Mar\u00eda de Belmonte. Ha participado en la <em>Misi\u00f3n Arqueol\u00f3gica<\/em> en Jordania, bajo la direcci\u00f3n Juan A. Fern\u00e1ndez-Tresguerres (2009), y ha realizado pr\u00e1cticas de archivo y biblioteca en el Real Instituto de Estudios Asturianos (2011). Ha sido becario del Programa \u00abSevero Ochoa\u00bb para la formaci\u00f3n en investigaci\u00f3n y docencia del Principado de Asturias (2013-2017) y actualmente es Profesor Ayudante Doctor en el \u00c1rea de Paleograf\u00eda y Diplom\u00e1tica de la Universidad de Oviedo.<\/p>\n\n\n\n<p style=\"font-size:15px\">Es miembro del Grupo de Investigaci\u00f3n DocuLab y forma parte del Equipo del Proyecto I+D <em>Notariado y construcci\u00f3n social de la realidad. Hacia una codificaci\u00f3n del documento notarial (PGC2018-093495-B-I00)<\/em>, financiado por FEDER \/ Ministerio de Ciencia e Innovaci\u00f3n \/ Agencia Estatal de Investigaci\u00f3n, dirigido por Pilar Ostos Salcedo y Miguel Calleja Puerta.<\/p>\n\n\n\n<p style=\"font-size:15px\">Sus investigaciones se centran en el estudio de la implantaci\u00f3n y actividad del notariado p\u00fablico en las Edades Media y Moderna as\u00ed como en el an\u00e1lisis de las pr\u00e1cticas documentales y archiv\u00edsticas del clero regular y secular en los siglos del Antiguo R\u00e9gimen, materias de las que ha realizado varias publicaciones. Sobre las epidemias en la Asturias medieval ha escrito \u00abContribuci\u00f3n al mapa de establecimientos ben\u00e9fico-asistenciales en Asturias durante la Edad Media. La malater\u00eda de Ambasmestas-La Abedul, en el concejo de Miranda\u00bb, publicado en el <em>Bolet\u00edn de Letras del Real Instituto de Estudios Asturianos<\/em>, n.\u00ba 181-182 (2013).<\/p>\n\n\n\n<hr class=\"wp-block-separator is-style-wide\"\/>\n\n\n\n<p><\/p>\n","protected":false},"excerpt":{"rendered":"<p>(Departamento de Historia. \u00c1rea de Ciencias y T\u00e9cnicas Historiogr\u00e1ficas) Guillermo Fern\u00e1ndez Ortiz (Vega de Anzo, Grado) es Licenciado (2012) y Doctor en Historia por la Universidad de Oviedo (2017), con una tesis, dirigida por M.\u00aa Josefa Sanz Fuentes, que tuvo por objeto de estudio el archivo del monasterio cisterciense de Santa Mar\u00eda de Belmonte. Ha [&hellip;]<\/p>\n","protected":false},"author":1,"featured_media":0,"parent":0,"menu_order":0,"comment_status":"closed","ping_status":"closed","template":"","meta":{"footnotes":""},"class_list":["post-181","page","type-page","status-publish","hentry","entry"],"_links":{"self":[{"href":"https:\/\/www.unioviedo.es\/epidemia\/index.php\/wp-json\/wp\/v2\/pages\/181","targetHints":{"allow":["GET"]}}],"collection":[{"href":"https:\/\/www.unioviedo.es\/epidemia\/index.php\/wp-json\/wp\/v2\/pages"}],"about":[{"href":"https:\/\/www.unioviedo.es\/epidemia\/index.php\/wp-json\/wp\/v2\/types\/page"}],"author":[{"embeddable":true,"href":"https:\/\/www.unioviedo.es\/epidemia\/index.php\/wp-json\/wp\/v2\/users\/1"}],"replies":[{"embeddable":true,"href":"https:\/\/www.unioviedo.es\/epidemia\/index.php\/wp-json\/wp\/v2\/comments?post=181"}],"version-history":[{"count":3,"href":"https:\/\/www.unioviedo.es\/epidemia\/index.php\/wp-json\/wp\/v2\/pages\/181\/revisions"}],"predecessor-version":[{"id":360,"href":"https:\/\/www.unioviedo.es\/epidemia\/index.php\/wp-json\/wp\/v2\/pages\/181\/revisions\/360"}],"wp:attachment":[{"href":"https:\/\/www.unioviedo.es\/epidemia\/index.php\/wp-json\/wp\/v2\/media?parent=181"}],"curies":[{"name":"wp","href":"https:\/\/api.w.org\/{rel}","templated":true}]}}