{"id":185,"date":"2020-12-07T20:13:47","date_gmt":"2020-12-07T19:13:47","guid":{"rendered":"https:\/\/www.unioviedo.es\/epidemia\/?page_id=185"},"modified":"2020-12-17T12:44:41","modified_gmt":"2020-12-17T11:44:41","slug":"jose-avelino-gutierrez-gonzalez","status":"publish","type":"page","link":"https:\/\/www.unioviedo.es\/epidemia\/index.php\/jose-avelino-gutierrez-gonzalez\/","title":{"rendered":"Jos\u00e9 Avelino Guti\u00e9rrez Gonz\u00e1lez"},"content":{"rendered":"\n<p style=\"font-size:20px\">(Departamento de Historia. \u00c1rea de Arqueolog\u00eda)<\/p>\n\n\n\n<div class=\"wp-block-image\"><figure class=\"aligncenter size-large\"><img loading=\"lazy\" decoding=\"async\" width=\"289\" height=\"280\" src=\"https:\/\/www.unioviedo.es\/epidemia\/wp-content\/uploads\/2020\/12\/Avelino.jpg\" alt=\"\" class=\"wp-image-186\"\/><\/figure><\/div>\n\n\n\n<p class=\"has-drop-cap\" style=\"font-size:15px\">Jos\u00e9 Avelino Guti\u00e9rrez Gonz\u00e1lez es Catedr\u00e1tico de Arqueolog\u00eda de la Universidad de Oviedo y director del <em>Grupo de investigaci\u00f3n en Arqueolog\u00eda Antigua y Medieval<\/em> de la Universidad de Oviedo, especializado en la arqueolog\u00eda antigua y medieval del norte peninsular.<\/p>\n\n\n\n<p style=\"font-size:15px\">En esa l\u00ednea ha dirigido diversos proyectos de investigaci\u00f3n I+D sobre poblaci\u00f3n y estudios territoriales medievales. Ha llevado a cabo m\u00faltiples investigaciones arqueol\u00f3gicas sobre ciudades y urbanismo, castillos, poblados, producci\u00f3n y cultura material del norte peninsular en \u00e9poca medieval. Como resultado de esas investigaciones ha publicado 8 libros y 100 cap\u00edtulos de libro, ponencias en congresos nacionales e internacionales, y art\u00edculos de investigaci\u00f3n en revistas de historia y arqueolog\u00eda medieval. Es miembro correspondiente del Real Instituto de Estudios Asturianos (RIDEA) y miembro de diversos comit\u00e9s cient\u00edficos nacionales e internacionales de congresos, revistas, academias y organismos de gesti\u00f3n del Patrimonio Hist\u00f3rico.<\/p>\n\n\n\n<hr class=\"wp-block-separator is-style-wide\"\/>\n\n\n\n<p class=\"has-text-align-center\" style=\"font-size:15px\">P\u00e1gina de Academia.edu: <a href=\"http:\/\/uniovi.academia.edu\/Jos%C3%A9AvelinoGuti%C3%A9rrezGonz%C3%A1lez\">http:\/\/uniovi.academia.edu\/Jos%C3%A9AvelinoGuti%C3%A9rrezGonz%C3%A1lez<\/a><\/p>\n\n\n\n<p class=\"has-text-align-center\" style=\"font-size:15px\">P\u00e1gina de Researchgate: <a href=\" http:\/\/www.researchgate.net\/profile\/Jose_Gutierrez_Gonzalez2\"> http:\/\/www.researchgate.net\/profile\/Jose_Gutierrez_Gonzalez2<\/a><\/p>\n\n\n\n<p class=\"has-text-align-center\" style=\"font-size:15px\">P\u00e1gina de Google Acad\u00e9mico: <a href=\"http:\/\/scholar.google.com\/scholar?start=30&amp;q=autor:%22J+A+Guti%C3%A9rrez+Gonz%C3%A1lez%22&amp;hl=es&amp;as_sdt=0,5\">http:\/\/scholar.google.com\/scholar?start=30&amp;q=autor:%22J+A+Guti%C3%A9rrez+Gonz%C3%A1lez%22&amp;hl=es&amp;as_sdt=0,5<\/a><\/p>\n\n\n\n<p class=\"has-text-align-center\" style=\"font-size:15px\">P\u00e1gina de Dialnet: <a href=\"http:\/\/dialnet.unirioja.es\/servlet\/autor?codigo=152913\">http:\/\/dialnet.unirioja.es\/servlet\/autor?codigo=152913<\/a><\/p>\n\n\n\n<p class=\"has-text-align-center\" style=\"font-size:15px\">P\u00e1gina del Grupo Arqueos: <a href=\" https:\/\/arqueos.grupos.uniovi.es\/inicio\"> https:\/\/arqueos.grupos.uniovi.es\/inicio<\/a><\/p>\n","protected":false},"excerpt":{"rendered":"<p>(Departamento de Historia. \u00c1rea de Arqueolog\u00eda) Jos\u00e9 Avelino Guti\u00e9rrez Gonz\u00e1lez es Catedr\u00e1tico de Arqueolog\u00eda de la Universidad de Oviedo y director del Grupo de investigaci\u00f3n en Arqueolog\u00eda Antigua y Medieval de la Universidad de Oviedo, especializado en la arqueolog\u00eda antigua y medieval del norte peninsular. En esa l\u00ednea ha dirigido diversos proyectos de investigaci\u00f3n I+D [&hellip;]<\/p>\n","protected":false},"author":1,"featured_media":0,"parent":0,"menu_order":0,"comment_status":"closed","ping_status":"closed","template":"","meta":{"footnotes":""},"class_list":["post-185","page","type-page","status-publish","hentry","entry"],"_links":{"self":[{"href":"https:\/\/www.unioviedo.es\/epidemia\/index.php\/wp-json\/wp\/v2\/pages\/185","targetHints":{"allow":["GET"]}}],"collection":[{"href":"https:\/\/www.unioviedo.es\/epidemia\/index.php\/wp-json\/wp\/v2\/pages"}],"about":[{"href":"https:\/\/www.unioviedo.es\/epidemia\/index.php\/wp-json\/wp\/v2\/types\/page"}],"author":[{"embeddable":true,"href":"https:\/\/www.unioviedo.es\/epidemia\/index.php\/wp-json\/wp\/v2\/users\/1"}],"replies":[{"embeddable":true,"href":"https:\/\/www.unioviedo.es\/epidemia\/index.php\/wp-json\/wp\/v2\/comments?post=185"}],"version-history":[{"count":3,"href":"https:\/\/www.unioviedo.es\/epidemia\/index.php\/wp-json\/wp\/v2\/pages\/185\/revisions"}],"predecessor-version":[{"id":361,"href":"https:\/\/www.unioviedo.es\/epidemia\/index.php\/wp-json\/wp\/v2\/pages\/185\/revisions\/361"}],"wp:attachment":[{"href":"https:\/\/www.unioviedo.es\/epidemia\/index.php\/wp-json\/wp\/v2\/media?parent=185"}],"curies":[{"name":"wp","href":"https:\/\/api.w.org\/{rel}","templated":true}]}}