{"id":2,"date":"2017-01-27T17:50:12","date_gmt":"2017-01-27T17:50:12","guid":{"rendered":"https:\/\/www.unioviedo.es\/epidemia\/?page_id=2"},"modified":"2022-02-03T14:09:53","modified_gmt":"2022-02-03T13:09:53","slug":"pagina-ejemplo","status":"publish","type":"page","link":"https:\/\/www.unioviedo.es\/epidemia\/index.php\/pagina-ejemplo\/","title":{"rendered":""},"content":{"rendered":"\n<h2 class=\"wp-block-heading\">Art\u00edculos <\/h2>\n\n\n<p style=\"text-align: justify;\">Alejandro\u00a0Garc\u00eda \u00c1lvarez-Busto, \u00c1lvaro Solano Fern\u00e1ndez-Sordo, Carla Rubiera Cancela, El\u00edas Carrocera Fern\u00e1ndez, Fernando Manzano Ledesma, Fernando Rodr\u00edguez del Cueto, Guillermo Fern\u00e1ndez Ortiz, Jos\u00e9 Avelino Guti\u00e9rrez Gonz\u00e1lez, Jos\u00e9 Ignacio San Vicente Gonz\u00e1lez de Aspuru, Juan Carlos Cobo Barqu\u00edn, Juan D\u00edaz \u00c1lvarez, Luis Benito Garc\u00eda \u00c1lvarez, Luis Vicente S\u00e1nchez Fern\u00e1ndez, Marco de la Rasilla Vives, Mar\u00eda \u00c1lvarez Fern\u00e1ndez y Marta Gonz\u00e1lez Herrero (2020): \u00abPand\u00eamon Nos\u00eama. Una revisi\u00f3n historiogr\u00e1fica de c\u00f3mo las sociedades respondieron ante las epidemias a lo largo de la historia\u00bb, <em>Historiograf\u00edas<\/em>, 21 (enero-junio), pp. 6-39.\u00a0<\/p>\n\n\n<figure class=\"wp-block-gallery columns-1 is-cropped wp-block-gallery-1 is-layout-flex wp-block-gallery-is-layout-flex\"><ul class=\"blocks-gallery-grid\"><li class=\"blocks-gallery-item\"><figure><img loading=\"lazy\" decoding=\"async\" width=\"595\" height=\"847\" src=\"https:\/\/www.unioviedo.es\/epidemia\/wp-content\/uploads\/2022\/02\/Pandemon.png\" alt=\"\" data-id=\"382\" data-full-url=\"https:\/\/www.unioviedo.es\/epidemia\/wp-content\/uploads\/2022\/02\/Pandemon.png\" data-link=\"https:\/\/www.unioviedo.es\/epidemia\/index.php\/pagina-ejemplo\/pandemon\/\" class=\"wp-image-382\" srcset=\"https:\/\/www.unioviedo.es\/epidemia\/wp-content\/uploads\/2022\/02\/Pandemon.png 595w, https:\/\/www.unioviedo.es\/epidemia\/wp-content\/uploads\/2022\/02\/Pandemon-211x300.png 211w\" sizes=\"auto, (max-width: 595px) 100vw, 595px\" \/><\/figure><\/li><\/ul><\/figure>\n\n\n\n<div class=\"wp-block-file\"><a href=\"https:\/\/www.unioviedo.es\/epidemia\/wp-content\/uploads\/2022\/02\/Pandemon-Nosema.-Una-revision-historiografica.pdf\">Pandemon-Nosema.-Una-revision-historiografica<\/a><a href=\"https:\/\/www.unioviedo.es\/epidemia\/wp-content\/uploads\/2022\/02\/Pandemon-Nosema.-Una-revision-historiografica.pdf\" class=\"wp-block-file__button\" download>Descarga<\/a><\/div>\n\n\n\n<h2 class=\"wp-block-heading\">Divulgaci\u00f3n-Transferencia<\/h2>\n\n\n<p style=\"text-align: justify;\">Alejandro Garc\u00eda \u00c1lvarez-Busto; \u00c1lvaro Solano Fern\u00e1ndez-Sordo; Carla Rubiera Cancelas; El\u00edas Carrocera Fern\u00e1ndez; Fernando Manzano Ledesma; Fernando Rodr\u00edguez del Cueto; Jos\u00e9 Avelino Guti\u00e9rrez Gonz\u00e1lez; Jos\u00e9 Ignacio San Vicente Gonz\u00e1lez de Aspuru; Juan Carlos Cobo Barqu\u00edn; Juan D\u00edaz \u00c1lvarez; Luis Benito Garc\u00eda \u00c1lvarez; Luis Vicente S\u00e1nchez Fern\u00e1ndez; Marco de la Rasilla Vives; Mar\u00eda \u00c1lvarez Fern\u00e1ndez; Marta Gonz\u00e1lez Herrero: \u00abDe la Peste de Atenas a la Covid-19: lecciones hist\u00f3ricas\u00bb,\u00a0<em>La aventura de la Historia,\u00a0<\/em>n\u00ba\u00a0262, [agosto] 2020, pp. 47-52. ISSN 1579-427X<\/p>\n\n\n<div class=\"wp-block-group\"><div class=\"wp-block-group__inner-container is-layout-flow wp-block-group-is-layout-flow\">\n<div class=\"wp-block-image\"><figure class=\"aligncenter size-large is-resized\"><img loading=\"lazy\" decoding=\"async\" src=\"https:\/\/www.unioviedo.es\/epidemia\/wp-content\/uploads\/2020\/12\/0009-edited-scaled.jpg\" alt=\"\" class=\"wp-image-232\" width=\"276\" height=\"378\"\/><figcaption>Portada de la revista<\/figcaption><\/figure><\/div>\n<\/div><\/div>\n\n\n\n<div class=\"wp-block-image\"><figure class=\"aligncenter size-large is-resized\"><img loading=\"lazy\" decoding=\"async\" src=\"https:\/\/www.unioviedo.es\/epidemia\/wp-content\/uploads\/2020\/12\/0001-741x1024.jpg\" alt=\"\" class=\"wp-image-233\" width=\"278\" height=\"384\" srcset=\"https:\/\/www.unioviedo.es\/epidemia\/wp-content\/uploads\/2020\/12\/0001-741x1024.jpg 741w, https:\/\/www.unioviedo.es\/epidemia\/wp-content\/uploads\/2020\/12\/0001-217x300.jpg 217w, https:\/\/www.unioviedo.es\/epidemia\/wp-content\/uploads\/2020\/12\/0001-768x1061.jpg 768w, https:\/\/www.unioviedo.es\/epidemia\/wp-content\/uploads\/2020\/12\/0001-1112x1536.jpg 1112w, https:\/\/www.unioviedo.es\/epidemia\/wp-content\/uploads\/2020\/12\/0001-1483x2048.jpg 1483w, https:\/\/www.unioviedo.es\/epidemia\/wp-content\/uploads\/2020\/12\/0001-1568x2165.jpg 1568w, https:\/\/www.unioviedo.es\/epidemia\/wp-content\/uploads\/2020\/12\/0001-scaled.jpg 1854w\" sizes=\"auto, (max-width: 278px) 100vw, 278px\" \/><figcaption>Primera p\u00e1gina del art\u00edculo<\/figcaption><\/figure><\/div>\n","protected":false},"excerpt":{"rendered":"<p>Art\u00edculos Alejandro\u00a0Garc\u00eda \u00c1lvarez-Busto, \u00c1lvaro Solano Fern\u00e1ndez-Sordo, Carla Rubiera Cancela, El\u00edas Carrocera Fern\u00e1ndez, Fernando Manzano Ledesma, Fernando Rodr\u00edguez del Cueto, Guillermo Fern\u00e1ndez Ortiz, Jos\u00e9 Avelino Guti\u00e9rrez Gonz\u00e1lez, Jos\u00e9 Ignacio San Vicente Gonz\u00e1lez de Aspuru, Juan Carlos Cobo Barqu\u00edn, Juan D\u00edaz \u00c1lvarez, Luis Benito Garc\u00eda \u00c1lvarez, Luis Vicente S\u00e1nchez Fern\u00e1ndez, Marco de la Rasilla Vives, Mar\u00eda \u00c1lvarez [&hellip;]<\/p>\n","protected":false},"author":1,"featured_media":0,"parent":0,"menu_order":0,"comment_status":"closed","ping_status":"open","template":"","meta":{"footnotes":""},"class_list":["post-2","page","type-page","status-publish","hentry","entry"],"_links":{"self":[{"href":"https:\/\/www.unioviedo.es\/epidemia\/index.php\/wp-json\/wp\/v2\/pages\/2","targetHints":{"allow":["GET"]}}],"collection":[{"href":"https:\/\/www.unioviedo.es\/epidemia\/index.php\/wp-json\/wp\/v2\/pages"}],"about":[{"href":"https:\/\/www.unioviedo.es\/epidemia\/index.php\/wp-json\/wp\/v2\/types\/page"}],"author":[{"embeddable":true,"href":"https:\/\/www.unioviedo.es\/epidemia\/index.php\/wp-json\/wp\/v2\/users\/1"}],"replies":[{"embeddable":true,"href":"https:\/\/www.unioviedo.es\/epidemia\/index.php\/wp-json\/wp\/v2\/comments?post=2"}],"version-history":[{"count":12,"href":"https:\/\/www.unioviedo.es\/epidemia\/index.php\/wp-json\/wp\/v2\/pages\/2\/revisions"}],"predecessor-version":[{"id":394,"href":"https:\/\/www.unioviedo.es\/epidemia\/index.php\/wp-json\/wp\/v2\/pages\/2\/revisions\/394"}],"wp:attachment":[{"href":"https:\/\/www.unioviedo.es\/epidemia\/index.php\/wp-json\/wp\/v2\/media?parent=2"}],"curies":[{"name":"wp","href":"https:\/\/api.w.org\/{rel}","templated":true}]}}