{"id":202,"date":"2020-12-07T20:29:20","date_gmt":"2020-12-07T19:29:20","guid":{"rendered":"https:\/\/www.unioviedo.es\/epidemia\/?page_id=202"},"modified":"2020-12-17T12:47:20","modified_gmt":"2020-12-17T11:47:20","slug":"juan-diaz-alvarez","status":"publish","type":"page","link":"https:\/\/www.unioviedo.es\/epidemia\/index.php\/juan-diaz-alvarez\/","title":{"rendered":"Juan D\u00edaz \u00c1lvarez"},"content":{"rendered":"\n<p style=\"font-size:20px\">(Departamento de Historia. \u00c1rea de Historia Moderna)<\/p>\n\n\n\n<div class=\"wp-block-image\"><figure class=\"aligncenter size-large\"><img loading=\"lazy\" decoding=\"async\" width=\"289\" height=\"261\" src=\"https:\/\/www.unioviedo.es\/epidemia\/wp-content\/uploads\/2020\/12\/Juanin.jpg\" alt=\"\" class=\"wp-image-203\"\/><\/figure><\/div>\n\n\n\n<p class=\"has-drop-cap\" style=\"font-size:15px\">Profesor Ayudante Doctor adscrito al Departamento de Historia (\u00c1rea de Historia Moderna) e Investigador Titular y miembro del Consejo Rector del Instituto Universitario Feijoo de Estudios del Siglo XVIII, en la Universidad de Oviedo.<\/p>\n\n\n\n<p style=\"font-size:15px\">Mis l\u00edneas de investigaci\u00f3n se circunscriben al estudio de las oligarqu\u00edas urbanas asturianas desde una perspectiva sociocultural. En los \u00faltimos a\u00f1os muestro inter\u00e9s por el estudio de las instituciones acad\u00e9micas que favoreci\u00f3 el reformismo borb\u00f3nico, sobre todo, alrededor de la figura de Gaspar Melchor de Jovellanos.<\/p>\n\n\n\n<p style=\"font-size:15px\">Resultados de mi actividad investigadora se reflejan en mi producci\u00f3n editorial, que supera cincuenta aportaciones diseminadas en monograf\u00eda, cap\u00edtulos de libro en obras colectivas, art\u00edculos en revistas cient\u00edficas indexadas y de divulgaci\u00f3n. Entre otras funciones investigadoras, soy co-director de <em>Cuadernos Jovellanistas. De la Ilustraci\u00f3n al Romanticismo<\/em> y miembro del consejo cient\u00edfico de <em>Cuadernos de Estudios del Siglo XVIII<\/em>. La calidad de los resultados cuenta con el reconocimiento de diversos galardones: Premio Extraordinario de Doctorado por la tesis <em>La oligarqu\u00eda urbana en el Oviedo de los Austrias<\/em>; X Premio de Investigaci\u00f3n \u00abPadre Patac\u00bb por la monograf\u00eda: <em>Ascenso de una casa asturiana: los Vigil de Qui\u00f1ones, marqueses de Santa Cruz de Marcenado<\/em> (Oviedo, RIDEA, 2006); XXXII Premio de Investigaci\u00f3n \u00abJuan Ur\u00eda Ri\u00fa\u00bb por el <em>volumen La oligarqu\u00eda urbana ovetense bajo los Austrias: familia, riqueza, honor<\/em>; y XVIII acc\u00e9sit al Premio Internacional Foro Jovellanos por la obra <em>Jovellanos, historiador del arte. (Los albores de la Historia de las Bellas Artes espa\u00f1olas en el \u00abOto\u00f1o\u00bb de la Ilustraci\u00f3n<\/em>.<\/p>\n\n\n\n<hr class=\"wp-block-separator is-style-wide\"\/>\n\n\n\n<p class=\"has-text-align-center\" style=\"font-size:15px\">P\u00e1gina del Departamento de Historia: <a href=\"https:\/\/historia.uniovi.es\/pdi\/-\/asset_publisher\/5ZkG\/content\/diaz-alvarez-juan?redirect=%2Fpdi\">https:\/\/historia.uniovi.es\/pdi\/-\/asset_publisher\/5ZkG\/content\/diaz-alvarez-juan?redirect=%2Fpdi<\/a><\/p>\n\n\n\n<p class=\"has-text-align-center\" style=\"font-size:15px\">P\u00e1gina de Dialnet: <a href=\"https:\/\/dialnet.unirioja.es\/servlet\/autor?codigo=592401\">https:\/\/dialnet.unirioja.es\/servlet\/autor?codigo=592401<\/a><\/p>\n\n\n\n<p class=\"has-text-align-center\" style=\"font-size:15px\">P\u00e1gina de Researchgate: <a href=\"https:\/\/www.researchgate.net\/profile\/Juan_Diaz_Alvarez\">https:\/\/www.researchgate.net\/profile\/Juan_Diaz_Alvarez<\/a><\/p>\n","protected":false},"excerpt":{"rendered":"<p>(Departamento de Historia. \u00c1rea de Historia Moderna) Profesor Ayudante Doctor adscrito al Departamento de Historia (\u00c1rea de Historia Moderna) e Investigador Titular y miembro del Consejo Rector del Instituto Universitario Feijoo de Estudios del Siglo XVIII, en la Universidad de Oviedo. Mis l\u00edneas de investigaci\u00f3n se circunscriben al estudio de las oligarqu\u00edas urbanas asturianas desde [&hellip;]<\/p>\n","protected":false},"author":1,"featured_media":0,"parent":0,"menu_order":0,"comment_status":"closed","ping_status":"closed","template":"","meta":{"footnotes":""},"class_list":["post-202","page","type-page","status-publish","hentry","entry"],"_links":{"self":[{"href":"https:\/\/www.unioviedo.es\/epidemia\/index.php\/wp-json\/wp\/v2\/pages\/202","targetHints":{"allow":["GET"]}}],"collection":[{"href":"https:\/\/www.unioviedo.es\/epidemia\/index.php\/wp-json\/wp\/v2\/pages"}],"about":[{"href":"https:\/\/www.unioviedo.es\/epidemia\/index.php\/wp-json\/wp\/v2\/types\/page"}],"author":[{"embeddable":true,"href":"https:\/\/www.unioviedo.es\/epidemia\/index.php\/wp-json\/wp\/v2\/users\/1"}],"replies":[{"embeddable":true,"href":"https:\/\/www.unioviedo.es\/epidemia\/index.php\/wp-json\/wp\/v2\/comments?post=202"}],"version-history":[{"count":2,"href":"https:\/\/www.unioviedo.es\/epidemia\/index.php\/wp-json\/wp\/v2\/pages\/202\/revisions"}],"predecessor-version":[{"id":364,"href":"https:\/\/www.unioviedo.es\/epidemia\/index.php\/wp-json\/wp\/v2\/pages\/202\/revisions\/364"}],"wp:attachment":[{"href":"https:\/\/www.unioviedo.es\/epidemia\/index.php\/wp-json\/wp\/v2\/media?parent=202"}],"curies":[{"name":"wp","href":"https:\/\/api.w.org\/{rel}","templated":true}]}}