{"id":214,"date":"2020-12-07T20:44:45","date_gmt":"2020-12-07T19:44:45","guid":{"rendered":"https:\/\/www.unioviedo.es\/epidemia\/?page_id=214"},"modified":"2020-12-17T12:55:14","modified_gmt":"2020-12-17T11:55:14","slug":"marco-de-la-rasilla-vives","status":"publish","type":"page","link":"https:\/\/www.unioviedo.es\/epidemia\/index.php\/marco-de-la-rasilla-vives\/","title":{"rendered":"Marco de la Rasilla Vives"},"content":{"rendered":"\n<p style=\"font-size:20px\">(Departamento de Historia. \u00c1rea de Prehistoria)<\/p>\n\n\n\n<div class=\"wp-block-image\"><figure class=\"aligncenter size-large\"><img loading=\"lazy\" decoding=\"async\" width=\"248\" height=\"340\" src=\"https:\/\/www.unioviedo.es\/epidemia\/wp-content\/uploads\/2020\/12\/Marco.jpg\" alt=\"\" class=\"wp-image-215\" srcset=\"https:\/\/www.unioviedo.es\/epidemia\/wp-content\/uploads\/2020\/12\/Marco.jpg 248w, https:\/\/www.unioviedo.es\/epidemia\/wp-content\/uploads\/2020\/12\/Marco-219x300.jpg 219w\" sizes=\"auto, (max-width: 248px) 100vw, 248px\" \/><\/figure><\/div>\n\n\n\n<p class=\"has-drop-cap\" style=\"font-size:15px\">Profesor Titular de Prehistoria&nbsp;del Departamento de Historia de la Universidad de Oviedo.&nbsp; L\u00edneas de Investigaci\u00f3n: Paleoambiente, econom\u00eda, sociedad, cronolog\u00eda, tecnolog\u00eda y tipolog\u00eda de la industria l\u00edtica y \u00f3sea del Paleol\u00edtico Medio (Neandertales) y Paleol\u00edtico Superior (Humanos Anat\u00f3micamente Modernos), Arte rupestre y mobiliar paleol\u00edtico. Historiograf\u00eda de la Arqueolog\u00eda en Espa\u00f1a en el primer tercio del siglo XX.&nbsp;<\/p>\n\n\n\n<hr class=\"wp-block-separator is-style-wide\"\/>\n\n\n\n<p class=\"has-text-align-center\" style=\"font-size:15px\">Perfil de Academia.edu: <a href=\" https:\/\/www.academia.edu\/search?utf8=%E2%9C%93&amp;q=marco+de+la+rasilla\"> https:\/\/www.academia.edu\/search?utf8=%E2%9C%93&amp;q=marco+de+la+rasilla<\/a><\/p>\n\n\n\n<p class=\"has-text-align-center\" style=\"font-size:15px\">Perfil de Researchgate: <a href=\"https:\/\/www.researchgate.net\/profile\/Marco_Rasilla \">https:\/\/www.researchgate.net\/profile\/Marco_Rasilla <\/a><\/p>\n","protected":false},"excerpt":{"rendered":"<p>(Departamento de Historia. \u00c1rea de Prehistoria) Profesor Titular de Prehistoria&nbsp;del Departamento de Historia de la Universidad de Oviedo.&nbsp; L\u00edneas de Investigaci\u00f3n: Paleoambiente, econom\u00eda, sociedad, cronolog\u00eda, tecnolog\u00eda y tipolog\u00eda de la industria l\u00edtica y \u00f3sea del Paleol\u00edtico Medio (Neandertales) y Paleol\u00edtico Superior (Humanos Anat\u00f3micamente Modernos), Arte rupestre y mobiliar paleol\u00edtico. Historiograf\u00eda de la Arqueolog\u00eda en Espa\u00f1a [&hellip;]<\/p>\n","protected":false},"author":1,"featured_media":0,"parent":0,"menu_order":0,"comment_status":"closed","ping_status":"closed","template":"","meta":{"footnotes":""},"class_list":["post-214","page","type-page","status-publish","hentry","entry"],"_links":{"self":[{"href":"https:\/\/www.unioviedo.es\/epidemia\/index.php\/wp-json\/wp\/v2\/pages\/214","targetHints":{"allow":["GET"]}}],"collection":[{"href":"https:\/\/www.unioviedo.es\/epidemia\/index.php\/wp-json\/wp\/v2\/pages"}],"about":[{"href":"https:\/\/www.unioviedo.es\/epidemia\/index.php\/wp-json\/wp\/v2\/types\/page"}],"author":[{"embeddable":true,"href":"https:\/\/www.unioviedo.es\/epidemia\/index.php\/wp-json\/wp\/v2\/users\/1"}],"replies":[{"embeddable":true,"href":"https:\/\/www.unioviedo.es\/epidemia\/index.php\/wp-json\/wp\/v2\/comments?post=214"}],"version-history":[{"count":2,"href":"https:\/\/www.unioviedo.es\/epidemia\/index.php\/wp-json\/wp\/v2\/pages\/214\/revisions"}],"predecessor-version":[{"id":367,"href":"https:\/\/www.unioviedo.es\/epidemia\/index.php\/wp-json\/wp\/v2\/pages\/214\/revisions\/367"}],"wp:attachment":[{"href":"https:\/\/www.unioviedo.es\/epidemia\/index.php\/wp-json\/wp\/v2\/media?parent=214"}],"curies":[{"name":"wp","href":"https:\/\/api.w.org\/{rel}","templated":true}]}}