{"id":218,"date":"2020-12-07T20:49:01","date_gmt":"2020-12-07T19:49:01","guid":{"rendered":"https:\/\/www.unioviedo.es\/epidemia\/?page_id=218"},"modified":"2020-12-17T12:55:44","modified_gmt":"2020-12-17T11:55:44","slug":"maria-alvarez-fernandez","status":"publish","type":"page","link":"https:\/\/www.unioviedo.es\/epidemia\/index.php\/maria-alvarez-fernandez\/","title":{"rendered":"Mar\u00eda \u00c1lvarez Fern\u00e1ndez"},"content":{"rendered":"\n<p style=\"font-size:20px\">(Departamento de Historia. \u00c1rea de Historia Medieval)<\/p>\n\n\n\n<div class=\"wp-block-image\"><figure class=\"aligncenter size-large\"><img loading=\"lazy\" decoding=\"async\" width=\"256\" height=\"256\" src=\"https:\/\/www.unioviedo.es\/epidemia\/wp-content\/uploads\/2020\/12\/Maria.png\" alt=\"\" class=\"wp-image-219\" srcset=\"https:\/\/www.unioviedo.es\/epidemia\/wp-content\/uploads\/2020\/12\/Maria.png 256w, https:\/\/www.unioviedo.es\/epidemia\/wp-content\/uploads\/2020\/12\/Maria-150x150.png 150w\" sizes=\"auto, (max-width: 256px) 100vw, 256px\" \/><\/figure><\/div>\n\n\n\n<p class=\"has-drop-cap\" style=\"font-size:15px\">Mar\u00eda \u00c1lvarez Fern\u00e1ndez es profesora titular de Historia Medieval en el Departamento de Historia de la Universidad de Oviedo desde 2019 y doctora&nbsp;por esta misma Universidad con&nbsp;Menci\u00f3n Internacional&nbsp;desde 2006. Desarroll\u00f3 en la&nbsp;Universit\u00e0 degli Studi di Siena&nbsp;su&nbsp;formaci\u00f3n postdoctoral&nbsp;gracias a un contrato docente e investigador FICYT en el marco de la&nbsp;Scuola di Dottorato Riccardo Francovich. Storia e Archeologia del Medioevo (2007-2009) que le ha permitido desarrollar un fruct\u00edfero intercambio de colaboraciones interuniversitarias con varias universidades italianas, como Siena,&nbsp;Florencia, Pisa o Piemonte Oriental.<\/p>\n\n\n\n<p style=\"font-size:15px\">Ha participado como investigadora colaboradora en&nbsp;seis proyectos de investigaci\u00f3n obtenidos en convocatorias p\u00fablicas competitivas, nacionales y auton\u00f3micas y sus m\u00e1s de cincuenta publicaciones son resultado de dichas colaboraciones.&nbsp;<\/p>\n\n\n\n<p style=\"font-size:15px\">Sus l\u00edneas de investigaci\u00f3n&nbsp;abarcan el complejo \u00e1mbito de las sociedades urbanas medievales desde m\u00faltiples perspectivas: el urbanismo y la&nbsp;morfolog\u00eda de los espacios urbanos, la obra p\u00fablica y el patrimonio inmobiliario, las pol\u00edticas concejiles, las haciendas locales y la fiscalidad municipal, las identidades&nbsp;c\u00edvicas y las corporaciones profesionales y las cofrad\u00edas religiosas, \u00f3pticas siempre circunscritas a los siglos finales de la Edad Media. En la actualidad, ha abierto una nueva l\u00ednea de investigaci\u00f3n relacionada con las villas portuarias y comerciales del noroeste peninsular gracias a su participaci\u00f3n en el proyecto de investigaci\u00f3n \u201cPol\u00edtica, instituciones y gobernanza de las villas y ciudades portuarias de la Europa atl\u00e1ntica en la Baja Edad Media\u201d coordinado desde la Universidad de Cantabria y de car\u00e1cter internacional: <a href=\"https:\/\/atlanticports.unican.es\">https:\/\/atlanticports.unican.es<\/a><\/p>\n\n\n\n<hr class=\"wp-block-separator is-style-wide\"\/>\n\n\n\n<p class=\"has-text-align-center\" style=\"font-size:15px\">P\u00e1gina de Academia.edu: <a href=\"https:\/\/uniovi.academia.edu\/Mar%C3%ADa%C3%81lvarezFern%C3%A1ndez\">https:\/\/uniovi.academia.edu\/Mar%C3%ADa%C3%81lvarezFern%C3%A1ndez<\/a><\/p>\n\n\n\n<p class=\"has-text-align-center\" style=\"font-size:15px\">P\u00e1gina de Researchgate: <a href=\"https:\/\/www.researchgate.net\/profile\/Maria_Alvarez_Fernandez?ev=hdr_xprf\">https:\/\/www.researchgate.net\/profile\/Maria_Alvarez_Fernandez?ev=hdr_xprf<\/a><\/p>\n","protected":false},"excerpt":{"rendered":"<p>(Departamento de Historia. \u00c1rea de Historia Medieval) Mar\u00eda \u00c1lvarez Fern\u00e1ndez es profesora titular de Historia Medieval en el Departamento de Historia de la Universidad de Oviedo desde 2019 y doctora&nbsp;por esta misma Universidad con&nbsp;Menci\u00f3n Internacional&nbsp;desde 2006. Desarroll\u00f3 en la&nbsp;Universit\u00e0 degli Studi di Siena&nbsp;su&nbsp;formaci\u00f3n postdoctoral&nbsp;gracias a un contrato docente e investigador FICYT en el marco de [&hellip;]<\/p>\n","protected":false},"author":1,"featured_media":0,"parent":0,"menu_order":0,"comment_status":"closed","ping_status":"closed","template":"","meta":{"footnotes":""},"class_list":["post-218","page","type-page","status-publish","hentry","entry"],"_links":{"self":[{"href":"https:\/\/www.unioviedo.es\/epidemia\/index.php\/wp-json\/wp\/v2\/pages\/218","targetHints":{"allow":["GET"]}}],"collection":[{"href":"https:\/\/www.unioviedo.es\/epidemia\/index.php\/wp-json\/wp\/v2\/pages"}],"about":[{"href":"https:\/\/www.unioviedo.es\/epidemia\/index.php\/wp-json\/wp\/v2\/types\/page"}],"author":[{"embeddable":true,"href":"https:\/\/www.unioviedo.es\/epidemia\/index.php\/wp-json\/wp\/v2\/users\/1"}],"replies":[{"embeddable":true,"href":"https:\/\/www.unioviedo.es\/epidemia\/index.php\/wp-json\/wp\/v2\/comments?post=218"}],"version-history":[{"count":2,"href":"https:\/\/www.unioviedo.es\/epidemia\/index.php\/wp-json\/wp\/v2\/pages\/218\/revisions"}],"predecessor-version":[{"id":368,"href":"https:\/\/www.unioviedo.es\/epidemia\/index.php\/wp-json\/wp\/v2\/pages\/218\/revisions\/368"}],"wp:attachment":[{"href":"https:\/\/www.unioviedo.es\/epidemia\/index.php\/wp-json\/wp\/v2\/media?parent=218"}],"curies":[{"name":"wp","href":"https:\/\/api.w.org\/{rel}","templated":true}]}}