{"id":221,"date":"2020-12-07T20:52:29","date_gmt":"2020-12-07T19:52:29","guid":{"rendered":"https:\/\/www.unioviedo.es\/epidemia\/?page_id=221"},"modified":"2020-12-17T12:56:13","modified_gmt":"2020-12-17T11:56:13","slug":"marta-gonzalez-herrero","status":"publish","type":"page","link":"https:\/\/www.unioviedo.es\/epidemia\/index.php\/marta-gonzalez-herrero\/","title":{"rendered":"Marta Gonz\u00e1lez Herrero"},"content":{"rendered":"\n<p style=\"font-size:20px\">(Departamento de Historia. \u00c1rea de Historia Antigua)<\/p>\n\n\n\n<div class=\"wp-block-image\"><figure class=\"aligncenter size-large is-resized\"><img loading=\"lazy\" decoding=\"async\" src=\"https:\/\/www.unioviedo.es\/epidemia\/wp-content\/uploads\/2020\/12\/Marta.jpg\" alt=\"\" class=\"wp-image-222\" width=\"272\" height=\"272\" srcset=\"https:\/\/www.unioviedo.es\/epidemia\/wp-content\/uploads\/2020\/12\/Marta.jpg 200w, https:\/\/www.unioviedo.es\/epidemia\/wp-content\/uploads\/2020\/12\/Marta-150x150.jpg 150w\" sizes=\"auto, (max-width: 272px) 100vw, 272px\" \/><\/figure><\/div>\n\n\n\n<p class=\"has-drop-cap\" style=\"font-size:15px\">Desarrolla su labor docente e investigadora como profesora titular de Historia Antigua en la Universidad de Oviedo y es miembro de ARQUEOS, grupo de investigaci\u00f3n acreditado por esta instituci\u00f3n que trabaja sobre arqueolog\u00eda antigua y Medieval Ha completado su formaci\u00f3n como epigrafista en el Instituto de Arqueolog\u00eda de la Universidad de Coimbra, la Universidad Burdeos III y la Universidad de Oxford. Desarrolla l\u00edneas de investigaci\u00f3n centradas en la Roma antigua y tem\u00e1tica diversa (promoci\u00f3n social, culto imperial, procesos migratorios, marginaci\u00f3n de las mujeres en la sociedad), en las que otorga atenci\u00f3n preferente a las fuentes epigr\u00e1ficas. En la actualidad participa en un proyecto de investigaci\u00f3n I+D que analiza las formas de marginaci\u00f3n y visibilidad de las mujeres en el mundo antiguo, dirigido por la profesora Pilar Pav\u00f3n Torrej\u00f3n (Universidad de Sevilla) y en el impulsado por la Universidad Complutense de Madrid (Departamento de Filolog\u00eda Latina) y la Universidad Polit\u00e9cnica de Madrid, sobre informatizaci\u00f3n y tratamiento digital de la epigraf\u00eda latina y las fuentes textuales desde el campo de la ingenier\u00eda inversa.<\/p>\n\n\n\n<hr class=\"wp-block-separator is-style-wide\"\/>\n\n\n\n<p class=\"has-text-align-center\" style=\"font-size:15px\">P\u00e1gina de Academia.edu: <a href=\"http:\/\/uniovi.academia.edu\/MARTAGONZ%C3%81LEZHERRERO\">http:\/\/uniovi.academia.edu\/MARTAGONZ%C3%81LEZHERRERO<\/a><\/p>\n\n\n\n<p class=\"has-text-align-center\" style=\"font-size:15px\">P\u00e1gina de Researchgate: <a href=\"http:\/\/www.researchgate.net\/profile\/Marta_Gonzalez_Herrero\/citations?sorting=recent&amp;page=1\">http:\/\/www.researchgate.net\/profile\/Marta_Gonzalez_Herrero\/citations?sorting=recent&amp;page=1<\/a><\/p>\n\n\n\n<p class=\"has-text-align-center\" style=\"font-size:15px\">P\u00e1gina del Grupo Arqueos: <a href=\"https:\/\/arqueos.grupos.uniovi.es\/\">https:\/\/arqueos.grupos.uniovi.es\/<\/a><\/p>\n","protected":false},"excerpt":{"rendered":"<p>(Departamento de Historia. \u00c1rea de Historia Antigua) Desarrolla su labor docente e investigadora como profesora titular de Historia Antigua en la Universidad de Oviedo y es miembro de ARQUEOS, grupo de investigaci\u00f3n acreditado por esta instituci\u00f3n que trabaja sobre arqueolog\u00eda antigua y Medieval Ha completado su formaci\u00f3n como epigrafista en el Instituto de Arqueolog\u00eda de [&hellip;]<\/p>\n","protected":false},"author":1,"featured_media":0,"parent":0,"menu_order":0,"comment_status":"closed","ping_status":"closed","template":"","meta":{"footnotes":""},"class_list":["post-221","page","type-page","status-publish","hentry","entry"],"_links":{"self":[{"href":"https:\/\/www.unioviedo.es\/epidemia\/index.php\/wp-json\/wp\/v2\/pages\/221","targetHints":{"allow":["GET"]}}],"collection":[{"href":"https:\/\/www.unioviedo.es\/epidemia\/index.php\/wp-json\/wp\/v2\/pages"}],"about":[{"href":"https:\/\/www.unioviedo.es\/epidemia\/index.php\/wp-json\/wp\/v2\/types\/page"}],"author":[{"embeddable":true,"href":"https:\/\/www.unioviedo.es\/epidemia\/index.php\/wp-json\/wp\/v2\/users\/1"}],"replies":[{"embeddable":true,"href":"https:\/\/www.unioviedo.es\/epidemia\/index.php\/wp-json\/wp\/v2\/comments?post=221"}],"version-history":[{"count":2,"href":"https:\/\/www.unioviedo.es\/epidemia\/index.php\/wp-json\/wp\/v2\/pages\/221\/revisions"}],"predecessor-version":[{"id":369,"href":"https:\/\/www.unioviedo.es\/epidemia\/index.php\/wp-json\/wp\/v2\/pages\/221\/revisions\/369"}],"wp:attachment":[{"href":"https:\/\/www.unioviedo.es\/epidemia\/index.php\/wp-json\/wp\/v2\/media?parent=221"}],"curies":[{"name":"wp","href":"https:\/\/api.w.org\/{rel}","templated":true}]}}