{"id":385,"date":"2022-02-03T13:31:18","date_gmt":"2022-02-03T12:31:18","guid":{"rendered":"https:\/\/www.unioviedo.es\/epidemia\/?page_id=385"},"modified":"2022-02-03T14:11:25","modified_gmt":"2022-02-03T13:11:25","slug":"charlas-y-conferencias","status":"publish","type":"page","link":"https:\/\/www.unioviedo.es\/epidemia\/index.php\/charlas-y-conferencias\/","title":{"rendered":"Charlas y conferencias"},"content":{"rendered":"\n<div class=\"wp-block-group\"><div class=\"wp-block-group__inner-container is-layout-flow wp-block-group-is-layout-flow\">\n<p style=\"text-align: justify;\">Varios miembros del grupo epidemia participar\u00e1n en el ciclo de conferencias organizado por el Real Instituto de Estudios Asturianos: <em>Asturias en tiempos de epidemias<\/em>, coordinado por Venancio Mart\u00ednez Su\u00e1rez miembro de n\u00famero de esta instituci\u00f3n. El ciclo constar\u00e1 de cuatro conferencias que se desarroll\u00e1ran durante los jueves del mes de febrero de 2022 a la misma hora, y en la misma sede (Sal\u00f3n de actos del RIDEA; plaza de Porlier n\u00ba9, 1\u00ba, Oviedo). La entrada es libre hasta completar el aforo. Adjuntamos a continuaci\u00f3n el cartel del ciclo donde se detallan los t\u00edtulos de cada una de las charlas, as\u00ed como los ponentes que participan. <\/p>\n<\/div><\/div>\n\n\n\n<figure class=\"wp-block-gallery columns-1 is-cropped wp-block-gallery-1 is-layout-flex wp-block-gallery-is-layout-flex\"><ul class=\"blocks-gallery-grid\"><li class=\"blocks-gallery-item\"><figure><img loading=\"lazy\" decoding=\"async\" width=\"621\" height=\"878\" src=\"https:\/\/www.unioviedo.es\/epidemia\/wp-content\/uploads\/2022\/02\/Asturias-en-tiempos-de-epidemias.jpg\" alt=\"\" data-id=\"386\" data-full-url=\"https:\/\/www.unioviedo.es\/epidemia\/wp-content\/uploads\/2022\/02\/Asturias-en-tiempos-de-epidemias.jpg\" data-link=\"https:\/\/www.unioviedo.es\/epidemia\/?attachment_id=386\" class=\"wp-image-386\" srcset=\"https:\/\/www.unioviedo.es\/epidemia\/wp-content\/uploads\/2022\/02\/Asturias-en-tiempos-de-epidemias.jpg 621w, https:\/\/www.unioviedo.es\/epidemia\/wp-content\/uploads\/2022\/02\/Asturias-en-tiempos-de-epidemias-212x300.jpg 212w\" sizes=\"auto, (max-width: 621px) 100vw, 621px\" \/><\/figure><\/li><\/ul><\/figure>\n","protected":false},"excerpt":{"rendered":"<p>Varios miembros del grupo epidemia participar\u00e1n en el ciclo de conferencias organizado por el Real Instituto de Estudios Asturianos: Asturias en tiempos de epidemias, coordinado por Venancio Mart\u00ednez Su\u00e1rez miembro de n\u00famero de esta instituci\u00f3n. El ciclo constar\u00e1 de cuatro conferencias que se desarroll\u00e1ran durante los jueves del mes de febrero de 2022 a la [&hellip;]<\/p>\n","protected":false},"author":1,"featured_media":0,"parent":0,"menu_order":0,"comment_status":"closed","ping_status":"closed","template":"","meta":{"footnotes":""},"class_list":["post-385","page","type-page","status-publish","hentry","entry"],"_links":{"self":[{"href":"https:\/\/www.unioviedo.es\/epidemia\/index.php\/wp-json\/wp\/v2\/pages\/385","targetHints":{"allow":["GET"]}}],"collection":[{"href":"https:\/\/www.unioviedo.es\/epidemia\/index.php\/wp-json\/wp\/v2\/pages"}],"about":[{"href":"https:\/\/www.unioviedo.es\/epidemia\/index.php\/wp-json\/wp\/v2\/types\/page"}],"author":[{"embeddable":true,"href":"https:\/\/www.unioviedo.es\/epidemia\/index.php\/wp-json\/wp\/v2\/users\/1"}],"replies":[{"embeddable":true,"href":"https:\/\/www.unioviedo.es\/epidemia\/index.php\/wp-json\/wp\/v2\/comments?post=385"}],"version-history":[{"count":3,"href":"https:\/\/www.unioviedo.es\/epidemia\/index.php\/wp-json\/wp\/v2\/pages\/385\/revisions"}],"predecessor-version":[{"id":396,"href":"https:\/\/www.unioviedo.es\/epidemia\/index.php\/wp-json\/wp\/v2\/pages\/385\/revisions\/396"}],"wp:attachment":[{"href":"https:\/\/www.unioviedo.es\/epidemia\/index.php\/wp-json\/wp\/v2\/media?parent=385"}],"curies":[{"name":"wp","href":"https:\/\/api.w.org\/{rel}","templated":true}]}}