{"id":4,"date":"2017-01-27T18:01:56","date_gmt":"2017-01-27T18:01:56","guid":{"rendered":"https:\/\/www.unioviedo.es\/epidemia\/?page_id=4"},"modified":"2020-12-17T11:09:03","modified_gmt":"2020-12-17T10:09:03","slug":"inicio","status":"publish","type":"page","link":"https:\/\/www.unioviedo.es\/epidemia\/","title":{"rendered":"Inicio"},"content":{"rendered":"\n<div class=\"wp-block-image\"><figure class=\"aligncenter size-large is-resized\"><img loading=\"lazy\" decoding=\"async\" src=\"https:\/\/www.unioviedo.es\/epidemia\/wp-content\/uploads\/2020\/12\/Logo-Epidemia_v-2.conuniovi-1-1024x698.png\" alt=\"\" class=\"wp-image-307\" width=\"464\" height=\"317\" srcset=\"https:\/\/www.unioviedo.es\/epidemia\/wp-content\/uploads\/2020\/12\/Logo-Epidemia_v-2.conuniovi-1-1024x698.png 1024w, https:\/\/www.unioviedo.es\/epidemia\/wp-content\/uploads\/2020\/12\/Logo-Epidemia_v-2.conuniovi-1-300x205.png 300w, https:\/\/www.unioviedo.es\/epidemia\/wp-content\/uploads\/2020\/12\/Logo-Epidemia_v-2.conuniovi-1-768x524.png 768w, https:\/\/www.unioviedo.es\/epidemia\/wp-content\/uploads\/2020\/12\/Logo-Epidemia_v-2.conuniovi-1-1536x1048.png 1536w, https:\/\/www.unioviedo.es\/epidemia\/wp-content\/uploads\/2020\/12\/Logo-Epidemia_v-2.conuniovi-1-1568x1069.png 1568w, https:\/\/www.unioviedo.es\/epidemia\/wp-content\/uploads\/2020\/12\/Logo-Epidemia_v-2.conuniovi-1.png 2044w\" sizes=\"auto, (max-width: 464px) 100vw, 464px\" \/><\/figure><\/div>\n\n\n<h5>\u00a0<\/h5>\n<p style=\"text-align: justify;\">En los \u00faltimos meses la pandemia producida por el coronavirus SARS-CoV-2 ha llevado al confinamiento de la poblaci\u00f3n, a la par que la sociedad en general\u00a0 y el sistema sanitario en particular se enfrentaban a un excepcional grado de tensi\u00f3n.\u00a0\u00a0Ante esta situaci\u00f3n de incertidumbre las dudas y los interrogantes son recurrentes: \u00bfc\u00f3mo est\u00e1n respondiendo los Estados y las sociedades frente a la pandemia? \u00bfQu\u00e9 consecuencias traer\u00e1 a corto, medio o largo plazo?<\/p>\n<p style=\"text-align: justify;\">La actualidad demuestra que se est\u00e1n poniendo en pr\u00e1ctica diferentes maneras de afrontar\u00a0esta\u00a0epidemia global, y que\u00a0por lo tanto\u00a0habr\u00e1\u00a0diversas formas de encauzar la progresiva salida de la misma.\u00a0\u00a0En este sentido, el an\u00e1lisis hist\u00f3rico\u00a0puede y debe\u00a0servir\u00a0como marco de referencia\u00a0en el\u00a0futuro\u00a0camino a recorrer, tratando\u00a0de no repetir errores del pasado, y\u00a0de orientar la superaci\u00f3n de\u00a0esta crisis de la mejor manera posible.\u00a0Desde esta perspectiva el conocimiento hist\u00f3rico cient\u00edfico se constituye en una herramienta anal\u00edtica que permite conocer c\u00f3mo se desarrollaron, c\u00f3mo se afrontaron y c\u00f3mo se superaron otros episodios epid\u00e9micos precedentes, identificando los comportamientos practicados en anteriores crisis humanitarias, sanitarias y socioecon\u00f3micas.<\/p>\n<p style=\"text-align: justify;\">En suma, el prop\u00f3sito fundamental que ha motivado la consecuci\u00f3n de este equipo de trabajo, formado por 16 profesoras y profesores de los Departamentos de Historia y Medicina de la Universidad de Oviedo, es el estudio de las sucesivas epidemias que han afectado a la Humanidad a lo largo de los siglos, y, particularmente, el an\u00e1lisis de c\u00f3mo reaccionaron las diferentes sociedades ante aquellos episodios epid\u00e9micos, tratando de aprender en definitiva de las lecciones de la Historia.<\/p>","protected":false},"excerpt":{"rendered":"<p>\u00a0 En los \u00faltimos meses la pandemia producida por el coronavirus SARS-CoV-2 ha llevado al confinamiento de la poblaci\u00f3n, a la par que la sociedad en general\u00a0 y el sistema sanitario en particular se enfrentaban a un excepcional grado de tensi\u00f3n.\u00a0\u00a0Ante esta situaci\u00f3n de incertidumbre las dudas y los interrogantes son recurrentes: \u00bfc\u00f3mo est\u00e1n respondiendo [&hellip;]<\/p>\n","protected":false},"author":1,"featured_media":291,"parent":0,"menu_order":0,"comment_status":"closed","ping_status":"closed","template":"","meta":{"footnotes":""},"class_list":["post-4","page","type-page","status-publish","has-post-thumbnail","hentry","entry"],"_links":{"self":[{"href":"https:\/\/www.unioviedo.es\/epidemia\/index.php\/wp-json\/wp\/v2\/pages\/4","targetHints":{"allow":["GET"]}}],"collection":[{"href":"https:\/\/www.unioviedo.es\/epidemia\/index.php\/wp-json\/wp\/v2\/pages"}],"about":[{"href":"https:\/\/www.unioviedo.es\/epidemia\/index.php\/wp-json\/wp\/v2\/types\/page"}],"author":[{"embeddable":true,"href":"https:\/\/www.unioviedo.es\/epidemia\/index.php\/wp-json\/wp\/v2\/users\/1"}],"replies":[{"embeddable":true,"href":"https:\/\/www.unioviedo.es\/epidemia\/index.php\/wp-json\/wp\/v2\/comments?post=4"}],"version-history":[{"count":9,"href":"https:\/\/www.unioviedo.es\/epidemia\/index.php\/wp-json\/wp\/v2\/pages\/4\/revisions"}],"predecessor-version":[{"id":314,"href":"https:\/\/www.unioviedo.es\/epidemia\/index.php\/wp-json\/wp\/v2\/pages\/4\/revisions\/314"}],"wp:featuredmedia":[{"embeddable":true,"href":"https:\/\/www.unioviedo.es\/epidemia\/index.php\/wp-json\/wp\/v2\/media\/291"}],"wp:attachment":[{"href":"https:\/\/www.unioviedo.es\/epidemia\/index.php\/wp-json\/wp\/v2\/media?parent=4"}],"curies":[{"name":"wp","href":"https:\/\/api.w.org\/{rel}","templated":true}]}}